{"id":8558,"date":"2025-05-20T17:41:54","date_gmt":"2025-05-20T15:41:54","guid":{"rendered":"https:\/\/www.orthorehab.ch\/?post_type=product&#038;p=8558"},"modified":"2026-01-22T14:25:13","modified_gmt":"2026-01-22T13:25:13","slug":"booster-location","status":"publish","type":"product","link":"https:\/\/www.orthorehab.ch\/de\/product\/booster-location\/","title":{"rendered":"Miete Kompressive Kryotherapie"},"content":{"rendered":"<p><strong>Hochleistungs-Kryotherapie durch Thermoregulation<\/strong><\/p>\n<p data-start=\"218\" data-end=\"286\">Beschleunigte Genesung. Schmerzlinderung. Optimierte Leistungsf\u00e4higkeit.<\/p>\n<p data-start=\"218\" data-end=\"286\">Unser Ger\u00e4t kombiniert die <strong data-start=\"393\" data-end=\"416\">Therapeutische K\u00e4lte<\/strong> zu einem <strong data-start=\"423\" data-end=\"448\">dynamische Kompression<\/strong> um eine schnelle Muskelregeneration zu gew\u00e4hrleisten, Schmerzen effektiv zu lindern und Entz\u00fcndungen nach Operationen, bei Traumata oder nach k\u00f6rperlicher Anstrengung zu reduzieren.<\/p>\n<p data-start=\"597\" data-end=\"1091\">\ud83d\udca7 <strong data-start=\"600\" data-end=\"628\">Doppelte Synergiewirkung<\/strong> Die Kryotherapie senkt die Gewebetemperatur tief im Gewebe, w\u00e4hrend die Kompression die Durchblutung verbessert und Giftstoffe abtransportiert. Sie lindert Schmerzen und Beschwerden, reduziert Blutungen und Bluterg\u00fcsse und behandelt \u00d6deme und Schwellungen.<\/p>\n<p data-start=\"597\" data-end=\"1091\">\u2699\ufe0f <strong data-start=\"773\" data-end=\"794\">Einfach zu bedienen<\/strong>, tragbar, mit anpassbaren Programmen, die den Bed\u00fcrfnissen jedes Benutzers gerecht werden.<\/p>\n<p data-start=\"597\" data-end=\"1091\">\ud83c\udf3f <strong data-start=\"1013\" data-end=\"1045\" data-is-only-node=\"\">Nat\u00fcrlich und nicht-medizinisch<\/strong>, f\u00fcr eine ges\u00fcndere und nachhaltigere Genesung.<\/p>\n<p>Nach Ablauf der Mietdauer bitten wir Sie, das Ger\u00e4t innerhalb von 72 Stunden mithilfe des beigef\u00fcgten frankierten R\u00fccksendeetiketts an uns zur\u00fcckzusenden.<\/p>\n<p>Wir informieren Sie dar\u00fcber, dass nach Ablauf der Frist von 72 Stunden eine zus\u00e4tzliche Mietwoche vollst\u00e4ndig in Rechnung gestellt wird.<\/p>\n<p>Vous avez la possibilit\u00e9 de prolonger la location en rachetant des semaines. Merci de nous contacter au 021 731 72 20 pour ne pas payer les frais de livraison lors de prolongation.<\/p>\n<p>&nbsp;<\/p>\n<p>Livr\u00e9 avec 8 cold pack (4 cold pack par s\u00e9ance)<\/p>","protected":false},"excerpt":{"rendered":"<div>\n<div><b style=\"font-style: inherit;\">Miete von 1 Ger\u00e4t + 1 Kompressionsbandage Ihrer Wahl, Handgelenk, Ellbogen, Knie oder Kn\u00f6chel. <\/b><\/div>\n<div><b style=\"font-style: inherit;\">(W\u00e4hlen Sie Ihre Auswahl unter Produkte aus)<\/b><\/div>\n<\/div>\n<div><\/div>\n<div><\/div>\n<h5><b>W\u00e4hlen Sie die gew\u00fcnschte Menge = Anzahl der Mietwochen. <\/b><\/h5>\n<h5><b>2 Wochen = Menge 2\u00a0 \u00a0 \u00a0 <\/b><b>(CHF 90.-\/Woche)<\/b><\/h5>\n<div><\/div>\n<div><\/div>\n<div><b>Empfohlene Mindestmietdauer: 2 Wochen.\u00a0<\/b><\/div>\n<div><strong>Lieferung per Post, Lieferzeit 2 bis 3 Werktage.<\/strong><\/div>\n<div><\/div>\n<div><\/div>","protected":false},"featured_media":8779,"template":"","meta":{"site-sidebar-layout":"default","site-content-layout":"","ast-site-content-layout":"default","site-content-style":"default","site-sidebar-style":"default","ast-global-header-display":"","ast-banner-title-visibility":"","ast-main-header-display":"","ast-hfb-above-header-display":"","ast-hfb-below-header-display":"","ast-hfb-mobile-header-display":"","site-post-title":"","ast-breadcrumbs-content":"","ast-featured-img":"","footer-sml-layout":"","ast-disable-related-posts":"","theme-transparent-header-meta":"default","adv-header-id-meta":"","stick-header-meta":"","header-above-stick-meta":"","header-main-stick-meta":"","header-below-stick-meta":"","astra-migrate-meta-layouts":"set","ast-page-background-enabled":"default","ast-page-background-meta":{"desktop":{"background-color":"var(--ast-global-color-5)","background-image":"","background-repeat":"repeat","background-position":"center center","background-size":"auto","background-attachment":"scroll","background-type":"","background-media":"","overlay-type":"","overlay-color":"","overlay-opacity":"","overlay-gradient":""},"tablet":{"background-color":"","background-image":"","background-repeat":"repeat","background-position":"center center","background-size":"auto","background-attachment":"scroll","background-type":"","background-media":"","overlay-type":"","overlay-color":"","overlay-opacity":"","overlay-gradient":""},"mobile":{"background-color":"","background-image":"","background-repeat":"repeat","background-position":"center center","background-size":"auto","background-attachment":"scroll","background-type":"","background-media":"","overlay-type":"","overlay-color":"","overlay-opacity":"","overlay-gradient":""}},"ast-content-background-meta":{"desktop":{"background-color":"var(--ast-global-color-4)","background-image":"","background-repeat":"repeat","background-position":"center center","background-size":"auto","background-attachment":"scroll","background-type":"","background-media":"","overlay-type":"","overlay-color":"","overlay-opacity":"","overlay-gradient":""},"tablet":{"background-color":"var(--ast-global-color-4)","background-image":"","background-repeat":"repeat","background-position":"center center","background-size":"auto","background-attachment":"scroll","background-type":"","background-media":"","overlay-type":"","overlay-color":"","overlay-opacity":"","overlay-gradient":""},"mobile":{"background-color":"var(--ast-global-color-4)","background-image":"","background-repeat":"repeat","background-position":"center center","background-size":"auto","background-attachment":"scroll","background-type":"","background-media":"","overlay-type":"","overlay-color":"","overlay-opacity":"","overlay-gradient":""}}},"product_brand":[],"product_cat":[184],"product_tag":[],"class_list":{"0":"post-8558","1":"product","2":"type-product","3":"status-publish","4":"has-post-thumbnail","6":"product_cat-cryotherapie","7":"product_shipping_class-location","8":"desktop-align-left","9":"tablet-align-left","10":"mobile-align-left","12":"first","13":"instock","14":"taxable","15":"shipping-taxable","16":"purchasable","17":"product-type-variable"},"_links":{"self":[{"href":"https:\/\/www.orthorehab.ch\/de\/wp-json\/wp\/v2\/product\/8558","targetHints":{"allow":["GET"]}}],"collection":[{"href":"https:\/\/www.orthorehab.ch\/de\/wp-json\/wp\/v2\/product"}],"about":[{"href":"https:\/\/www.orthorehab.ch\/de\/wp-json\/wp\/v2\/types\/product"}],"version-history":[{"count":4,"href":"https:\/\/www.orthorehab.ch\/de\/wp-json\/wp\/v2\/product\/8558\/revisions"}],"predecessor-version":[{"id":8976,"href":"https:\/\/www.orthorehab.ch\/de\/wp-json\/wp\/v2\/product\/8558\/revisions\/8976"}],"wp:featuredmedia":[{"embeddable":true,"href":"https:\/\/www.orthorehab.ch\/de\/wp-json\/wp\/v2\/media\/8779"}],"wp:attachment":[{"href":"https:\/\/www.orthorehab.ch\/de\/wp-json\/wp\/v2\/media?parent=8558"}],"wp:term":[{"taxonomy":"product_brand","embeddable":true,"href":"https:\/\/www.orthorehab.ch\/de\/wp-json\/wp\/v2\/product_brand?post=8558"},{"taxonomy":"product_cat","embeddable":true,"href":"https:\/\/www.orthorehab.ch\/de\/wp-json\/wp\/v2\/product_cat?post=8558"},{"taxonomy":"product_tag","embeddable":true,"href":"https:\/\/www.orthorehab.ch\/de\/wp-json\/wp\/v2\/product_tag?post=8558"}],"curies":[{"name":"wp","href":"https:\/\/api.w.org\/{rel}","templated":true}]}}