{"id":8487,"date":"2025-04-16T16:48:34","date_gmt":"2025-04-16T14:48:34","guid":{"rendered":"https:\/\/www.orthorehab.ch\/?post_type=product&#038;p=8487"},"modified":"2025-08-26T15:39:47","modified_gmt":"2025-08-26T13:39:47","slug":"booster-pro","status":"publish","type":"product","link":"https:\/\/www.orthorehab.ch\/de\/product\/booster-pro\/","title":{"rendered":"Booster Pro"},"content":{"rendered":"<ul>\n<li>Der Booster verf\u00fcgt \u00fcber eine verst\u00e4rkte W\u00e4rmeisolierung, die es ihm erm\u00f6glicht, die K\u00e4lte 6 bis 8 Stunden lang zu halten.<\/li>\n<li>6,5 Liter Fassungsverm\u00f6gen, gro\u00dfer 4,3-Zoll-LED-Bildschirm.<\/li>\n<li>Wassertemperaturanzeige.<\/li>\n<li>Anzeige der Bearbeitungszeit, einstellbar von 15 bis 120 Minuten.<\/li>\n<li>Anzeige des Kompressionsniveaus. 5 hydraulische Kompressionsstufen von 40 bis 200 mmHg.<\/li>\n<li>Extrem leise, ca. 49 dB und nur 3,4 kg.<\/li>\n<li>Sehr geringer Energieverbrauch, nur 15 W.<\/li>\n<\/ul>\n<div>Eine Packung enth\u00e4lt:<\/div>\n<div>\n<ul>\n<li>Ein Booster-Ger\u00e4t<\/li>\n<li>Ein 220-V-Adapter<\/li>\n<li>Ein einfaches Rohr<\/li>\n<li>Ein S\u00e4uberer<\/li>\n<li>Eine Tragetasche<\/li>\n<\/ul>\n<p>Kompressionsbandagen und K\u00fchlpacks m\u00fcssen separat bestellt werden.<\/p>\n<\/div>","protected":false},"excerpt":{"rendered":"<p><strong>Hochleistungs-Kryotherapie durch Thermoregulation<\/strong><\/p>\n<p data-start=\"218\" data-end=\"286\">Beschleunigte Genesung. Schmerzlinderung. Optimierte Leistungsf\u00e4higkeit.<\/p>\n<p data-start=\"288\" data-end=\"595\">Entdecke die Kraft von <strong data-start=\"315\" data-end=\"363\">Kompressionskryotherapie der n\u00e4chsten Generation<\/strong>.<br data-start=\"364\" data-end=\"367\" \/>Unser Ger\u00e4t kombiniert die <strong data-start=\"393\" data-end=\"416\">Therapeutische K\u00e4lte<\/strong> zu einem <strong data-start=\"423\" data-end=\"448\">dynamische Kompression<\/strong> um eine schnelle Muskelregeneration zu gew\u00e4hrleisten, Schmerzen effektiv zu lindern und Entz\u00fcndungen nach Operationen, bei Traumata oder nach k\u00f6rperlicher Anstrengung zu reduzieren.<\/p>\n<p data-start=\"597\" data-end=\"1091\">\ud83d\udca7 <strong data-start=\"600\" data-end=\"628\">Doppelte Synergiewirkung<\/strong> Die Kryotherapie senkt die Temperatur tieferliegender Gewebeschichten, w\u00e4hrend die Kompression die Durchblutung verbessert und Giftstoffe ableitet.<\/p>\n<p data-start=\"597\" data-end=\"1091\">\u2699\ufe0f <strong data-start=\"773\" data-end=\"794\">Einfach zu bedienen<\/strong>, tragbar, mit anpassbaren Programmen, die den Bed\u00fcrfnissen jedes Benutzers gerecht werden.<\/p>\n<p data-start=\"597\" data-end=\"1091\">\ud83c\udf3f <strong data-start=\"1013\" data-end=\"1045\" data-is-only-node=\"\">Nat\u00fcrlich und nicht-medizinisch<\/strong>, f\u00fcr eine ges\u00fcndere und nachhaltigere Genesung.<\/p>\n<p data-start=\"597\" data-end=\"1091\">K\u00fchlpacks und Wickel sind separat erh\u00e4ltlich.<\/p>","protected":false},"featured_media":8779,"template":"","meta":{"site-sidebar-layout":"default","site-content-layout":"","ast-site-content-layout":"default","site-content-style":"default","site-sidebar-style":"default","ast-global-header-display":"","ast-banner-title-visibility":"","ast-main-header-display":"","ast-hfb-above-header-display":"","ast-hfb-below-header-display":"","ast-hfb-mobile-header-display":"","site-post-title":"","ast-breadcrumbs-content":"","ast-featured-img":"","footer-sml-layout":"","ast-disable-related-posts":"","theme-transparent-header-meta":"default","adv-header-id-meta":"","stick-header-meta":"","header-above-stick-meta":"","header-main-stick-meta":"","header-below-stick-meta":"","astra-migrate-meta-layouts":"set","ast-page-background-enabled":"default","ast-page-background-meta":{"desktop":{"background-color":"var(--ast-global-color-5)","background-image":"","background-repeat":"repeat","background-position":"center center","background-size":"auto","background-attachment":"scroll","background-type":"","background-media":"","overlay-type":"","overlay-color":"","overlay-opacity":"","overlay-gradient":""},"tablet":{"background-color":"","background-image":"","background-repeat":"repeat","background-position":"center center","background-size":"auto","background-attachment":"scroll","background-type":"","background-media":"","overlay-type":"","overlay-color":"","overlay-opacity":"","overlay-gradient":""},"mobile":{"background-color":"","background-image":"","background-repeat":"repeat","background-position":"center center","background-size":"auto","background-attachment":"scroll","background-type":"","background-media":"","overlay-type":"","overlay-color":"","overlay-opacity":"","overlay-gradient":""}},"ast-content-background-meta":{"desktop":{"background-color":"var(--ast-global-color-4)","background-image":"","background-repeat":"repeat","background-position":"center center","background-size":"auto","background-attachment":"scroll","background-type":"","background-media":"","overlay-type":"","overlay-color":"","overlay-opacity":"","overlay-gradient":""},"tablet":{"background-color":"var(--ast-global-color-4)","background-image":"","background-repeat":"repeat","background-position":"center center","background-size":"auto","background-attachment":"scroll","background-type":"","background-media":"","overlay-type":"","overlay-color":"","overlay-opacity":"","overlay-gradient":""},"mobile":{"background-color":"var(--ast-global-color-4)","background-image":"","background-repeat":"repeat","background-position":"center center","background-size":"auto","background-attachment":"scroll","background-type":"","background-media":"","overlay-type":"","overlay-color":"","overlay-opacity":"","overlay-gradient":""}}},"product_brand":[],"product_cat":[184],"product_tag":[],"class_list":{"0":"post-8487","1":"product","2":"type-product","3":"status-publish","4":"has-post-thumbnail","6":"product_cat-cryotherapie","7":"desktop-align-left","8":"tablet-align-left","9":"mobile-align-left","11":"first","12":"instock","13":"taxable","14":"shipping-taxable","15":"purchasable","16":"product-type-simple"},"_links":{"self":[{"href":"https:\/\/www.orthorehab.ch\/de\/wp-json\/wp\/v2\/product\/8487","targetHints":{"allow":["GET"]}}],"collection":[{"href":"https:\/\/www.orthorehab.ch\/de\/wp-json\/wp\/v2\/product"}],"about":[{"href":"https:\/\/www.orthorehab.ch\/de\/wp-json\/wp\/v2\/types\/product"}],"version-history":[{"count":0,"href":"https:\/\/www.orthorehab.ch\/de\/wp-json\/wp\/v2\/product\/8487\/revisions"}],"wp:featuredmedia":[{"embeddable":true,"href":"https:\/\/www.orthorehab.ch\/de\/wp-json\/wp\/v2\/media\/8779"}],"wp:attachment":[{"href":"https:\/\/www.orthorehab.ch\/de\/wp-json\/wp\/v2\/media?parent=8487"}],"wp:term":[{"taxonomy":"product_brand","embeddable":true,"href":"https:\/\/www.orthorehab.ch\/de\/wp-json\/wp\/v2\/product_brand?post=8487"},{"taxonomy":"product_cat","embeddable":true,"href":"https:\/\/www.orthorehab.ch\/de\/wp-json\/wp\/v2\/product_cat?post=8487"},{"taxonomy":"product_tag","embeddable":true,"href":"https:\/\/www.orthorehab.ch\/de\/wp-json\/wp\/v2\/product_tag?post=8487"}],"curies":[{"name":"wp","href":"https:\/\/api.w.org\/{rel}","templated":true}]}}