{"id":8426,"date":"2025-03-26T15:59:55","date_gmt":"2025-03-26T14:59:55","guid":{"rendered":"https:\/\/www.orthorehab.ch\/?post_type=product&#038;p=8426"},"modified":"2026-01-13T13:39:20","modified_gmt":"2026-01-13T12:39:20","slug":"donjoy-genuforce-genou","status":"publish","type":"product","link":"https:\/\/www.orthorehab.ch\/de\/product\/donjoy-genuforce-genou\/","title":{"rendered":"DONJOY GenuForce\u00ae Knie"},"content":{"rendered":"<h4>St\u00fctze und Kompression<\/h4>\n<p>Kombination aus St\u00fctze und Kompression in einer einzigen, konturierten Knieorthese.<\/p>\n<p>&nbsp;<\/p>\n<h5>Beschreibung :<\/h5>\n<ul>\n<li style=\"list-style-type: none;\">\n<ul>\n<li style=\"list-style-type: none;\">\n<ul>\n<li>Pr\u00e4vention bei Knie\u00fcberbeweglichkeit.<\/li>\n<li>Unterst\u00fctzung und Kompression nach einer leichten Verletzung der lateralen B\u00e4nder des Knies (LLI\/LLE).<\/li>\n<li>Propriozeption und Verletzungspr\u00e4vention bei sportlichen Aktivit\u00e4ten.<\/li>\n<li>Leichte Kniearthrose<\/li>\n<\/ul>\n<\/li>\n<\/ul>\n<\/li>\n<\/ul>\n<h5>Merkmale :<\/h5>\n<ul>\n<li style=\"list-style-type: none;\">\n<ul>\n<li>Dehnbare Zonen f\u00fcr mehr Komfort und Bewegungsfreiheit.<\/li>\n<li>Graduelle Kompression mit Dekompressionszonen zur Reduzierung des Drucks an den Extremit\u00e4ten und f\u00fcr einen bequemen Sitz<\/li>\n<li>Das Textilgewebe ist atmungsaktiv, elastisch und weich und sorgt so f\u00fcr erh\u00f6hten Tragekomfort.<\/li>\n<li>Die anatomische 3D-Doppelstrickerei gew\u00e4hrleistet eine optimale Anpassung an jede K\u00f6rperform.<\/li>\n<li>Silikon-Patella-Einsatz mit strukturierten Punkten zur Verbesserung der Propriozeption, F\u00f6rderung der Kompressionsunterst\u00fctzung um das Gelenk und Unterst\u00fctzung bei der Massage, Schmerzlinderung und Reduzierung von Schwellungen.<\/li>\n<li>Die Anti-Rutsch-Streifen an den Knieschonern tragen dazu bei, dass das Ger\u00e4t bei Aktivit\u00e4ten an Ort und Stelle bleibt.<\/li>\n<li>Beidseitig flexible Rippen.<\/li>\n<li>Bilaterales Modell.<\/li>\n<li>Erh\u00e4ltlich in 2 Gr\u00f6\u00dfen (7+ und 8+).<\/li>\n<\/ul>\n<\/li>\n<\/ul>","protected":false},"excerpt":{"rendered":"<p>Kombination aus St\u00fctze und Kompression in einer einzigen, konturierten Knieorthese.<\/p>\n<p><strong>LiMA-Position:<\/strong><\/p>\n<p>05.04.12.00.1 \u2013 Anatomisch geformter Knieverband mit Kompressionspolster(n)<\/p>","protected":false},"featured_media":8437,"template":"","meta":{"site-sidebar-layout":"default","site-content-layout":"","ast-site-content-layout":"default","site-content-style":"default","site-sidebar-style":"default","ast-global-header-display":"","ast-banner-title-visibility":"","ast-main-header-display":"","ast-hfb-above-header-display":"","ast-hfb-below-header-display":"","ast-hfb-mobile-header-display":"","site-post-title":"","ast-breadcrumbs-content":"","ast-featured-img":"","footer-sml-layout":"","ast-disable-related-posts":"","theme-transparent-header-meta":"default","adv-header-id-meta":"","stick-header-meta":"","header-above-stick-meta":"","header-main-stick-meta":"","header-below-stick-meta":"","astra-migrate-meta-layouts":"set","ast-page-background-enabled":"default","ast-page-background-meta":{"desktop":{"background-color":"var(--ast-global-color-5)","background-image":"","background-repeat":"repeat","background-position":"center center","background-size":"auto","background-attachment":"scroll","background-type":"","background-media":"","overlay-type":"","overlay-color":"","overlay-opacity":"","overlay-gradient":""},"tablet":{"background-color":"","background-image":"","background-repeat":"repeat","background-position":"center center","background-size":"auto","background-attachment":"scroll","background-type":"","background-media":"","overlay-type":"","overlay-color":"","overlay-opacity":"","overlay-gradient":""},"mobile":{"background-color":"","background-image":"","background-repeat":"repeat","background-position":"center center","background-size":"auto","background-attachment":"scroll","background-type":"","background-media":"","overlay-type":"","overlay-color":"","overlay-opacity":"","overlay-gradient":""}},"ast-content-background-meta":{"desktop":{"background-color":"var(--ast-global-color-4)","background-image":"","background-repeat":"repeat","background-position":"center center","background-size":"auto","background-attachment":"scroll","background-type":"","background-media":"","overlay-type":"","overlay-color":"","overlay-opacity":"","overlay-gradient":""},"tablet":{"background-color":"var(--ast-global-color-4)","background-image":"","background-repeat":"repeat","background-position":"center center","background-size":"auto","background-attachment":"scroll","background-type":"","background-media":"","overlay-type":"","overlay-color":"","overlay-opacity":"","overlay-gradient":""},"mobile":{"background-color":"var(--ast-global-color-4)","background-image":"","background-repeat":"repeat","background-position":"center center","background-size":"auto","background-attachment":"scroll","background-type":"","background-media":"","overlay-type":"","overlay-color":"","overlay-opacity":"","overlay-gradient":""}}},"product_brand":[],"product_cat":[92],"product_tag":[],"class_list":{"0":"post-8426","1":"product","2":"type-product","3":"status-publish","4":"has-post-thumbnail","6":"product_cat-genou","7":"desktop-align-left","8":"tablet-align-left","9":"mobile-align-left","11":"first","12":"instock","13":"taxable","14":"shipping-taxable","15":"purchasable","16":"product-type-variable"},"_links":{"self":[{"href":"https:\/\/www.orthorehab.ch\/de\/wp-json\/wp\/v2\/product\/8426","targetHints":{"allow":["GET"]}}],"collection":[{"href":"https:\/\/www.orthorehab.ch\/de\/wp-json\/wp\/v2\/product"}],"about":[{"href":"https:\/\/www.orthorehab.ch\/de\/wp-json\/wp\/v2\/types\/product"}],"version-history":[{"count":2,"href":"https:\/\/www.orthorehab.ch\/de\/wp-json\/wp\/v2\/product\/8426\/revisions"}],"predecessor-version":[{"id":9000,"href":"https:\/\/www.orthorehab.ch\/de\/wp-json\/wp\/v2\/product\/8426\/revisions\/9000"}],"wp:featuredmedia":[{"embeddable":true,"href":"https:\/\/www.orthorehab.ch\/de\/wp-json\/wp\/v2\/media\/8437"}],"wp:attachment":[{"href":"https:\/\/www.orthorehab.ch\/de\/wp-json\/wp\/v2\/media?parent=8426"}],"wp:term":[{"taxonomy":"product_brand","embeddable":true,"href":"https:\/\/www.orthorehab.ch\/de\/wp-json\/wp\/v2\/product_brand?post=8426"},{"taxonomy":"product_cat","embeddable":true,"href":"https:\/\/www.orthorehab.ch\/de\/wp-json\/wp\/v2\/product_cat?post=8426"},{"taxonomy":"product_tag","embeddable":true,"href":"https:\/\/www.orthorehab.ch\/de\/wp-json\/wp\/v2\/product_tag?post=8426"}],"curies":[{"name":"wp","href":"https:\/\/api.w.org\/{rel}","templated":true}]}}