{"id":8135,"date":"2025-03-20T11:55:04","date_gmt":"2025-03-20T10:55:04","guid":{"rendered":"https:\/\/www.orthorehab.ch\/?post_type=product&#038;p=8135"},"modified":"2026-02-12T21:23:49","modified_gmt":"2026-02-12T20:23:49","slug":"protection-etanche-pour-la-douche-jambe","status":"publish","type":"product","link":"https:\/\/www.orthorehab.ch\/de\/product\/protection-etanche-pour-la-douche-jambe\/","title":{"rendered":"Wasserdichte Duschbeinabdeckung"},"content":{"rendered":"<p>Cette protection imperm\u00e9able et \u00e9tanche prot\u00e8ge vos bandages ou pansements pendant la douche.<\/p>\n<p>Ce dispositif est r\u00e9utilisable, sans latex et de grande qualit\u00e9.<\/p>","protected":false},"excerpt":{"rendered":"<p>Standardgr\u00f6\u00dfe: Oberschenkelumfang &lt; 45 cm \u2013 ideal f\u00fcr einen Schutz bis zu <strong>unten<\/strong> Knie<\/p>\n<p>Gr\u00f6\u00dfe XL: Oberschenkelumfang &lt; 68 cm \u2013 ideal f\u00fcr einen Schutz bis zu <strong>\u00fcber<\/strong> Knie<\/p>","protected":false},"featured_media":8136,"template":"","meta":{"site-sidebar-layout":"default","site-content-layout":"","ast-site-content-layout":"default","site-content-style":"default","site-sidebar-style":"default","ast-global-header-display":"","ast-banner-title-visibility":"","ast-main-header-display":"","ast-hfb-above-header-display":"","ast-hfb-below-header-display":"","ast-hfb-mobile-header-display":"","site-post-title":"","ast-breadcrumbs-content":"","ast-featured-img":"","footer-sml-layout":"","ast-disable-related-posts":"","theme-transparent-header-meta":"default","adv-header-id-meta":"","stick-header-meta":"","header-above-stick-meta":"","header-main-stick-meta":"","header-below-stick-meta":"","astra-migrate-meta-layouts":"set","ast-page-background-enabled":"default","ast-page-background-meta":{"desktop":{"background-color":"var(--ast-global-color-5)","background-image":"","background-repeat":"repeat","background-position":"center center","background-size":"auto","background-attachment":"scroll","background-type":"","background-media":"","overlay-type":"","overlay-color":"","overlay-opacity":"","overlay-gradient":""},"tablet":{"background-color":"","background-image":"","background-repeat":"repeat","background-position":"center center","background-size":"auto","background-attachment":"scroll","background-type":"","background-media":"","overlay-type":"","overlay-color":"","overlay-opacity":"","overlay-gradient":""},"mobile":{"background-color":"","background-image":"","background-repeat":"repeat","background-position":"center center","background-size":"auto","background-attachment":"scroll","background-type":"","background-media":"","overlay-type":"","overlay-color":"","overlay-opacity":"","overlay-gradient":""}},"ast-content-background-meta":{"desktop":{"background-color":"var(--ast-global-color-4)","background-image":"","background-repeat":"repeat","background-position":"center center","background-size":"auto","background-attachment":"scroll","background-type":"","background-media":"","overlay-type":"","overlay-color":"","overlay-opacity":"","overlay-gradient":""},"tablet":{"background-color":"var(--ast-global-color-4)","background-image":"","background-repeat":"repeat","background-position":"center center","background-size":"auto","background-attachment":"scroll","background-type":"","background-media":"","overlay-type":"","overlay-color":"","overlay-opacity":"","overlay-gradient":""},"mobile":{"background-color":"var(--ast-global-color-4)","background-image":"","background-repeat":"repeat","background-position":"center center","background-size":"auto","background-attachment":"scroll","background-type":"","background-media":"","overlay-type":"","overlay-color":"","overlay-opacity":"","overlay-gradient":""}}},"product_brand":[],"product_cat":[176],"product_tag":[],"class_list":{"0":"post-8135","1":"product","2":"type-product","3":"status-publish","4":"has-post-thumbnail","6":"product_cat-autres","7":"desktop-align-left","8":"tablet-align-left","9":"mobile-align-left","11":"first","12":"instock","13":"taxable","14":"shipping-taxable","15":"purchasable","16":"product-type-variable"},"_links":{"self":[{"href":"https:\/\/www.orthorehab.ch\/de\/wp-json\/wp\/v2\/product\/8135","targetHints":{"allow":["GET"]}}],"collection":[{"href":"https:\/\/www.orthorehab.ch\/de\/wp-json\/wp\/v2\/product"}],"about":[{"href":"https:\/\/www.orthorehab.ch\/de\/wp-json\/wp\/v2\/types\/product"}],"version-history":[{"count":1,"href":"https:\/\/www.orthorehab.ch\/de\/wp-json\/wp\/v2\/product\/8135\/revisions"}],"predecessor-version":[{"id":8931,"href":"https:\/\/www.orthorehab.ch\/de\/wp-json\/wp\/v2\/product\/8135\/revisions\/8931"}],"wp:featuredmedia":[{"embeddable":true,"href":"https:\/\/www.orthorehab.ch\/de\/wp-json\/wp\/v2\/media\/8136"}],"wp:attachment":[{"href":"https:\/\/www.orthorehab.ch\/de\/wp-json\/wp\/v2\/media?parent=8135"}],"wp:term":[{"taxonomy":"product_brand","embeddable":true,"href":"https:\/\/www.orthorehab.ch\/de\/wp-json\/wp\/v2\/product_brand?post=8135"},{"taxonomy":"product_cat","embeddable":true,"href":"https:\/\/www.orthorehab.ch\/de\/wp-json\/wp\/v2\/product_cat?post=8135"},{"taxonomy":"product_tag","embeddable":true,"href":"https:\/\/www.orthorehab.ch\/de\/wp-json\/wp\/v2\/product_tag?post=8135"}],"curies":[{"name":"wp","href":"https:\/\/api.w.org\/{rel}","templated":true}]}}