{"id":6214,"date":"2025-03-03T07:41:21","date_gmt":"2025-03-03T07:41:21","guid":{"rendered":"https:\/\/www.orthorehab.ch\/?post_type=product&#038;p=6214"},"modified":"2026-03-26T08:26:26","modified_gmt":"2026-03-26T07:26:26","slug":"artic-attelle-articulee-attelle-de-cryotherapie-igloo","status":"publish","type":"product","link":"https:\/\/www.orthorehab.ch\/de\/product\/artic-attelle-articulee-attelle-de-cryotherapie-igloo\/","title":{"rendered":"IGLOO\u00ae IGARTIC Knieorthese mit Gelenk + Kryotherapieorthese"},"content":{"rendered":"<h4>Gelenkschiene und Kryotherapieschiene<\/h4>\n<p>&nbsp;<\/p>\n<h5>Beschreibung der Gelenkschiene:<\/h5>\n<ul>\n<li>Postoperative Ruhigstellung des Knies.<\/li>\n<li>Posttraumatische Ruhigstellung des Knies.<\/li>\n<li>Nach einem Riss oder einer Verletzung der B\u00e4nder des Knies (vorderes Kreuzband, hinteres Kreuzband oder Seitenb\u00e4nder).<\/li>\n<\/ul>\n<h5>Merkmale der Gelenkschiene:<\/h5>\n<ul>\n<li>Die L\u00e4nge ist \u00fcber Teleskoparme verstellbar. Die Breite ist \u00fcber Gurte verstellbar.<\/li>\n<li>Erm\u00f6glicht die Einstellung des Beuge-\/Streckbereichs dank zweier Gelenkscharniere.<\/li>\n<li>Abmessungen: L 37,5 (ohne Gurte) x H 47,5 bis 60 cm, je nach Position der Teleskoparme; sehr weiche, schwarze Samt-Klettverschl\u00fcsse.<\/li>\n<\/ul>\n<h5>Beschreibung der Kryotherapie-Schiene:<\/h5>\n<ul>\n<li>Reduziert und lindert Schmerzen dank der schmerzlindernden Wirkung von K\u00e4lte<\/li>\n<li>Muskelrelaxans<\/li>\n<li>Rehabilitation leichter gemacht<\/li>\n<\/ul>\n<h5>Merkmale der Kryotherapie-Schiene:<\/h5>\n<ul>\n<li>Komfort und einfache Handhabung dank 2 selbstklebender Samtriemen<\/li>\n<li>Ideale Passform und hervorragende Gelverteilung dank einer Luftpumpe<\/li>\n<li>Ein Gelkissen f\u00fcr optimale Behandlung ist im Lieferumfang enthalten.<\/li>\n<li>Abmessungen: Ungef\u00e4hr 37,5 cm breit (ohne B\u00e4nder) x 42 cm hoch, mit sehr weichen, schwarzen Samt-Klettverschl\u00fcssen.<\/li>\n<\/ul>\n<p>&nbsp;<\/p>","protected":false},"excerpt":{"rendered":"<p>Gelenkige Knieorthese mit Kniekompressionsschiene und K\u00fchlpackung<\/p>\n<p><strong>LiMA-Position:<\/strong><\/p>\n<p>22.04.02.00.1 \u2013 Kniestabilisierungsorthese, verstellbare Position<br \/>\n16.01.02.00.1 \u2013 Warmer\/kalter Umschlag<\/p>\n<p>&nbsp;<\/p>","protected":false},"featured_media":6215,"template":"","meta":{"site-sidebar-layout":"default","site-content-layout":"","ast-site-content-layout":"default","site-content-style":"default","site-sidebar-style":"default","ast-global-header-display":"","ast-banner-title-visibility":"","ast-main-header-display":"","ast-hfb-above-header-display":"","ast-hfb-below-header-display":"","ast-hfb-mobile-header-display":"","site-post-title":"","ast-breadcrumbs-content":"","ast-featured-img":"","footer-sml-layout":"","ast-disable-related-posts":"","theme-transparent-header-meta":"default","adv-header-id-meta":"","stick-header-meta":"","header-above-stick-meta":"","header-main-stick-meta":"","header-below-stick-meta":"","astra-migrate-meta-layouts":"set","ast-page-background-enabled":"default","ast-page-background-meta":{"desktop":{"background-color":"var(--ast-global-color-5)","background-image":"","background-repeat":"repeat","background-position":"center center","background-size":"auto","background-attachment":"scroll","background-type":"","background-media":"","overlay-type":"","overlay-color":"","overlay-opacity":"","overlay-gradient":""},"tablet":{"background-color":"","background-image":"","background-repeat":"repeat","background-position":"center center","background-size":"auto","background-attachment":"scroll","background-type":"","background-media":"","overlay-type":"","overlay-color":"","overlay-opacity":"","overlay-gradient":""},"mobile":{"background-color":"","background-image":"","background-repeat":"repeat","background-position":"center center","background-size":"auto","background-attachment":"scroll","background-type":"","background-media":"","overlay-type":"","overlay-color":"","overlay-opacity":"","overlay-gradient":""}},"ast-content-background-meta":{"desktop":{"background-color":"var(--ast-global-color-4)","background-image":"","background-repeat":"repeat","background-position":"center center","background-size":"auto","background-attachment":"scroll","background-type":"","background-media":"","overlay-type":"","overlay-color":"","overlay-opacity":"","overlay-gradient":""},"tablet":{"background-color":"var(--ast-global-color-4)","background-image":"","background-repeat":"repeat","background-position":"center center","background-size":"auto","background-attachment":"scroll","background-type":"","background-media":"","overlay-type":"","overlay-color":"","overlay-opacity":"","overlay-gradient":""},"mobile":{"background-color":"var(--ast-global-color-4)","background-image":"","background-repeat":"repeat","background-position":"center center","background-size":"auto","background-attachment":"scroll","background-type":"","background-media":"","overlay-type":"","overlay-color":"","overlay-opacity":"","overlay-gradient":""}}},"product_brand":[],"product_cat":[92],"product_tag":[94,95,96,97,98,99],"class_list":{"0":"post-6214","1":"product","2":"type-product","3":"status-publish","4":"has-post-thumbnail","6":"product_cat-genou","7":"product_tag-compression","8":"product_tag-cryotherapie","9":"product_tag-genou","10":"product_tag-igloo","11":"product_tag-orthese","12":"product_tag-rembourse","13":"desktop-align-left","14":"tablet-align-left","15":"mobile-align-left","17":"first","18":"instock","19":"taxable","20":"shipping-taxable","21":"purchasable","22":"product-type-variable"},"_links":{"self":[{"href":"https:\/\/www.orthorehab.ch\/de\/wp-json\/wp\/v2\/product\/6214","targetHints":{"allow":["GET"]}}],"collection":[{"href":"https:\/\/www.orthorehab.ch\/de\/wp-json\/wp\/v2\/product"}],"about":[{"href":"https:\/\/www.orthorehab.ch\/de\/wp-json\/wp\/v2\/types\/product"}],"version-history":[{"count":3,"href":"https:\/\/www.orthorehab.ch\/de\/wp-json\/wp\/v2\/product\/6214\/revisions"}],"predecessor-version":[{"id":9042,"href":"https:\/\/www.orthorehab.ch\/de\/wp-json\/wp\/v2\/product\/6214\/revisions\/9042"}],"wp:featuredmedia":[{"embeddable":true,"href":"https:\/\/www.orthorehab.ch\/de\/wp-json\/wp\/v2\/media\/6215"}],"wp:attachment":[{"href":"https:\/\/www.orthorehab.ch\/de\/wp-json\/wp\/v2\/media?parent=6214"}],"wp:term":[{"taxonomy":"product_brand","embeddable":true,"href":"https:\/\/www.orthorehab.ch\/de\/wp-json\/wp\/v2\/product_brand?post=6214"},{"taxonomy":"product_cat","embeddable":true,"href":"https:\/\/www.orthorehab.ch\/de\/wp-json\/wp\/v2\/product_cat?post=6214"},{"taxonomy":"product_tag","embeddable":true,"href":"https:\/\/www.orthorehab.ch\/de\/wp-json\/wp\/v2\/product_tag?post=6214"}],"curies":[{"name":"wp","href":"https:\/\/api.w.org\/{rel}","templated":true}]}}