{"id":5406,"date":"2025-02-23T09:18:32","date_gmt":"2025-02-23T09:18:32","guid":{"rendered":"https:\/\/www.orthorehab.ch\/?post_type=product&#038;p=5406"},"modified":"2026-02-12T21:19:31","modified_gmt":"2026-02-12T20:19:31","slug":"airselect-elite","status":"publish","type":"product","link":"https:\/\/www.orthorehab.ch\/de\/product\/airselect-elite\/","title":{"rendered":"AIRCAST Airselect\u00ae Elite"},"content":{"rendered":"<h4>ORTHESE D&#8217;IMMOBILISATION<\/h4>\n<p>Kn\u00f6chel- und Fu\u00dfimmobilisierungsorthese<\/p>\n<p>&nbsp;<\/p>\n<h5>Beschreibung :<\/h5>\n<ul>\n<li>Stabile Fraktur des unteren Drittels des Unterschenkels<\/li>\n<li>Unimalleol\u00e4re oder bimalleol\u00e4re Fraktur<\/li>\n<li>Entorse s\u00e9v\u00e8re de la cheville &#8211; stade III (arrachement ligamentaire)<\/li>\n<li>Osteosynthese von Frakturen des unteren Drittels des Unterschenkels<\/li>\n<li>Achillessehnenriss (dank der als Zubeh\u00f6r erh\u00e4ltlichen Keileinlegesohle)<\/li>\n<\/ul>\n<h5>Merkmale :<\/h5>\n<ul>\n<li>Die 3 separaten Luftzellen erzeugen eine intermittierende Kompression, die eine schnelle Reduktion des \u00d6dems erm\u00f6glicht.<\/li>\n<li>La semelle &#8220;Softstrike&#8221; permet d\u2019absorber les chocs, de r\u00e9duire la charge au niveau du talon et d\u2019att\u00e9nuer les forces d\u2019impact<\/li>\n<li>Der fortschrittlichste Immobilisationsschuh, entwickelt f\u00fcr optimalen Schutz, Komfort und \u00d6demreduktion.<\/li>\n<li>Das individualisierte Aufblassystem und die voraufgeblasene vordere Luftkammer erm\u00f6glichen eine anatomische Passform.<\/li>\n<li>Der Zehenschutz-Slipper bietet zus\u00e4tzlichen Schutz<\/li>\n<li>Wird mit einer dehnbaren Socke und einer Schutzh\u00fclle geliefert.<\/li>\n<li>Enth\u00e4lt kein Latex<\/li>\n<li>Bilaterales Modell<\/li>\n<li>Erh\u00e4ltlich in 5 Gr\u00f6\u00dfen (von Kinder-XS bis XL) (Gr\u00f6\u00dfen XS und XL werden auf Bestellung gefertigt, Lieferzeit 7 bis 10 Tage)<\/li>\n<\/ul>","protected":false},"excerpt":{"rendered":"<p>Kn\u00f6chel- und Fu\u00dfimmobilisierungsorthese.<\/p>\n<p><strong>LiMA-Position: <\/strong><\/p>\n<p>22.02.04.00.1 \u2013 Kn\u00f6chelimmobilisierungsorthese, fixierte Position<\/p>","protected":false},"featured_media":5407,"template":"","meta":{"site-sidebar-layout":"default","site-content-layout":"","ast-site-content-layout":"default","site-content-style":"default","site-sidebar-style":"default","ast-global-header-display":"","ast-banner-title-visibility":"","ast-main-header-display":"","ast-hfb-above-header-display":"","ast-hfb-below-header-display":"","ast-hfb-mobile-header-display":"","site-post-title":"","ast-breadcrumbs-content":"","ast-featured-img":"","footer-sml-layout":"","ast-disable-related-posts":"","theme-transparent-header-meta":"default","adv-header-id-meta":"","stick-header-meta":"","header-above-stick-meta":"","header-main-stick-meta":"","header-below-stick-meta":"","astra-migrate-meta-layouts":"set","ast-page-background-enabled":"default","ast-page-background-meta":{"desktop":{"background-color":"var(--ast-global-color-5)","background-image":"","background-repeat":"repeat","background-position":"center center","background-size":"auto","background-attachment":"scroll","background-type":"","background-media":"","overlay-type":"","overlay-color":"","overlay-opacity":"","overlay-gradient":""},"tablet":{"background-color":"","background-image":"","background-repeat":"repeat","background-position":"center center","background-size":"auto","background-attachment":"scroll","background-type":"","background-media":"","overlay-type":"","overlay-color":"","overlay-opacity":"","overlay-gradient":""},"mobile":{"background-color":"","background-image":"","background-repeat":"repeat","background-position":"center center","background-size":"auto","background-attachment":"scroll","background-type":"","background-media":"","overlay-type":"","overlay-color":"","overlay-opacity":"","overlay-gradient":""}},"ast-content-background-meta":{"desktop":{"background-color":"var(--ast-global-color-4)","background-image":"","background-repeat":"repeat","background-position":"center center","background-size":"auto","background-attachment":"scroll","background-type":"","background-media":"","overlay-type":"","overlay-color":"","overlay-opacity":"","overlay-gradient":""},"tablet":{"background-color":"var(--ast-global-color-4)","background-image":"","background-repeat":"repeat","background-position":"center center","background-size":"auto","background-attachment":"scroll","background-type":"","background-media":"","overlay-type":"","overlay-color":"","overlay-opacity":"","overlay-gradient":""},"mobile":{"background-color":"var(--ast-global-color-4)","background-image":"","background-repeat":"repeat","background-position":"center center","background-size":"auto","background-attachment":"scroll","background-type":"","background-media":"","overlay-type":"","overlay-color":"","overlay-opacity":"","overlay-gradient":""}}},"product_brand":[],"product_cat":[111,122],"product_tag":[94,95,96,97,98,99],"class_list":{"0":"post-5406","1":"product","2":"type-product","3":"status-publish","4":"has-post-thumbnail","6":"product_cat-cheville","7":"product_cat-pied","8":"product_tag-compression","9":"product_tag-cryotherapie","10":"product_tag-genou","11":"product_tag-igloo","12":"product_tag-orthese","13":"product_tag-rembourse","14":"desktop-align-left","15":"tablet-align-left","16":"mobile-align-left","18":"first","19":"instock","20":"taxable","21":"shipping-taxable","22":"purchasable","23":"product-type-variable","24":"has-default-attributes"},"_links":{"self":[{"href":"https:\/\/www.orthorehab.ch\/de\/wp-json\/wp\/v2\/product\/5406","targetHints":{"allow":["GET"]}}],"collection":[{"href":"https:\/\/www.orthorehab.ch\/de\/wp-json\/wp\/v2\/product"}],"about":[{"href":"https:\/\/www.orthorehab.ch\/de\/wp-json\/wp\/v2\/types\/product"}],"version-history":[{"count":1,"href":"https:\/\/www.orthorehab.ch\/de\/wp-json\/wp\/v2\/product\/5406\/revisions"}],"predecessor-version":[{"id":8939,"href":"https:\/\/www.orthorehab.ch\/de\/wp-json\/wp\/v2\/product\/5406\/revisions\/8939"}],"wp:featuredmedia":[{"embeddable":true,"href":"https:\/\/www.orthorehab.ch\/de\/wp-json\/wp\/v2\/media\/5407"}],"wp:attachment":[{"href":"https:\/\/www.orthorehab.ch\/de\/wp-json\/wp\/v2\/media?parent=5406"}],"wp:term":[{"taxonomy":"product_brand","embeddable":true,"href":"https:\/\/www.orthorehab.ch\/de\/wp-json\/wp\/v2\/product_brand?post=5406"},{"taxonomy":"product_cat","embeddable":true,"href":"https:\/\/www.orthorehab.ch\/de\/wp-json\/wp\/v2\/product_cat?post=5406"},{"taxonomy":"product_tag","embeddable":true,"href":"https:\/\/www.orthorehab.ch\/de\/wp-json\/wp\/v2\/product_tag?post=5406"}],"curies":[{"name":"wp","href":"https:\/\/api.w.org\/{rel}","templated":true}]}}