{"id":5395,"date":"2025-02-23T09:13:57","date_gmt":"2025-02-23T09:13:57","guid":{"rendered":"https:\/\/www.orthorehab.ch\/?post_type=product&#038;p=5395"},"modified":"2026-01-13T14:02:25","modified_gmt":"2026-01-13T13:02:25","slug":"airselect-courte","status":"publish","type":"product","link":"https:\/\/www.orthorehab.ch\/de\/product\/airselect-courte\/","title":{"rendered":"AIRCAST Airselect\u00ae Short"},"content":{"rendered":"<h4>ORTHESE D&#8217;IMMOBILISATION<\/h4>\n<p>Kn\u00f6chel- und Fu\u00dfimmobilisierungsorthese<\/p>\n<p>&nbsp;<\/p>\n<h5>Beschreibung :<\/h5>\n<ul>\n<li>Fraktur des vorderen Tarsus und Metatarsus<\/li>\n<li>Schwere Mittelfu\u00dfverstauchung<\/li>\n<\/ul>\n<h5>Merkmale :<\/h5>\n<ul>\n<li>Eine voraufgeblasene vordere Zelle und zwei individuell einstellbare distale Luftzellen<\/li>\n<li>Vollst\u00e4ndiger Schalenschutz<\/li>\n<li>La semelle &#8220;Softstrike&#8221; permet d\u2019absorber les chocs, de r\u00e9duire la charge au niveau du talon et d\u2019att\u00e9nuer les forces d\u2019impact<\/li>\n<li>Einfache Anwendung und praktische Einstellungen erm\u00f6glichen die Anpassung an Ver\u00e4nderungen bei Trauma und \u00d6dem.<\/li>\n<li>H\u00f6he ohne F\u00fc\u00dflinge: 28 cm<\/li>\n<li>Eine Schutzh\u00fclle ist im Lieferumfang enthalten (siehe Zubeh\u00f6rliste auf Seite 121).<\/li>\n<li>Enth\u00e4lt kein Latex<\/li>\n<li>Bilaterales Modell<\/li>\n<li>Disponible en 5 tailles (de P\u00e9diatrique-XS \u00e0 XL)\u00a0(Tailles XS &#8211; S et XL sur commande, d\u00e9lai 7 \u00e0 10 jours)<\/li>\n<\/ul>","protected":false},"excerpt":{"rendered":"<p>Kn\u00f6chel- und Fu\u00dfimmobilisierungsorthese<\/p>\n<p><strong>LiMA-Position:<\/strong><\/p>\n<p>22.02.04.00.1 \u2013 Kn\u00f6chelimmobilisierungsorthese, fixierte Position<\/p>","protected":false},"featured_media":5396,"template":"","meta":{"site-sidebar-layout":"default","site-content-layout":"","ast-site-content-layout":"default","site-content-style":"default","site-sidebar-style":"default","ast-global-header-display":"","ast-banner-title-visibility":"","ast-main-header-display":"","ast-hfb-above-header-display":"","ast-hfb-below-header-display":"","ast-hfb-mobile-header-display":"","site-post-title":"","ast-breadcrumbs-content":"","ast-featured-img":"","footer-sml-layout":"","ast-disable-related-posts":"","theme-transparent-header-meta":"default","adv-header-id-meta":"","stick-header-meta":"","header-above-stick-meta":"","header-main-stick-meta":"","header-below-stick-meta":"","astra-migrate-meta-layouts":"set","ast-page-background-enabled":"default","ast-page-background-meta":{"desktop":{"background-color":"var(--ast-global-color-5)","background-image":"","background-repeat":"repeat","background-position":"center center","background-size":"auto","background-attachment":"scroll","background-type":"","background-media":"","overlay-type":"","overlay-color":"","overlay-opacity":"","overlay-gradient":""},"tablet":{"background-color":"","background-image":"","background-repeat":"repeat","background-position":"center center","background-size":"auto","background-attachment":"scroll","background-type":"","background-media":"","overlay-type":"","overlay-color":"","overlay-opacity":"","overlay-gradient":""},"mobile":{"background-color":"","background-image":"","background-repeat":"repeat","background-position":"center center","background-size":"auto","background-attachment":"scroll","background-type":"","background-media":"","overlay-type":"","overlay-color":"","overlay-opacity":"","overlay-gradient":""}},"ast-content-background-meta":{"desktop":{"background-color":"var(--ast-global-color-4)","background-image":"","background-repeat":"repeat","background-position":"center center","background-size":"auto","background-attachment":"scroll","background-type":"","background-media":"","overlay-type":"","overlay-color":"","overlay-opacity":"","overlay-gradient":""},"tablet":{"background-color":"var(--ast-global-color-4)","background-image":"","background-repeat":"repeat","background-position":"center center","background-size":"auto","background-attachment":"scroll","background-type":"","background-media":"","overlay-type":"","overlay-color":"","overlay-opacity":"","overlay-gradient":""},"mobile":{"background-color":"var(--ast-global-color-4)","background-image":"","background-repeat":"repeat","background-position":"center center","background-size":"auto","background-attachment":"scroll","background-type":"","background-media":"","overlay-type":"","overlay-color":"","overlay-opacity":"","overlay-gradient":""}}},"product_brand":[],"product_cat":[111,122],"product_tag":[94,95,96,97,98,99],"class_list":{"0":"post-5395","1":"product","2":"type-product","3":"status-publish","4":"has-post-thumbnail","6":"product_cat-cheville","7":"product_cat-pied","8":"product_tag-compression","9":"product_tag-cryotherapie","10":"product_tag-genou","11":"product_tag-igloo","12":"product_tag-orthese","13":"product_tag-rembourse","14":"desktop-align-left","15":"tablet-align-left","16":"mobile-align-left","18":"first","19":"instock","20":"taxable","21":"shipping-taxable","22":"purchasable","23":"product-type-variable","24":"has-default-attributes"},"_links":{"self":[{"href":"https:\/\/www.orthorehab.ch\/de\/wp-json\/wp\/v2\/product\/5395","targetHints":{"allow":["GET"]}}],"collection":[{"href":"https:\/\/www.orthorehab.ch\/de\/wp-json\/wp\/v2\/product"}],"about":[{"href":"https:\/\/www.orthorehab.ch\/de\/wp-json\/wp\/v2\/types\/product"}],"version-history":[{"count":1,"href":"https:\/\/www.orthorehab.ch\/de\/wp-json\/wp\/v2\/product\/5395\/revisions"}],"predecessor-version":[{"id":8940,"href":"https:\/\/www.orthorehab.ch\/de\/wp-json\/wp\/v2\/product\/5395\/revisions\/8940"}],"wp:featuredmedia":[{"embeddable":true,"href":"https:\/\/www.orthorehab.ch\/de\/wp-json\/wp\/v2\/media\/5396"}],"wp:attachment":[{"href":"https:\/\/www.orthorehab.ch\/de\/wp-json\/wp\/v2\/media?parent=5395"}],"wp:term":[{"taxonomy":"product_brand","embeddable":true,"href":"https:\/\/www.orthorehab.ch\/de\/wp-json\/wp\/v2\/product_brand?post=5395"},{"taxonomy":"product_cat","embeddable":true,"href":"https:\/\/www.orthorehab.ch\/de\/wp-json\/wp\/v2\/product_cat?post=5395"},{"taxonomy":"product_tag","embeddable":true,"href":"https:\/\/www.orthorehab.ch\/de\/wp-json\/wp\/v2\/product_tag?post=5395"}],"curies":[{"name":"wp","href":"https:\/\/api.w.org\/{rel}","templated":true}]}}