{"id":5380,"date":"2025-02-23T09:05:41","date_gmt":"2025-02-23T09:05:41","guid":{"rendered":"https:\/\/www.orthorehab.ch\/?post_type=product&#038;p=5380"},"modified":"2026-03-31T16:29:13","modified_gmt":"2026-03-31T14:29:13","slug":"aircast-airsport-compression-anatomique-de-la-cheville","status":"publish","type":"product","link":"https:\/\/www.orthorehab.ch\/de\/product\/aircast-airsport-compression-anatomique-de-la-cheville\/","title":{"rendered":"AIRCAST AirSport+\u00ae Kn\u00f6chel"},"content":{"rendered":"<h4>Unterst\u00fctzung und Stabilisierung<\/h4>\n<p>Kn\u00f6chelunterst\u00fctzung und -stabilisierung, Vorbeugung von Inversions-\/Eversionsrisiken<\/p>\n<p>&nbsp;<\/p>\n<h5>Beschreibung :<\/h5>\n<ul>\n<li>Vorbeugung eines erneuten Auftretens bei Freizeit- oder Sportaktivit\u00e4ten.<\/li>\n<li>B\u00e4nderverletzungen (Zerrungen, Risse)<\/li>\n<li>Mittelfu\u00dfverstauchung.<\/li>\n<li>Chronische Sprunggelenksinstabilit\u00e4ten.<\/li>\n<\/ul>\n<h5>Merkmale :<\/h5>\n<ul>\n<li>Das BOA\u00ae-System erm\u00f6glicht es dem Patienten, den Kompressionsgrad seinen Bed\u00fcrfnissen entsprechend anzupassen.<\/li>\n<li>Anatomisch geformte, beidseitige Schalen minimieren das Risiko einer Inversion\/Eversion und bieten eine hervorragende mediale und laterale Unterst\u00fctzung f\u00fcr instabile Sprunggelenke.<\/li>\n<li>Der ATF-Gurt (anteriore Talofibularband) begrenzt jegliche Inversionsbewegung \u00fcber die physiologischen Grenzen hinaus und erm\u00f6glicht gleichzeitig eine freie Gehbewegung.<\/li>\n<li>Das &quot;Step-In&quot;-Design vereinfacht das Anziehen durch einfaches Hineinschl\u00fcpfen von hinten.<\/li>\n<li>Sorgt f\u00fcr zus\u00e4tzliche Stabilit\u00e4t an der bimalleol\u00e4ren Klemme.<\/li>\n<li>Enth\u00e4lt kein Latex.<\/li>\n<li>Lateralisiertes Modell, links\/rechts.<\/li>\n<li>Erh\u00e4ltlich in 5 Gr\u00f6\u00dfen (von Kinder-XS bis XL).<\/li>\n<\/ul>","protected":false},"excerpt":{"rendered":"<p>Unterst\u00fctzung, Schutz und Pr\u00e4vention f\u00fcr fragile, instabile Sprunggelenke oder solche in der Rehabilitation.<\/p>\n<p><strong>LiMA-Position:<\/strong><\/p>\n<p>05.02.14.00.1 \u2013 Anatomischer Kn\u00f6chelkompressionsverband mit Polster(n) und Element(en)<\/p>","protected":false},"featured_media":5381,"template":"","meta":{"site-sidebar-layout":"default","site-content-layout":"","ast-site-content-layout":"default","site-content-style":"default","site-sidebar-style":"default","ast-global-header-display":"","ast-banner-title-visibility":"","ast-main-header-display":"","ast-hfb-above-header-display":"","ast-hfb-below-header-display":"","ast-hfb-mobile-header-display":"","site-post-title":"","ast-breadcrumbs-content":"","ast-featured-img":"","footer-sml-layout":"","ast-disable-related-posts":"","theme-transparent-header-meta":"default","adv-header-id-meta":"","stick-header-meta":"","header-above-stick-meta":"","header-main-stick-meta":"","header-below-stick-meta":"","astra-migrate-meta-layouts":"set","ast-page-background-enabled":"default","ast-page-background-meta":{"desktop":{"background-color":"var(--ast-global-color-5)","background-image":"","background-repeat":"repeat","background-position":"center center","background-size":"auto","background-attachment":"scroll","background-type":"","background-media":"","overlay-type":"","overlay-color":"","overlay-opacity":"","overlay-gradient":""},"tablet":{"background-color":"","background-image":"","background-repeat":"repeat","background-position":"center center","background-size":"auto","background-attachment":"scroll","background-type":"","background-media":"","overlay-type":"","overlay-color":"","overlay-opacity":"","overlay-gradient":""},"mobile":{"background-color":"","background-image":"","background-repeat":"repeat","background-position":"center center","background-size":"auto","background-attachment":"scroll","background-type":"","background-media":"","overlay-type":"","overlay-color":"","overlay-opacity":"","overlay-gradient":""}},"ast-content-background-meta":{"desktop":{"background-color":"var(--ast-global-color-4)","background-image":"","background-repeat":"repeat","background-position":"center center","background-size":"auto","background-attachment":"scroll","background-type":"","background-media":"","overlay-type":"","overlay-color":"","overlay-opacity":"","overlay-gradient":""},"tablet":{"background-color":"var(--ast-global-color-4)","background-image":"","background-repeat":"repeat","background-position":"center center","background-size":"auto","background-attachment":"scroll","background-type":"","background-media":"","overlay-type":"","overlay-color":"","overlay-opacity":"","overlay-gradient":""},"mobile":{"background-color":"var(--ast-global-color-4)","background-image":"","background-repeat":"repeat","background-position":"center center","background-size":"auto","background-attachment":"scroll","background-type":"","background-media":"","overlay-type":"","overlay-color":"","overlay-opacity":"","overlay-gradient":""}}},"product_brand":[],"product_cat":[111],"product_tag":[152,112,98,99],"class_list":{"0":"post-5380","1":"product","2":"type-product","3":"status-publish","4":"has-post-thumbnail","6":"product_cat-cheville","7":"product_tag-airsport","8":"product_tag-cheville","9":"product_tag-orthese","10":"product_tag-rembourse","11":"desktop-align-left","12":"tablet-align-left","13":"mobile-align-left","15":"first","16":"instock","17":"taxable","18":"shipping-taxable","19":"purchasable","20":"product-type-variable"},"_links":{"self":[{"href":"https:\/\/www.orthorehab.ch\/de\/wp-json\/wp\/v2\/product\/5380","targetHints":{"allow":["GET"]}}],"collection":[{"href":"https:\/\/www.orthorehab.ch\/de\/wp-json\/wp\/v2\/product"}],"about":[{"href":"https:\/\/www.orthorehab.ch\/de\/wp-json\/wp\/v2\/types\/product"}],"version-history":[{"count":1,"href":"https:\/\/www.orthorehab.ch\/de\/wp-json\/wp\/v2\/product\/5380\/revisions"}],"predecessor-version":[{"id":8941,"href":"https:\/\/www.orthorehab.ch\/de\/wp-json\/wp\/v2\/product\/5380\/revisions\/8941"}],"wp:featuredmedia":[{"embeddable":true,"href":"https:\/\/www.orthorehab.ch\/de\/wp-json\/wp\/v2\/media\/5381"}],"wp:attachment":[{"href":"https:\/\/www.orthorehab.ch\/de\/wp-json\/wp\/v2\/media?parent=5380"}],"wp:term":[{"taxonomy":"product_brand","embeddable":true,"href":"https:\/\/www.orthorehab.ch\/de\/wp-json\/wp\/v2\/product_brand?post=5380"},{"taxonomy":"product_cat","embeddable":true,"href":"https:\/\/www.orthorehab.ch\/de\/wp-json\/wp\/v2\/product_cat?post=5380"},{"taxonomy":"product_tag","embeddable":true,"href":"https:\/\/www.orthorehab.ch\/de\/wp-json\/wp\/v2\/product_tag?post=5380"}],"curies":[{"name":"wp","href":"https:\/\/api.w.org\/{rel}","templated":true}]}}