{"id":5221,"date":"2025-02-22T18:16:09","date_gmt":"2025-02-22T18:16:09","guid":{"rendered":"https:\/\/www.orthorehab.ch\/?post_type=product&#038;p=5221"},"modified":"2025-04-10T13:10:59","modified_gmt":"2025-04-10T11:10:59","slug":"acl-everyday","status":"publish","type":"product","link":"https:\/\/www.orthorehab.ch\/de\/product\/acl-everyday\/","title":{"rendered":"ACL Everyday\u00ae Knie"},"content":{"rendered":"<h4>ORTHESE D&#8217;IMMOBILISATION DU GENOU<\/h4>\n<p>Knieorthese f\u00fcr Sport<\/p>\n<p>&nbsp;<\/p>\n<h5>Beschreibung :<\/h5>\n<ul>\n<li>Mittelschwere bis schwere Verstauchung der lateralen B\u00e4nder (MCL oder LCL) und des vorderen Kreuzbandes (ACL)<\/li>\n<li>Perfekt geeignet f\u00fcr die Genesung und die R\u00fcckkehr zu Aktivit\u00e4ten \/ den t\u00e4glichen Gebrauch<\/li>\n<\/ul>\n<h5>Merkmale :<\/h5>\n<ul>\n<li>Patentiertes 4-Punkt-St\u00fctzsystem<\/li>\n<li>Ergonomisches Design der Oberschenkel- und Wadengurte, anpassbar an die Morphologie des Patienten<\/li>\n<li>Begrenzung des Bewegungsumfangs der Streckung auf 0\u00b0, 10\u00b0, 20\u00b0, 30\u00b0 oder 40\u00b0 (voreingestellt auf 10\u00b0)<\/li>\n<li>Begrenzung des Beugeumfangs auf 45\u00b0, 60\u00b0, 75\u00b0 oder 90\u00b0<\/li>\n<li>Keine M\u00f6glichkeit zur Arretierung bei 0\u00b0 (vollst\u00e4ndiger Auszug).<\/li>\n<li>Confort accru, gr\u00e2ce aux sangles antid\u00e9rapantes, doubl\u00e9es en &#8220;Sili-Grip&#8221; hypoallerg\u00e9nique<\/li>\n<li>Leichtgewicht (440 g), aus Flugzeugaluminium gefertigt<\/li>\n<li>Lateralisiertes Modell<\/li>\n<li>Erh\u00e4ltlich in 7 Gr\u00f6\u00dfen (von XS bis XXXL)<\/li>\n<\/ul>","protected":false},"excerpt":{"rendered":"<p>Knieorthese f\u00fcr Sport<\/p>\n<p><strong>LiMA-Position:<\/strong><\/p>\n<p>22.04.02.00.1 \u2013 Kniestabilisierungsorthese, verstellbare Position<\/p>","protected":false},"featured_media":5251,"template":"","meta":{"site-sidebar-layout":"default","site-content-layout":"","ast-site-content-layout":"default","site-content-style":"default","site-sidebar-style":"default","ast-global-header-display":"","ast-banner-title-visibility":"","ast-main-header-display":"","ast-hfb-above-header-display":"","ast-hfb-below-header-display":"","ast-hfb-mobile-header-display":"","site-post-title":"","ast-breadcrumbs-content":"","ast-featured-img":"","footer-sml-layout":"","ast-disable-related-posts":"","theme-transparent-header-meta":"default","adv-header-id-meta":"","stick-header-meta":"","header-above-stick-meta":"","header-main-stick-meta":"","header-below-stick-meta":"","astra-migrate-meta-layouts":"set","ast-page-background-enabled":"default","ast-page-background-meta":{"desktop":{"background-color":"var(--ast-global-color-5)","background-image":"","background-repeat":"repeat","background-position":"center center","background-size":"auto","background-attachment":"scroll","background-type":"","background-media":"","overlay-type":"","overlay-color":"","overlay-opacity":"","overlay-gradient":""},"tablet":{"background-color":"","background-image":"","background-repeat":"repeat","background-position":"center center","background-size":"auto","background-attachment":"scroll","background-type":"","background-media":"","overlay-type":"","overlay-color":"","overlay-opacity":"","overlay-gradient":""},"mobile":{"background-color":"","background-image":"","background-repeat":"repeat","background-position":"center center","background-size":"auto","background-attachment":"scroll","background-type":"","background-media":"","overlay-type":"","overlay-color":"","overlay-opacity":"","overlay-gradient":""}},"ast-content-background-meta":{"desktop":{"background-color":"var(--ast-global-color-4)","background-image":"","background-repeat":"repeat","background-position":"center center","background-size":"auto","background-attachment":"scroll","background-type":"","background-media":"","overlay-type":"","overlay-color":"","overlay-opacity":"","overlay-gradient":""},"tablet":{"background-color":"var(--ast-global-color-4)","background-image":"","background-repeat":"repeat","background-position":"center center","background-size":"auto","background-attachment":"scroll","background-type":"","background-media":"","overlay-type":"","overlay-color":"","overlay-opacity":"","overlay-gradient":""},"mobile":{"background-color":"var(--ast-global-color-4)","background-image":"","background-repeat":"repeat","background-position":"center center","background-size":"auto","background-attachment":"scroll","background-type":"","background-media":"","overlay-type":"","overlay-color":"","overlay-opacity":"","overlay-gradient":""}}},"product_brand":[],"product_cat":[92],"product_tag":[94,95,96,97,98,99],"class_list":{"0":"post-5221","1":"product","2":"type-product","3":"status-publish","4":"has-post-thumbnail","6":"product_cat-genou","7":"product_tag-compression","8":"product_tag-cryotherapie","9":"product_tag-genou","10":"product_tag-igloo","11":"product_tag-orthese","12":"product_tag-rembourse","13":"desktop-align-left","14":"tablet-align-left","15":"mobile-align-left","17":"first","18":"instock","19":"taxable","20":"shipping-taxable","21":"purchasable","22":"product-type-variable"},"_links":{"self":[{"href":"https:\/\/www.orthorehab.ch\/de\/wp-json\/wp\/v2\/product\/5221","targetHints":{"allow":["GET"]}}],"collection":[{"href":"https:\/\/www.orthorehab.ch\/de\/wp-json\/wp\/v2\/product"}],"about":[{"href":"https:\/\/www.orthorehab.ch\/de\/wp-json\/wp\/v2\/types\/product"}],"version-history":[{"count":0,"href":"https:\/\/www.orthorehab.ch\/de\/wp-json\/wp\/v2\/product\/5221\/revisions"}],"wp:featuredmedia":[{"embeddable":true,"href":"https:\/\/www.orthorehab.ch\/de\/wp-json\/wp\/v2\/media\/5251"}],"wp:attachment":[{"href":"https:\/\/www.orthorehab.ch\/de\/wp-json\/wp\/v2\/media?parent=5221"}],"wp:term":[{"taxonomy":"product_brand","embeddable":true,"href":"https:\/\/www.orthorehab.ch\/de\/wp-json\/wp\/v2\/product_brand?post=5221"},{"taxonomy":"product_cat","embeddable":true,"href":"https:\/\/www.orthorehab.ch\/de\/wp-json\/wp\/v2\/product_cat?post=5221"},{"taxonomy":"product_tag","embeddable":true,"href":"https:\/\/www.orthorehab.ch\/de\/wp-json\/wp\/v2\/product_tag?post=5221"}],"curies":[{"name":"wp","href":"https:\/\/api.w.org\/{rel}","templated":true}]}}