{"id":5201,"date":"2025-02-22T17:02:37","date_gmt":"2025-02-22T17:02:37","guid":{"rendered":"https:\/\/www.orthorehab.ch\/?post_type=product&#038;p=5201"},"modified":"2026-04-13T13:28:38","modified_gmt":"2026-04-13T11:28:38","slug":"donjoy-support-everest-ice-ii","status":"publish","type":"product","link":"https:\/\/www.orthorehab.ch\/de\/product\/donjoy-support-everest-ice-ii\/","title":{"rendered":"Genie\u00dfen Sie Everest Ice II\u00ae Knie"},"content":{"rendered":"<h4>Gelenkorthese und Kryotherapie<\/h4>\n<h4><\/h4>\n<p>Immobilisierung und Kryotherapie<\/p>\n<p>&nbsp;<\/p>\n<h5>Beschreibung :<\/h5>\n<ul>\n<li>Usage post-op\u00e9ratoire du genou n\u00e9cessitant une immobilisation et gla\u00e7age : arthroscopie,<br \/>\nligamentoplastie, recentrage rotulien, ost\u00e9osynth\u00e8se, ost\u00e9otomie<\/li>\n<li>Mittelschwere bis schwere Verstauchungen der lateralen B\u00e4nder (MCL, LCL) und\/oder des zentralen Drehpunktes (ACL, PCL), Meniskusrisse, Knieoperationen, Rehabilitation und R\u00fcckkehr zur sportlichen Bet\u00e4tigung<\/li>\n<\/ul>\n<h5>Merkmale :<\/h5>\n<ul>\n<li>Solution 3-en-1 : immobilisation, cryoth\u00e9rapie &amp; compression, pr\u00e9vention et reprise d&#8217;activit\u00e9<\/li>\n<li>Einfach positionierbare Verriegelungsbl\u00f6cke (kein Werkzeug erforderlich)<\/li>\n<li>Einschr\u00e4nkung des Bewegungsumfangs bei Beugung\/Streckung oder Blockierung bei 0\u00b0, 10\u00b0, 20\u00b0, 30\u00b0, 60\u00b0, 90\u00b0 und vollem Bewegungsumfang (vollst\u00e4ndiger Bewegungsumfang)<\/li>\n<li>4 unabh\u00e4ngige Gurte zur Anpassung des Kompressions- und St\u00fctzgrades<\/li>\n<li>Manchon de genou amovible et peu volumineux contenant :<br \/>\n&#8211; Un pack de froid pour une application externe localis\u00e9e de cryoth\u00e9rapie L\u2019attelle est livr\u00e9e avec 2 packs<br \/>\nde froid afin de garder un pack d\u2019avance au cong\u00e9lateur pour un traitement continu<br \/>\n&#8211; Une housse gonflable avec pompe manuelle permet d&#8217;ajouter un effet compressif au traitement par le froid<\/li>\n<li>Hauteur de l&#8217;attelle : XS\/S\/M : 39,5 cm &#8211; L\/XL\/XXL : 44,5 cm<\/li>\n<li>Bilaterales Modell<\/li>\n<li>Erh\u00e4ltlich in 6 Gr\u00f6\u00dfen (von Kinder-XS bis XXL) (Gr\u00f6\u00dfen XS und XXL werden auf Bestellung gefertigt, Lieferzeit 7 bis 10 Tage)<\/li>\n<\/ul>","protected":false},"excerpt":{"rendered":"<p>Immobilisierung und Kryotherapie<\/p>\n<p><strong>LiMA-Position:<\/strong><\/p>\n<p>22.04.02.00.1 \u2013 Kniestabilisierungsorthese, verstellbare Position<br \/>\n16.01.02.00.1 \u2013 Warmer\/kalter Umschlag<\/p>","protected":false},"featured_media":5214,"template":"","meta":{"site-sidebar-layout":"default","site-content-layout":"","ast-site-content-layout":"default","site-content-style":"default","site-sidebar-style":"default","ast-global-header-display":"","ast-banner-title-visibility":"","ast-main-header-display":"","ast-hfb-above-header-display":"","ast-hfb-below-header-display":"","ast-hfb-mobile-header-display":"","site-post-title":"","ast-breadcrumbs-content":"","ast-featured-img":"","footer-sml-layout":"","ast-disable-related-posts":"","theme-transparent-header-meta":"default","adv-header-id-meta":"","stick-header-meta":"","header-above-stick-meta":"","header-main-stick-meta":"","header-below-stick-meta":"","astra-migrate-meta-layouts":"set","ast-page-background-enabled":"default","ast-page-background-meta":{"desktop":{"background-color":"var(--ast-global-color-5)","background-image":"","background-repeat":"repeat","background-position":"center center","background-size":"auto","background-attachment":"scroll","background-type":"","background-media":"","overlay-type":"","overlay-color":"","overlay-opacity":"","overlay-gradient":""},"tablet":{"background-color":"","background-image":"","background-repeat":"repeat","background-position":"center center","background-size":"auto","background-attachment":"scroll","background-type":"","background-media":"","overlay-type":"","overlay-color":"","overlay-opacity":"","overlay-gradient":""},"mobile":{"background-color":"","background-image":"","background-repeat":"repeat","background-position":"center center","background-size":"auto","background-attachment":"scroll","background-type":"","background-media":"","overlay-type":"","overlay-color":"","overlay-opacity":"","overlay-gradient":""}},"ast-content-background-meta":{"desktop":{"background-color":"var(--ast-global-color-4)","background-image":"","background-repeat":"repeat","background-position":"center center","background-size":"auto","background-attachment":"scroll","background-type":"","background-media":"","overlay-type":"","overlay-color":"","overlay-opacity":"","overlay-gradient":""},"tablet":{"background-color":"var(--ast-global-color-4)","background-image":"","background-repeat":"repeat","background-position":"center center","background-size":"auto","background-attachment":"scroll","background-type":"","background-media":"","overlay-type":"","overlay-color":"","overlay-opacity":"","overlay-gradient":""},"mobile":{"background-color":"var(--ast-global-color-4)","background-image":"","background-repeat":"repeat","background-position":"center center","background-size":"auto","background-attachment":"scroll","background-type":"","background-media":"","overlay-type":"","overlay-color":"","overlay-opacity":"","overlay-gradient":""}}},"product_brand":[],"product_cat":[92],"product_tag":[],"class_list":{"0":"post-5201","1":"product","2":"type-product","3":"status-publish","4":"has-post-thumbnail","6":"product_cat-genou","7":"desktop-align-left","8":"tablet-align-left","9":"mobile-align-left","11":"first","12":"instock","13":"taxable","14":"shipping-taxable","15":"purchasable","16":"product-type-variable","17":"has-default-attributes"},"_links":{"self":[{"href":"https:\/\/www.orthorehab.ch\/de\/wp-json\/wp\/v2\/product\/5201","targetHints":{"allow":["GET"]}}],"collection":[{"href":"https:\/\/www.orthorehab.ch\/de\/wp-json\/wp\/v2\/product"}],"about":[{"href":"https:\/\/www.orthorehab.ch\/de\/wp-json\/wp\/v2\/types\/product"}],"version-history":[{"count":1,"href":"https:\/\/www.orthorehab.ch\/de\/wp-json\/wp\/v2\/product\/5201\/revisions"}],"predecessor-version":[{"id":8942,"href":"https:\/\/www.orthorehab.ch\/de\/wp-json\/wp\/v2\/product\/5201\/revisions\/8942"}],"wp:featuredmedia":[{"embeddable":true,"href":"https:\/\/www.orthorehab.ch\/de\/wp-json\/wp\/v2\/media\/5214"}],"wp:attachment":[{"href":"https:\/\/www.orthorehab.ch\/de\/wp-json\/wp\/v2\/media?parent=5201"}],"wp:term":[{"taxonomy":"product_brand","embeddable":true,"href":"https:\/\/www.orthorehab.ch\/de\/wp-json\/wp\/v2\/product_brand?post=5201"},{"taxonomy":"product_cat","embeddable":true,"href":"https:\/\/www.orthorehab.ch\/de\/wp-json\/wp\/v2\/product_cat?post=5201"},{"taxonomy":"product_tag","embeddable":true,"href":"https:\/\/www.orthorehab.ch\/de\/wp-json\/wp\/v2\/product_tag?post=5201"}],"curies":[{"name":"wp","href":"https:\/\/api.w.org\/{rel}","templated":true}]}}