{"id":5174,"date":"2025-02-22T16:28:55","date_gmt":"2025-02-22T16:28:55","guid":{"rendered":"https:\/\/www.orthorehab.ch\/?post_type=product&#038;p=5174"},"modified":"2026-04-13T13:28:38","modified_gmt":"2026-04-13T11:28:38","slug":"donjoy-strapilax-genou","status":"publish","type":"product","link":"https:\/\/www.orthorehab.ch\/de\/product\/donjoy-strapilax-genou\/","title":{"rendered":"DONJOY Strapilax\u00ae Knie"},"content":{"rendered":"<h4>St\u00fctze und Kompression<\/h4>\n<p>Kombination aus St\u00fctze und Kompression in einer einzigen, konturierten Knieorthese.<\/p>\n<p>&nbsp;<\/p>\n<h5>Beschreibung :<\/h5>\n<ul>\n<li>Pr\u00e4vention bei Knie\u00fcberbeweglichkeit.<\/li>\n<li>Unterst\u00fctzung und Kompression nach einer leichten Verletzung der lateralen B\u00e4nder des Knies (LLI\/LLE).<\/li>\n<li>Propriozeption und Verletzungspr\u00e4vention bei sportlichen Aktivit\u00e4ten.<\/li>\n<li>Leichte Kniearthrose<\/li>\n<\/ul>\n<h5>Merkmale :<\/h5>\n<ul>\n<li>Abnehmbarer und intuitiver 140 x 5 cm Verst\u00e4rkungsgurt mit Samtgriff zur Verst\u00e4rkung der Unterst\u00fctzung (LLI oder LLE) bei gleichzeitigem Schutz des Strickteils.<\/li>\n<li>Komfortzonen mit lockererer Netzstruktur in der Kniekehle.<\/li>\n<li>Offensichtlich gibt es einen Patellastabilisator aus SBR-Schaumstoff, der das Kugelgelenk in der richtigen Position h\u00e4lt.<\/li>\n<li>Rutschfester Silikonstreifen.<\/li>\n<li>Beidseitig flexible Rippen.<\/li>\n<li>Weiche Textur und atmungsaktives Material. Latexfrei.<\/li>\n<li>Bilaterales Modell.<\/li>\n<li>Disponible en 8 tailles (de P\u00e9diatrique\/T0 \u00e0 T7). Pour une taille sup\u00e9rieure, voir article &#8220;Donjoy GenuForce)<\/li>\n<\/ul>","protected":false},"excerpt":{"rendered":"<p>Kombination aus St\u00fctze und Kompression in einer einzigen, konturierten Knieorthese.<\/p>\n<p><strong>LiMA-Position:<\/strong><\/p>\n<p>05.04.12.00.1 \u2013 Anatomisch geformter Knieverband mit Kompressionspolster(n)<\/p>","protected":false},"featured_media":5176,"template":"","meta":{"site-sidebar-layout":"default","site-content-layout":"","ast-site-content-layout":"default","site-content-style":"default","site-sidebar-style":"default","ast-global-header-display":"","ast-banner-title-visibility":"","ast-main-header-display":"","ast-hfb-above-header-display":"","ast-hfb-below-header-display":"","ast-hfb-mobile-header-display":"","site-post-title":"","ast-breadcrumbs-content":"","ast-featured-img":"","footer-sml-layout":"","ast-disable-related-posts":"","theme-transparent-header-meta":"default","adv-header-id-meta":"","stick-header-meta":"","header-above-stick-meta":"","header-main-stick-meta":"","header-below-stick-meta":"","astra-migrate-meta-layouts":"set","ast-page-background-enabled":"default","ast-page-background-meta":{"desktop":{"background-color":"var(--ast-global-color-5)","background-image":"","background-repeat":"repeat","background-position":"center center","background-size":"auto","background-attachment":"scroll","background-type":"","background-media":"","overlay-type":"","overlay-color":"","overlay-opacity":"","overlay-gradient":""},"tablet":{"background-color":"","background-image":"","background-repeat":"repeat","background-position":"center center","background-size":"auto","background-attachment":"scroll","background-type":"","background-media":"","overlay-type":"","overlay-color":"","overlay-opacity":"","overlay-gradient":""},"mobile":{"background-color":"","background-image":"","background-repeat":"repeat","background-position":"center center","background-size":"auto","background-attachment":"scroll","background-type":"","background-media":"","overlay-type":"","overlay-color":"","overlay-opacity":"","overlay-gradient":""}},"ast-content-background-meta":{"desktop":{"background-color":"var(--ast-global-color-4)","background-image":"","background-repeat":"repeat","background-position":"center center","background-size":"auto","background-attachment":"scroll","background-type":"","background-media":"","overlay-type":"","overlay-color":"","overlay-opacity":"","overlay-gradient":""},"tablet":{"background-color":"var(--ast-global-color-4)","background-image":"","background-repeat":"repeat","background-position":"center center","background-size":"auto","background-attachment":"scroll","background-type":"","background-media":"","overlay-type":"","overlay-color":"","overlay-opacity":"","overlay-gradient":""},"mobile":{"background-color":"var(--ast-global-color-4)","background-image":"","background-repeat":"repeat","background-position":"center center","background-size":"auto","background-attachment":"scroll","background-type":"","background-media":"","overlay-type":"","overlay-color":"","overlay-opacity":"","overlay-gradient":""}}},"product_brand":[],"product_cat":[92],"product_tag":[],"class_list":{"0":"post-5174","1":"product","2":"type-product","3":"status-publish","4":"has-post-thumbnail","6":"product_cat-genou","7":"desktop-align-left","8":"tablet-align-left","9":"mobile-align-left","11":"first","12":"instock","13":"taxable","14":"shipping-taxable","15":"purchasable","16":"product-type-variable"},"_links":{"self":[{"href":"https:\/\/www.orthorehab.ch\/de\/wp-json\/wp\/v2\/product\/5174","targetHints":{"allow":["GET"]}}],"collection":[{"href":"https:\/\/www.orthorehab.ch\/de\/wp-json\/wp\/v2\/product"}],"about":[{"href":"https:\/\/www.orthorehab.ch\/de\/wp-json\/wp\/v2\/types\/product"}],"version-history":[{"count":2,"href":"https:\/\/www.orthorehab.ch\/de\/wp-json\/wp\/v2\/product\/5174\/revisions"}],"predecessor-version":[{"id":8944,"href":"https:\/\/www.orthorehab.ch\/de\/wp-json\/wp\/v2\/product\/5174\/revisions\/8944"}],"wp:featuredmedia":[{"embeddable":true,"href":"https:\/\/www.orthorehab.ch\/de\/wp-json\/wp\/v2\/media\/5176"}],"wp:attachment":[{"href":"https:\/\/www.orthorehab.ch\/de\/wp-json\/wp\/v2\/media?parent=5174"}],"wp:term":[{"taxonomy":"product_brand","embeddable":true,"href":"https:\/\/www.orthorehab.ch\/de\/wp-json\/wp\/v2\/product_brand?post=5174"},{"taxonomy":"product_cat","embeddable":true,"href":"https:\/\/www.orthorehab.ch\/de\/wp-json\/wp\/v2\/product_cat?post=5174"},{"taxonomy":"product_tag","embeddable":true,"href":"https:\/\/www.orthorehab.ch\/de\/wp-json\/wp\/v2\/product_tag?post=5174"}],"curies":[{"name":"wp","href":"https:\/\/api.w.org\/{rel}","templated":true}]}}