{"id":5170,"date":"2025-02-22T16:25:07","date_gmt":"2025-02-22T16:25:07","guid":{"rendered":"https:\/\/www.orthorehab.ch\/?post_type=product&#038;p=5170"},"modified":"2026-03-13T12:37:18","modified_gmt":"2026-03-13T11:37:18","slug":"donjoy-strapilax-compression-de-la-cheville","status":"publish","type":"product","link":"https:\/\/www.orthorehab.ch\/de\/product\/donjoy-strapilax-compression-de-la-cheville\/","title":{"rendered":"DONJOY Strapilax\u00ae Kn\u00f6chel"},"content":{"rendered":"<h4>St\u00fctze und Kompression<\/h4>\n<p>Diese Kn\u00f6chelbandage mit konturierter Form bietet Halt und Kompression.<\/p>\n<p>&nbsp;<\/p>\n<h5>Beschreibung :<\/h5>\n<ul>\n<li>Phase aigu\u00eb de l&#8217;entorse l\u00e9g\u00e8re de la cheville (LLI\/LLE &#8211; stade 1)<\/li>\n<li>Chronische Sprunggelenksinstabilit\u00e4t.<\/li>\n<li>Unterst\u00fctzung und Stabilisierung bei akuten und chronischen Sprunggelenksverletzungen.<\/li>\n<li>Proprioception et pr\u00e9vention des blessures lors d&#8217;activit\u00e9s sportives.<\/li>\n<li>Leichte Arthrose des Sprunggelenks.<\/li>\n<\/ul>\n<h5>Merkmale :<\/h5>\n<ul>\n<li>Verst\u00e4rkung des Kn\u00f6chelschutzes (SBR-Schaumstoffeinlagen).<\/li>\n<li>Abnehmbarer und intuitiver 80 x 5 cm Verst\u00e4rkungsgurt mit Samtgriff zur Verst\u00e4rkung der Unterst\u00fctzung (LLI oder LLE) bei gleichzeitigem Schutz des Strickteils.<\/li>\n<li>Weiche Textur.<\/li>\n<li>Atmungsaktives Gewebe. Latexfrei.<\/li>\n<li>Es l\u00e4sst sich problemlos im Schuh tragen.<\/li>\n<li>Leichtgewicht: 50 g.<\/li>\n<li>Bilaterales Modell.<\/li>\n<li>Erh\u00e4ltlich in 7 Gr\u00f6\u00dfen (von P\u00e4diatrie\/T0 bis T6).<\/li>\n<\/ul>\n<p>&nbsp;<\/p>","protected":false},"excerpt":{"rendered":"<p>Diese Kn\u00f6chelbandage mit konturierter Form bietet Halt und Kompression.<\/p>\n<p><strong>LiMA-Position:<\/strong><\/p>\n<p>05.02.12.00.1 \u2013 Anatomischer Kn\u00f6chelkompressionsverband mit Polster(n)<\/p>","protected":false},"featured_media":5171,"template":"","meta":{"site-sidebar-layout":"default","site-content-layout":"","ast-site-content-layout":"default","site-content-style":"default","site-sidebar-style":"default","ast-global-header-display":"","ast-banner-title-visibility":"","ast-main-header-display":"","ast-hfb-above-header-display":"","ast-hfb-below-header-display":"","ast-hfb-mobile-header-display":"","site-post-title":"","ast-breadcrumbs-content":"","ast-featured-img":"","footer-sml-layout":"","ast-disable-related-posts":"","theme-transparent-header-meta":"default","adv-header-id-meta":"","stick-header-meta":"","header-above-stick-meta":"","header-main-stick-meta":"","header-below-stick-meta":"","astra-migrate-meta-layouts":"set","ast-page-background-enabled":"default","ast-page-background-meta":{"desktop":{"background-color":"var(--ast-global-color-5)","background-image":"","background-repeat":"repeat","background-position":"center center","background-size":"auto","background-attachment":"scroll","background-type":"","background-media":"","overlay-type":"","overlay-color":"","overlay-opacity":"","overlay-gradient":""},"tablet":{"background-color":"","background-image":"","background-repeat":"repeat","background-position":"center center","background-size":"auto","background-attachment":"scroll","background-type":"","background-media":"","overlay-type":"","overlay-color":"","overlay-opacity":"","overlay-gradient":""},"mobile":{"background-color":"","background-image":"","background-repeat":"repeat","background-position":"center center","background-size":"auto","background-attachment":"scroll","background-type":"","background-media":"","overlay-type":"","overlay-color":"","overlay-opacity":"","overlay-gradient":""}},"ast-content-background-meta":{"desktop":{"background-color":"var(--ast-global-color-4)","background-image":"","background-repeat":"repeat","background-position":"center center","background-size":"auto","background-attachment":"scroll","background-type":"","background-media":"","overlay-type":"","overlay-color":"","overlay-opacity":"","overlay-gradient":""},"tablet":{"background-color":"var(--ast-global-color-4)","background-image":"","background-repeat":"repeat","background-position":"center center","background-size":"auto","background-attachment":"scroll","background-type":"","background-media":"","overlay-type":"","overlay-color":"","overlay-opacity":"","overlay-gradient":""},"mobile":{"background-color":"var(--ast-global-color-4)","background-image":"","background-repeat":"repeat","background-position":"center center","background-size":"auto","background-attachment":"scroll","background-type":"","background-media":"","overlay-type":"","overlay-color":"","overlay-opacity":"","overlay-gradient":""}}},"product_brand":[],"product_cat":[111],"product_tag":[],"class_list":{"0":"post-5170","1":"product","2":"type-product","3":"status-publish","4":"has-post-thumbnail","6":"product_cat-cheville","7":"desktop-align-left","8":"tablet-align-left","9":"mobile-align-left","11":"first","12":"instock","13":"taxable","14":"shipping-taxable","15":"purchasable","16":"product-type-variable"},"_links":{"self":[{"href":"https:\/\/www.orthorehab.ch\/de\/wp-json\/wp\/v2\/product\/5170","targetHints":{"allow":["GET"]}}],"collection":[{"href":"https:\/\/www.orthorehab.ch\/de\/wp-json\/wp\/v2\/product"}],"about":[{"href":"https:\/\/www.orthorehab.ch\/de\/wp-json\/wp\/v2\/types\/product"}],"version-history":[{"count":2,"href":"https:\/\/www.orthorehab.ch\/de\/wp-json\/wp\/v2\/product\/5170\/revisions"}],"predecessor-version":[{"id":8996,"href":"https:\/\/www.orthorehab.ch\/de\/wp-json\/wp\/v2\/product\/5170\/revisions\/8996"}],"wp:featuredmedia":[{"embeddable":true,"href":"https:\/\/www.orthorehab.ch\/de\/wp-json\/wp\/v2\/media\/5171"}],"wp:attachment":[{"href":"https:\/\/www.orthorehab.ch\/de\/wp-json\/wp\/v2\/media?parent=5170"}],"wp:term":[{"taxonomy":"product_brand","embeddable":true,"href":"https:\/\/www.orthorehab.ch\/de\/wp-json\/wp\/v2\/product_brand?post=5170"},{"taxonomy":"product_cat","embeddable":true,"href":"https:\/\/www.orthorehab.ch\/de\/wp-json\/wp\/v2\/product_cat?post=5170"},{"taxonomy":"product_tag","embeddable":true,"href":"https:\/\/www.orthorehab.ch\/de\/wp-json\/wp\/v2\/product_tag?post=5170"}],"curies":[{"name":"wp","href":"https:\/\/api.w.org\/{rel}","templated":true}]}}