{"id":5056,"date":"2025-02-11T18:37:50","date_gmt":"2025-02-11T18:37:50","guid":{"rendered":"https:\/\/www.orthorehab.ch\/?post_type=product&#038;p=5056"},"modified":"2026-04-13T13:28:38","modified_gmt":"2026-04-13T11:28:38","slug":"donjoy-playxpert-wrap","status":"publish","type":"product","link":"https:\/\/www.orthorehab.ch\/de\/product\/donjoy-playxpert-wrap\/","title":{"rendered":"Donjoy PlayXpert Kniebandage"},"content":{"rendered":"<h4>Unterst\u00fctzung und Wiederaufnahme des Sports<\/h4>\n<p>Optimale Unterst\u00fctzung und Schutz f\u00fcr instabile, verletzte oder in der Rehabilitation befindliche Knie sowie f\u00fcr leichte bis mittelschwere B\u00e4nderverletzungen.<\/p>\n<p>&nbsp;<\/p>\n<h5>Beschreibung:<\/h5>\n<ul>\n<li>Chronische leichte bis mittelschwere Instabilit\u00e4t der lateralen B\u00e4nder des Knies (LLI oder LLE).<\/li>\n<li>Isolierte leichte Verstauchung (LMI) in der akuten Phase.<\/li>\n<li>Genesung\/Pr\u00e4vention.<\/li>\n<\/ul>\n<h5>Merkmale:<\/h5>\n<ul>\n<li>Rundum-Design f\u00fcr einfache Anwendung.<\/li>\n<li>Wrap-Version: L\u00e4sst sich vollst\u00e4ndig \u00f6ffnen.<\/li>\n<li>Polyzentrisch gelenkige Aluminiumrippen, abnehmbar f\u00fcr erh\u00f6hte beidseitige Unterst\u00fctzung.<\/li>\n<li>Kompressionsf\u00e4higes und atmungsaktives, offen gewebtes Material.<\/li>\n<li>Kniekehleneinsatz aus weichem Lycra\u00ae f\u00fcr hervorragenden Tragekomfort.<\/li>\n<li>Bilaterales Modell.<\/li>\n<li>Erh\u00e4ltlich in 7 Gr\u00f6\u00dfen (von XS bis XXXL).<\/li>\n<\/ul>\n<p>&nbsp;<\/p>","protected":false},"excerpt":{"rendered":"<p>Optimale Unterst\u00fctzung und Schutz f\u00fcr instabile, verletzte oder in der Rehabilitation befindliche Knie sowie f\u00fcr leichte bis mittelschwere B\u00e4nderverletzungen.<\/p>\n<p><strong>LiMA-Position: <\/strong><\/p>\n<p>05.04.13.00.1 \u2013 Anatomisch geformter Knieverband mit Kompression, mit Polster(n) und Element(en)<br \/>\nzus\u00e4tzliche Funktion(en)<\/p>","protected":false},"featured_media":7210,"template":"","meta":{"site-sidebar-layout":"default","site-content-layout":"","ast-site-content-layout":"default","site-content-style":"default","site-sidebar-style":"default","ast-global-header-display":"","ast-banner-title-visibility":"","ast-main-header-display":"","ast-hfb-above-header-display":"","ast-hfb-below-header-display":"","ast-hfb-mobile-header-display":"","site-post-title":"","ast-breadcrumbs-content":"","ast-featured-img":"","footer-sml-layout":"","ast-disable-related-posts":"","theme-transparent-header-meta":"default","adv-header-id-meta":"","stick-header-meta":"","header-above-stick-meta":"","header-main-stick-meta":"","header-below-stick-meta":"","astra-migrate-meta-layouts":"set","ast-page-background-enabled":"default","ast-page-background-meta":{"desktop":{"background-color":"var(--ast-global-color-5)","background-image":"","background-repeat":"repeat","background-position":"center center","background-size":"auto","background-attachment":"scroll","background-type":"","background-media":"","overlay-type":"","overlay-color":"","overlay-opacity":"","overlay-gradient":""},"tablet":{"background-color":"","background-image":"","background-repeat":"repeat","background-position":"center center","background-size":"auto","background-attachment":"scroll","background-type":"","background-media":"","overlay-type":"","overlay-color":"","overlay-opacity":"","overlay-gradient":""},"mobile":{"background-color":"","background-image":"","background-repeat":"repeat","background-position":"center center","background-size":"auto","background-attachment":"scroll","background-type":"","background-media":"","overlay-type":"","overlay-color":"","overlay-opacity":"","overlay-gradient":""}},"ast-content-background-meta":{"desktop":{"background-color":"var(--ast-global-color-4)","background-image":"","background-repeat":"repeat","background-position":"center center","background-size":"auto","background-attachment":"scroll","background-type":"","background-media":"","overlay-type":"","overlay-color":"","overlay-opacity":"","overlay-gradient":""},"tablet":{"background-color":"var(--ast-global-color-4)","background-image":"","background-repeat":"repeat","background-position":"center center","background-size":"auto","background-attachment":"scroll","background-type":"","background-media":"","overlay-type":"","overlay-color":"","overlay-opacity":"","overlay-gradient":""},"mobile":{"background-color":"var(--ast-global-color-4)","background-image":"","background-repeat":"repeat","background-position":"center center","background-size":"auto","background-attachment":"scroll","background-type":"","background-media":"","overlay-type":"","overlay-color":"","overlay-opacity":"","overlay-gradient":""}}},"product_brand":[],"product_cat":[92],"product_tag":[96,98,134,99],"class_list":{"0":"post-5056","1":"product","2":"type-product","3":"status-publish","4":"has-post-thumbnail","6":"product_cat-genou","7":"product_tag-genou","8":"product_tag-orthese","9":"product_tag-playxpert","10":"product_tag-rembourse","11":"desktop-align-left","12":"tablet-align-left","13":"mobile-align-left","15":"first","16":"instock","17":"taxable","18":"shipping-taxable","19":"purchasable","20":"product-type-variable","21":"has-default-attributes"},"_links":{"self":[{"href":"https:\/\/www.orthorehab.ch\/de\/wp-json\/wp\/v2\/product\/5056","targetHints":{"allow":["GET"]}}],"collection":[{"href":"https:\/\/www.orthorehab.ch\/de\/wp-json\/wp\/v2\/product"}],"about":[{"href":"https:\/\/www.orthorehab.ch\/de\/wp-json\/wp\/v2\/types\/product"}],"version-history":[{"count":1,"href":"https:\/\/www.orthorehab.ch\/de\/wp-json\/wp\/v2\/product\/5056\/revisions"}],"predecessor-version":[{"id":8946,"href":"https:\/\/www.orthorehab.ch\/de\/wp-json\/wp\/v2\/product\/5056\/revisions\/8946"}],"wp:featuredmedia":[{"embeddable":true,"href":"https:\/\/www.orthorehab.ch\/de\/wp-json\/wp\/v2\/media\/7210"}],"wp:attachment":[{"href":"https:\/\/www.orthorehab.ch\/de\/wp-json\/wp\/v2\/media?parent=5056"}],"wp:term":[{"taxonomy":"product_brand","embeddable":true,"href":"https:\/\/www.orthorehab.ch\/de\/wp-json\/wp\/v2\/product_brand?post=5056"},{"taxonomy":"product_cat","embeddable":true,"href":"https:\/\/www.orthorehab.ch\/de\/wp-json\/wp\/v2\/product_cat?post=5056"},{"taxonomy":"product_tag","embeddable":true,"href":"https:\/\/www.orthorehab.ch\/de\/wp-json\/wp\/v2\/product_tag?post=5056"}],"curies":[{"name":"wp","href":"https:\/\/api.w.org\/{rel}","templated":true}]}}