{"id":5049,"date":"2024-11-03T15:44:36","date_gmt":"2024-11-03T15:44:36","guid":{"rendered":"https:\/\/www.orthorehab.ch\/?post_type=product&#038;p=5049"},"modified":"2026-02-09T08:52:44","modified_gmt":"2026-02-09T07:52:44","slug":"cannes-anglaises-modele-adulte","status":"publish","type":"product","link":"https:\/\/www.orthorehab.ch\/de\/product\/cannes-anglaises-modele-adulte\/","title":{"rendered":"DONJOY\u00ae Englische Spazierst\u00f6cke \u2013 Erwachsene"},"content":{"rendered":"<h4>Englische St\u00f6cke<\/h4>\n<p>Englische Gehst\u00f6cke, die zur Unterst\u00fctzung beim Gehen im Falle einer Verletzung oder bei Bedarf an Stabilit\u00e4t dienen.<\/p>\n<p>&nbsp;<\/p>\n<h5>Beschreibung:<\/h5>\n<ul>\n<li>Gehhilfe bei Verletzungen oder Stabilit\u00e4tsbedarf<\/li>\n<li>Usage \u00e0 l&#8217;int\u00e9rieur et \u00e0 l&#8217;ext\u00e9rieur<\/li>\n<\/ul>\n<h5>Merkmale :<\/h5>\n<ul>\n<li>Unterrohr mit ger\u00e4uschd\u00e4mpfendem Stopfen<\/li>\n<li>Sehr komfortabler Designergriff<\/li>\n<li>Hergestellt in Frankreich<\/li>\n<li>Gewicht des Gehstocks: 480 g (Erwachsener) und 331 g (Kind)<\/li>\n<\/ul>\n<h6 style=\"padding-left: 40px;\">Erwachsenenmodel:<\/h6>\n<ul>\n<li style=\"list-style-type: none;\">\n<ul>\n<li>H\u00f6he vom Griff bis zum Boden: 77 bis 98 cm<\/li>\n<li>Armlehnenh\u00f6he: 22 cm<\/li>\n<li>Breite der Armlehne: 11 cm<\/li>\n<li>Ersatzspitzen f\u00fcr englische Spazierst\u00f6cke erh\u00e4ltlich (Artikelnummer 25-920100)<\/li>\n<\/ul>\n<\/li>\n<\/ul>\n<p>Kindermodell auf Bestellung erh\u00e4ltlich. Lieferzeit 7 bis 10 Tage.<\/p>","protected":false},"excerpt":{"rendered":"<p>Gehst\u00f6cke zur Unterst\u00fctzung beim Gehen bei Verletzungen oder wenn Stabilit\u00e4t ben\u00f6tigt wird. Modell f\u00fcr Erwachsene. (Kindermodell auf Anfrage erh\u00e4ltlich. Lieferzeit 7 bis 10 Tage.)<\/p>\n<p><strong>LiMA-Position:<\/strong><\/p>\n<p>10.01.01.00.1 \u2013 Kr\u00fccken f\u00fcr Erwachsene, ergonomischer Griff<\/p>","protected":false},"featured_media":5050,"template":"","meta":{"site-sidebar-layout":"default","site-content-layout":"","ast-site-content-layout":"default","site-content-style":"default","site-sidebar-style":"default","ast-global-header-display":"","ast-banner-title-visibility":"","ast-main-header-display":"","ast-hfb-above-header-display":"","ast-hfb-below-header-display":"","ast-hfb-mobile-header-display":"","site-post-title":"","ast-breadcrumbs-content":"","ast-featured-img":"","footer-sml-layout":"","ast-disable-related-posts":"","theme-transparent-header-meta":"default","adv-header-id-meta":"","stick-header-meta":"","header-above-stick-meta":"","header-main-stick-meta":"","header-below-stick-meta":"","astra-migrate-meta-layouts":"set","ast-page-background-enabled":"default","ast-page-background-meta":{"desktop":{"background-color":"var(--ast-global-color-5)","background-image":"","background-repeat":"repeat","background-position":"center center","background-size":"auto","background-attachment":"scroll","background-type":"","background-media":"","overlay-type":"","overlay-color":"","overlay-opacity":"","overlay-gradient":""},"tablet":{"background-color":"","background-image":"","background-repeat":"repeat","background-position":"center center","background-size":"auto","background-attachment":"scroll","background-type":"","background-media":"","overlay-type":"","overlay-color":"","overlay-opacity":"","overlay-gradient":""},"mobile":{"background-color":"","background-image":"","background-repeat":"repeat","background-position":"center center","background-size":"auto","background-attachment":"scroll","background-type":"","background-media":"","overlay-type":"","overlay-color":"","overlay-opacity":"","overlay-gradient":""}},"ast-content-background-meta":{"desktop":{"background-color":"var(--ast-global-color-4)","background-image":"","background-repeat":"repeat","background-position":"center center","background-size":"auto","background-attachment":"scroll","background-type":"","background-media":"","overlay-type":"","overlay-color":"","overlay-opacity":"","overlay-gradient":""},"tablet":{"background-color":"var(--ast-global-color-4)","background-image":"","background-repeat":"repeat","background-position":"center center","background-size":"auto","background-attachment":"scroll","background-type":"","background-media":"","overlay-type":"","overlay-color":"","overlay-opacity":"","overlay-gradient":""},"mobile":{"background-color":"var(--ast-global-color-4)","background-image":"","background-repeat":"repeat","background-position":"center center","background-size":"auto","background-attachment":"scroll","background-type":"","background-media":"","overlay-type":"","overlay-color":"","overlay-opacity":"","overlay-gradient":""}}},"product_brand":[],"product_cat":[176],"product_tag":[],"class_list":{"0":"post-5049","1":"product","2":"type-product","3":"status-publish","4":"has-post-thumbnail","6":"product_cat-autres","7":"desktop-align-left","8":"tablet-align-left","9":"mobile-align-left","11":"first","12":"instock","13":"taxable","14":"shipping-taxable","15":"purchasable","16":"product-type-simple"},"_links":{"self":[{"href":"https:\/\/www.orthorehab.ch\/de\/wp-json\/wp\/v2\/product\/5049","targetHints":{"allow":["GET"]}}],"collection":[{"href":"https:\/\/www.orthorehab.ch\/de\/wp-json\/wp\/v2\/product"}],"about":[{"href":"https:\/\/www.orthorehab.ch\/de\/wp-json\/wp\/v2\/types\/product"}],"version-history":[{"count":0,"href":"https:\/\/www.orthorehab.ch\/de\/wp-json\/wp\/v2\/product\/5049\/revisions"}],"wp:featuredmedia":[{"embeddable":true,"href":"https:\/\/www.orthorehab.ch\/de\/wp-json\/wp\/v2\/media\/5050"}],"wp:attachment":[{"href":"https:\/\/www.orthorehab.ch\/de\/wp-json\/wp\/v2\/media?parent=5049"}],"wp:term":[{"taxonomy":"product_brand","embeddable":true,"href":"https:\/\/www.orthorehab.ch\/de\/wp-json\/wp\/v2\/product_brand?post=5049"},{"taxonomy":"product_cat","embeddable":true,"href":"https:\/\/www.orthorehab.ch\/de\/wp-json\/wp\/v2\/product_cat?post=5049"},{"taxonomy":"product_tag","embeddable":true,"href":"https:\/\/www.orthorehab.ch\/de\/wp-json\/wp\/v2\/product_tag?post=5049"}],"curies":[{"name":"wp","href":"https:\/\/api.w.org\/{rel}","templated":true}]}}