{"id":2770,"date":"2020-07-06T17:58:24","date_gmt":"2020-07-06T17:58:24","guid":{"rendered":"https:\/\/www.orthorehab.ch\/?post_type=product&#038;p=2770"},"modified":"2026-02-12T21:13:30","modified_gmt":"2026-02-12T20:13:30","slug":"attelle-de-coude-igloo","status":"publish","type":"product","link":"https:\/\/www.orthorehab.ch\/de\/product\/attelle-de-coude-igloo\/","title":{"rendered":"IGLOO\u00ae Elbow"},"content":{"rendered":"<h4>Kompressionsverband und Kryotherapie<\/h4>\n<p>Ellenbogen-Kompressionsverband mit Polster(n) und K\u00fchlpackung<\/p>\n<p>&nbsp;<\/p>\n<h5>Beschreibung:<\/h5>\n<ul>\n<li>Reduziert und lindert Schmerzen dank der schmerzlindernden Wirkung von K\u00e4lte<\/li>\n<li>Muskelrelaxans<\/li>\n<li>Rehabilitation leichter gemacht<\/li>\n<\/ul>\n<h5>Merkmale:<\/h5>\n<ul>\n<li>Komfort und einfache Handhabung dank 2 selbstklebender Samtriemen.<\/li>\n<li>Optimale Passform und hervorragende Gelverteilung dank Luftpumpe. 1 Gelpack f\u00fcr optimale Behandlung inklusive.<\/li>\n<li>Abmessungen: Ungef\u00e4hr 35,7 cm breit (ohne B\u00e4nder) x 29,5 cm hoch, mit sehr weichen, schwarzen Samt-Klettverschl\u00fcssen.<\/li>\n<\/ul>","protected":false},"excerpt":{"rendered":"<p>Ellenbogen-Kompressionsverband mit Polster(n) und K\u00fchlpackung<\/p>\n<p><strong>LiMA-Position:<\/strong><\/p>\n<p>05.08.07.00.1 \u2013 Ellenbogen-Kompressionsverband mit Polster(n)<br \/>\n16.01.02.00.1 \u2013 Warmer\/kalter Umschlag<\/p>","protected":false},"featured_media":5026,"template":"","meta":{"site-sidebar-layout":"default","site-content-layout":"","ast-site-content-layout":"default","site-content-style":"default","site-sidebar-style":"default","ast-global-header-display":"","ast-banner-title-visibility":"","ast-main-header-display":"","ast-hfb-above-header-display":"","ast-hfb-below-header-display":"","ast-hfb-mobile-header-display":"","site-post-title":"","ast-breadcrumbs-content":"","ast-featured-img":"","footer-sml-layout":"","ast-disable-related-posts":"","theme-transparent-header-meta":"default","adv-header-id-meta":"","stick-header-meta":"","header-above-stick-meta":"","header-main-stick-meta":"","header-below-stick-meta":"","astra-migrate-meta-layouts":"set","ast-page-background-enabled":"default","ast-page-background-meta":{"desktop":{"background-color":"var(--ast-global-color-5)","background-image":"","background-repeat":"repeat","background-position":"center center","background-size":"auto","background-attachment":"scroll","background-type":"","background-media":"","overlay-type":"","overlay-color":"","overlay-opacity":"","overlay-gradient":""},"tablet":{"background-color":"","background-image":"","background-repeat":"repeat","background-position":"center center","background-size":"auto","background-attachment":"scroll","background-type":"","background-media":"","overlay-type":"","overlay-color":"","overlay-opacity":"","overlay-gradient":""},"mobile":{"background-color":"","background-image":"","background-repeat":"repeat","background-position":"center center","background-size":"auto","background-attachment":"scroll","background-type":"","background-media":"","overlay-type":"","overlay-color":"","overlay-opacity":"","overlay-gradient":""}},"ast-content-background-meta":{"desktop":{"background-color":"var(--ast-global-color-4)","background-image":"","background-repeat":"repeat","background-position":"center center","background-size":"auto","background-attachment":"scroll","background-type":"","background-media":"","overlay-type":"","overlay-color":"","overlay-opacity":"","overlay-gradient":""},"tablet":{"background-color":"var(--ast-global-color-4)","background-image":"","background-repeat":"repeat","background-position":"center center","background-size":"auto","background-attachment":"scroll","background-type":"","background-media":"","overlay-type":"","overlay-color":"","overlay-opacity":"","overlay-gradient":""},"mobile":{"background-color":"var(--ast-global-color-4)","background-image":"","background-repeat":"repeat","background-position":"center center","background-size":"auto","background-attachment":"scroll","background-type":"","background-media":"","overlay-type":"","overlay-color":"","overlay-opacity":"","overlay-gradient":""}}},"product_brand":[],"product_cat":[108],"product_tag":[94,110,95,97,98,99],"class_list":{"0":"post-2770","1":"product","2":"type-product","3":"status-publish","4":"has-post-thumbnail","6":"product_cat-coude","7":"product_tag-compression","8":"product_tag-coude","9":"product_tag-cryotherapie","10":"product_tag-igloo","11":"product_tag-orthese","12":"product_tag-rembourse","13":"desktop-align-left","14":"tablet-align-left","15":"mobile-align-left","17":"first","18":"instock","19":"taxable","20":"shipping-taxable","21":"purchasable","22":"product-type-variable","23":"has-default-attributes"},"_links":{"self":[{"href":"https:\/\/www.orthorehab.ch\/de\/wp-json\/wp\/v2\/product\/2770","targetHints":{"allow":["GET"]}}],"collection":[{"href":"https:\/\/www.orthorehab.ch\/de\/wp-json\/wp\/v2\/product"}],"about":[{"href":"https:\/\/www.orthorehab.ch\/de\/wp-json\/wp\/v2\/types\/product"}],"version-history":[{"count":2,"href":"https:\/\/www.orthorehab.ch\/de\/wp-json\/wp\/v2\/product\/2770\/revisions"}],"predecessor-version":[{"id":8988,"href":"https:\/\/www.orthorehab.ch\/de\/wp-json\/wp\/v2\/product\/2770\/revisions\/8988"}],"wp:featuredmedia":[{"embeddable":true,"href":"https:\/\/www.orthorehab.ch\/de\/wp-json\/wp\/v2\/media\/5026"}],"wp:attachment":[{"href":"https:\/\/www.orthorehab.ch\/de\/wp-json\/wp\/v2\/media?parent=2770"}],"wp:term":[{"taxonomy":"product_brand","embeddable":true,"href":"https:\/\/www.orthorehab.ch\/de\/wp-json\/wp\/v2\/product_brand?post=2770"},{"taxonomy":"product_cat","embeddable":true,"href":"https:\/\/www.orthorehab.ch\/de\/wp-json\/wp\/v2\/product_cat?post=2770"},{"taxonomy":"product_tag","embeddable":true,"href":"https:\/\/www.orthorehab.ch\/de\/wp-json\/wp\/v2\/product_tag?post=2770"}],"curies":[{"name":"wp","href":"https:\/\/api.w.org\/{rel}","templated":true}]}}