{"id":9030,"date":"2026-02-12T23:29:27","date_gmt":"2026-02-12T22:29:27","guid":{"rendered":"https:\/\/www.orthorehab.ch\/?page_id=9030"},"modified":"2026-02-13T00:05:30","modified_gmt":"2026-02-12T23:05:30","slug":"cree-son-acces-pro","status":"publish","type":"page","link":"https:\/\/www.orthorehab.ch\/de\/cree-son-acces-pro\/","title":{"rendered":"Erstellen Sie Ihren PRO-Zugang"},"content":{"rendered":"<div class=\"woocommerce\">\n\n\t<div class=\"woocommerce-notices-wrapper\"><\/div>\n\t<h2>Register<\/h2>\n\n\t<form method=\"post\" class=\"woocommerce-form woocommerce-form-register register\" action=\"\"  >\n\n\t\t\n\t\t\n\t\t<p class=\"woocommerce-form-row woocommerce-form-row--wide form-row form-row-wide\">\n\t\t\t<label for=\"reg_email\">Email address&nbsp;<span class=\"required\">*<\/span><\/label>\n            <input type=\"email\" class=\"woocommerce-Input woocommerce-Input--text input-text\" name=\"email\" id=\"reg_email\" autocomplete=\"email\" value=\"\" \/>\t\t<\/p>\n\n\t\t<p class=\"form-row validate-required\" id=\"wcwp-698e47271a0a8_field\" data-priority=\"\"><label for=\"wcwp-698e47271a0a8\" class=\"required_field\"> Vorname&nbsp;<span class=\"required\" aria-hidden=\"true\">*<\/span><\/label><span class=\"woocommerce-input-wrapper\"><input type=\"text\" class=\"input-text\" name=\"wcwp-698e47271a0a8\" id=\"wcwp-698e47271a0a8\" placeholder=\"\"  value=\"\" aria-required=\"true\" \/><\/span><\/p><p class=\"form-row validate-required\" id=\"wcwp-698e47271a0ab_field\" data-priority=\"\"><label for=\"wcwp-698e47271a0ab\" class=\"required_field\">Name&nbsp;<span class=\"required\" aria-hidden=\"true\">*<\/span><\/label><span class=\"woocommerce-input-wrapper\"><input type=\"text\" class=\"input-text\" name=\"wcwp-698e47271a0ab\" id=\"wcwp-698e47271a0ab\" placeholder=\"\"  value=\"\" aria-required=\"true\" \/><\/span><\/p><p class=\"form-row\" id=\"wcwp-698e47271a0ad_field\" data-priority=\"\"><label for=\"wcwp-698e47271a0ad\" class=\"\">Gesch\u00e4ft&nbsp;<span class=\"optional\">(optional)<\/span><\/label><span class=\"woocommerce-input-wrapper\"><input type=\"text\" class=\"input-text\" name=\"wcwp-698e47271a0ad\" id=\"wcwp-698e47271a0ad\" placeholder=\"\"  value=\"\"  \/><\/span><\/p><p class=\"form-row validate-required\" id=\"wcwp-698e47271a0ae_field\" data-priority=\"\"><label for=\"wcwp-698e47271a0ae\" class=\"required_field\">Adresszeile 1&nbsp;<span class=\"required\" aria-hidden=\"true\">*<\/span><\/label><span class=\"woocommerce-input-wrapper\"><input type=\"text\" class=\"input-text\" name=\"wcwp-698e47271a0ae\" id=\"wcwp-698e47271a0ae\" placeholder=\"\"  value=\"\" aria-required=\"true\" \/><\/span><\/p><p class=\"form-row\" id=\"wcwp-698e47271a0af_field\" data-priority=\"\"><label for=\"wcwp-698e47271a0af\" class=\"\">Adresszeile 2&nbsp;<span class=\"optional\">(optional)<\/span><\/label><span class=\"woocommerce-input-wrapper\"><input type=\"text\" class=\"input-text\" name=\"wcwp-698e47271a0af\" id=\"wcwp-698e47271a0af\" placeholder=\"\"  value=\"\"  \/><\/span><\/p><p class=\"form-row validate-required\" id=\"wcwp-698e47271a0b0_field\" data-priority=\"\"><label for=\"wcwp-698e47271a0b0\" class=\"required_field\">Stadt&nbsp;<span class=\"required\" aria-hidden=\"true\">*<\/span><\/label><span class=\"woocommerce-input-wrapper\"><input type=\"text\" class=\"input-text\" name=\"wcwp-698e47271a0b0\" id=\"wcwp-698e47271a0b0\" placeholder=\"\"  value=\"\" aria-required=\"true\" \/><\/span><\/p><p class=\"form-row validate-required\" id=\"wcwp-698e47271a0b3_field\" data-priority=\"\"><label for=\"wcwp-698e47271a0b3\" class=\"required_field\">Postleitzahl&nbsp;<span class=\"required\" aria-hidden=\"true\">*<\/span><\/label><span class=\"woocommerce-input-wrapper\"><input type=\"text\" class=\"input-text\" name=\"wcwp-698e47271a0b3\" id=\"wcwp-698e47271a0b3\" placeholder=\"\"  value=\"\" aria-required=\"true\" \/><\/span><\/p><p class=\"form-row validate-required\" id=\"wcwp-698e47271a0b4_field\" data-priority=\"\"><label for=\"wcwp-698e47271a0b4\" class=\"required_field\">Land\/Region&nbsp;<span class=\"required\" aria-hidden=\"true\">*<\/span><\/label><span class=\"woocommerce-input-wrapper\"><input type=\"text\" class=\"input-text\" name=\"wcwp-698e47271a0b4\" id=\"wcwp-698e47271a0b4\" placeholder=\"\"  value=\"\" aria-required=\"true\" \/><\/span><\/p><p class=\"form-row\" id=\"wcwp-698e47271a0b5_field\" data-priority=\"\"><label for=\"wcwp-698e47271a0b5\" class=\"\">Mehrwertsteuer&nbsp;<span class=\"optional\">(optional)<\/span><\/label><span class=\"woocommerce-input-wrapper\"><input type=\"text\" class=\"input-text\" name=\"wcwp-698e47271a0b5\" id=\"wcwp-698e47271a0b5\" placeholder=\"\"  value=\"\"  \/><\/span><\/p><p class=\"form-row validate-required\" id=\"wcwp-698e47271a0b7_field\" data-priority=\"\"><label for=\"wcwp-698e47271a0b7\" class=\"required_field\">Telefon&nbsp;<span class=\"required\" aria-hidden=\"true\">*<\/span><\/label><span class=\"woocommerce-input-wrapper\"><input type=\"text\" class=\"input-text\" name=\"wcwp-698e47271a0b7\" id=\"wcwp-698e47271a0b7\" placeholder=\"\"  value=\"\" aria-required=\"true\" \/><\/span><\/p><wc-order-attribution-inputs><\/wc-order-attribution-inputs><div class=\"woocommerce-privacy-policy-text\"><p>Ihre personenbezogenen Daten werden verwendet, um Sie w\u00e4hrend Ihres Besuchs auf der Website zu unterst\u00fctzen, den Zugriff auf Ihr Konto zu verwalten und f\u00fcr weitere in unserer Datenschutzerkl\u00e4rung beschriebene Zwecke. <a href=\"https:\/\/www.orthorehab.ch\/de\/conditions-dutilisation\/\">Nutzungsbedingungen<\/a>.<\/p>\n<\/div>\n\n\t\t\t\t\t<p>A password will be sent to your email address when your account is approved.<\/p>\n\t\t\n\t\t<p class=\"woocommerce-FormRow form-row\">\n\t\t\t<input type=\"hidden\" id=\"wcwp-register-nonce\" name=\"wcwp-register-nonce\" value=\"acddde6fa0\" \/><input type=\"hidden\" name=\"_wp_http_referer\" value=\"\/de\/wp-json\/wp\/v2\/pages\/9030\" \/>\t\t\t<button type=\"submit\" class=\"woocommerce-Button woocommerce-button button woocommerce-form-register__submit\" name=\"register\" value=\"Register\">Register<\/button>\n\t\t<\/p>\n\n\t\t\n\t<input type=\"hidden\" name=\"trp-form-language\" value=\"de\"\/><\/form>\n\n<\/div>\n\n\n\n\n\n<p><\/p>","protected":false},"excerpt":{"rendered":"","protected":false},"author":1,"featured_media":0,"parent":0,"menu_order":0,"comment_status":"closed","ping_status":"closed","template":"","meta":{"site-sidebar-layout":"default","site-content-layout":"","ast-site-content-layout":"default","site-content-style":"default","site-sidebar-style":"default","ast-global-header-display":"","ast-banner-title-visibility":"","ast-main-header-display":"","ast-hfb-above-header-display":"","ast-hfb-below-header-display":"","ast-hfb-mobile-header-display":"","site-post-title":"","ast-breadcrumbs-content":"","ast-featured-img":"","footer-sml-layout":"","ast-disable-related-posts":"","theme-transparent-header-meta":"","adv-header-id-meta":"","stick-header-meta":"","header-above-stick-meta":"","header-main-stick-meta":"","header-below-stick-meta":"","astra-migrate-meta-layouts":"default","ast-page-background-enabled":"default","ast-page-background-meta":{"desktop":{"background-color":"var(--ast-global-color-5)","background-image":"","background-repeat":"repeat","background-position":"center center","background-size":"auto","background-attachment":"scroll","background-type":"","background-media":"","overlay-type":"","overlay-color":"","overlay-opacity":"","overlay-gradient":""},"tablet":{"background-color":"","background-image":"","background-repeat":"repeat","background-position":"center center","background-size":"auto","background-attachment":"scroll","background-type":"","background-media":"","overlay-type":"","overlay-color":"","overlay-opacity":"","overlay-gradient":""},"mobile":{"background-color":"","background-image":"","background-repeat":"repeat","background-position":"center center","background-size":"auto","background-attachment":"scroll","background-type":"","background-media":"","overlay-type":"","overlay-color":"","overlay-opacity":"","overlay-gradient":""}},"ast-content-background-meta":{"desktop":{"background-color":"var(--ast-global-color-4)","background-image":"","background-repeat":"repeat","background-position":"center center","background-size":"auto","background-attachment":"scroll","background-type":"","background-media":"","overlay-type":"","overlay-color":"","overlay-opacity":"","overlay-gradient":""},"tablet":{"background-color":"var(--ast-global-color-4)","background-image":"","background-repeat":"repeat","background-position":"center center","background-size":"auto","background-attachment":"scroll","background-type":"","background-media":"","overlay-type":"","overlay-color":"","overlay-opacity":"","overlay-gradient":""},"mobile":{"background-color":"var(--ast-global-color-4)","background-image":"","background-repeat":"repeat","background-position":"center center","background-size":"auto","background-attachment":"scroll","background-type":"","background-media":"","overlay-type":"","overlay-color":"","overlay-opacity":"","overlay-gradient":""}},"footnotes":""},"class_list":["post-9030","page","type-page","status-publish","hentry"],"_links":{"self":[{"href":"https:\/\/www.orthorehab.ch\/de\/wp-json\/wp\/v2\/pages\/9030","targetHints":{"allow":["GET"]}}],"collection":[{"href":"https:\/\/www.orthorehab.ch\/de\/wp-json\/wp\/v2\/pages"}],"about":[{"href":"https:\/\/www.orthorehab.ch\/de\/wp-json\/wp\/v2\/types\/page"}],"author":[{"embeddable":true,"href":"https:\/\/www.orthorehab.ch\/de\/wp-json\/wp\/v2\/users\/1"}],"replies":[{"embeddable":true,"href":"https:\/\/www.orthorehab.ch\/de\/wp-json\/wp\/v2\/comments?post=9030"}],"version-history":[{"count":3,"href":"https:\/\/www.orthorehab.ch\/de\/wp-json\/wp\/v2\/pages\/9030\/revisions"}],"predecessor-version":[{"id":9035,"href":"https:\/\/www.orthorehab.ch\/de\/wp-json\/wp\/v2\/pages\/9030\/revisions\/9035"}],"wp:attachment":[{"href":"https:\/\/www.orthorehab.ch\/de\/wp-json\/wp\/v2\/media?parent=9030"}],"curies":[{"name":"wp","href":"https:\/\/api.w.org\/{rel}","templated":true}]}}