{"id":7721,"date":"2025-03-14T13:17:31","date_gmt":"2025-03-14T12:17:31","guid":{"rendered":"https:\/\/www.orthorehab.ch\/?page_id=7721"},"modified":"2026-02-27T23:27:33","modified_gmt":"2026-02-27T22:27:33","slug":"location-kinetec-artromot-genou","status":"publish","type":"page","link":"https:\/\/www.orthorehab.ch\/de\/location-kinetec-artromot-genou\/","title":{"rendered":"Artromot\u00ae (Kinetec\u00ae) (Knie) Vermietung"},"content":{"rendered":"<div data-elementor-type=\"wp-page\" data-elementor-id=\"7721\" class=\"elementor elementor-7721\" data-elementor-post-type=\"page\">\n\t\t\t\t<div class=\"elementor-element elementor-element-18cde00 e-con-full e-flex wpr-particle-no wpr-jarallax-no wpr-parallax-no wpr-sticky-section-no wpr-equal-height-no e-con e-parent\" data-id=\"18cde00\" data-element_type=\"container\" data-e-type=\"container\">\n\t\t<div class=\"elementor-element elementor-element-1f06c2e e-con-full e-flex wpr-particle-no wpr-jarallax-no wpr-parallax-no wpr-sticky-section-no wpr-equal-height-no e-con e-child\" data-id=\"1f06c2e\" data-element_type=\"container\" data-e-type=\"container\" data-settings=\"{&quot;background_background&quot;:&quot;classic&quot;}\">\n\t\t\t\t<div class=\"elementor-element elementor-element-eda3c05 elementor-widget-mobile__width-initial elementor-widget elementor-widget-ekit-nav-menu\" data-id=\"eda3c05\" data-element_type=\"widget\" data-e-type=\"widget\" data-widget_type=\"ekit-nav-menu.default\">\n\t\t\t\t<div class=\"elementor-widget-container\">\n\t\t\t\t\t\t\t<nav class=\"ekit-wid-con ekit_menu_responsive_mobile\"\n\t\t\tdata-hamburger-icon=\"\"\n\t\t\tdata-hamburger-icon-type=\"icon\"\n\t\t\tdata-responsive-breakpoint=\"767\">\n\t\t\t            <button class=\"elementskit-menu-hamburger elementskit-menu-toggler\"  type=\"button\" aria-label=\"Hamburger-Symbol\">\n                                    <span class=\"elementskit-menu-hamburger-icon\"><\/span><span class=\"elementskit-menu-hamburger-icon\"><\/span><span class=\"elementskit-menu-hamburger-icon\"><\/span>\n                            <\/button>\n            <div id=\"ekit-megamenu-location-and-boutique\" class=\"elementskit-menu-container elementskit-menu-offcanvas-elements elementskit-navbar-nav-default ekit-nav-menu-one-page-no ekit-nav-dropdown-hover\"><ul id=\"menu-location-and-boutique\" class=\"elementskit-navbar-nav elementskit-menu-po-center submenu-click-on-icon\"><li id=\"menu-item-6402\" class=\"menu-item menu-item-type-post_type menu-item-object-page menu-item-6402 nav-item elementskit-mobile-builder-content\" data-vertical-menu=\"750px\"><a href=\"https:\/\/www.orthorehab.ch\/de\/service-location\/\" class=\"ekit-menu-nav-link menu-link\">Miete<\/a><\/li>\n<li id=\"menu-item-7848\" class=\"menu-item menu-item-type-post_type menu-item-object-page menu-item-7848 nav-item elementskit-mobile-builder-content\" data-vertical-menu=\"750px\"><a href=\"https:\/\/www.orthorehab.ch\/de\/boutique\/\" class=\"ekit-menu-nav-link menu-link\">Shop<\/a><\/li>\n<\/ul><div class=\"elementskit-nav-identity-panel\"><button class=\"elementskit-menu-close elementskit-menu-toggler\" type=\"button\">X<\/button><\/div><\/div>\n\t\t\t<div class=\"elementskit-menu-overlay elementskit-menu-offcanvas-elements elementskit-menu-toggler ekit-nav-menu--overlay\"><\/div>        <\/nav>\n\t\t\t\t\t\t<\/div>\n\t\t\t\t<\/div>\n\t\t\t\t<\/div>\n\t\t\t\t<\/div>\n\t\t<div class=\"elementor-element elementor-element-fc67bc0 e-flex e-con-boxed wpr-particle-no wpr-jarallax-no wpr-parallax-no wpr-sticky-section-no wpr-equal-height-no e-con e-parent\" data-id=\"fc67bc0\" data-element_type=\"container\" data-e-type=\"container\">\n\t\t\t\t\t<div class=\"e-con-inner\">\n\t\t<div class=\"elementor-element elementor-element-11eaaed e-con-full e-flex wpr-particle-no wpr-jarallax-no wpr-parallax-no wpr-sticky-section-no wpr-equal-height-no e-con e-child\" data-id=\"11eaaed\" data-element_type=\"container\" data-e-type=\"container\" data-settings=\"{&quot;background_background&quot;:&quot;classic&quot;}\">\n\t\t<div class=\"elementor-element elementor-element-aad9f51 e-con-full e-flex wpr-particle-no wpr-jarallax-no wpr-parallax-no wpr-sticky-section-no wpr-equal-height-no e-con e-child\" data-id=\"aad9f51\" data-element_type=\"container\" data-e-type=\"container\" data-settings=\"{&quot;background_background&quot;:&quot;classic&quot;}\">\n\t\t\t\t<\/div>\n\t\t<div class=\"elementor-element elementor-element-842fd13 e-con-full e-flex wpr-particle-no wpr-jarallax-no wpr-parallax-no wpr-sticky-section-no wpr-equal-height-no e-con e-child\" data-id=\"842fd13\" data-element_type=\"container\" data-e-type=\"container\">\n\t\t\t\t<div class=\"elementor-element elementor-element-4f9c56f elementor-widget elementor-widget-heading\" data-id=\"4f9c56f\" data-element_type=\"widget\" data-e-type=\"widget\" data-widget_type=\"heading.default\">\n\t\t\t\t<div class=\"elementor-widget-container\">\n\t\t\t\t\t<h5 class=\"elementor-heading-title elementor-size-default\">Miete einer Artromot\u00ae (Kinetec) Knie-Bewegungsschiene zur passiven Mobilisation<\/h5>\t\t\t\t<\/div>\n\t\t\t\t<\/div>\n\t\t\t\t<div class=\"elementor-element elementor-element-fbc35c6 elementor-widget elementor-widget-heading\" data-id=\"fbc35c6\" data-element_type=\"widget\" data-e-type=\"widget\" data-widget_type=\"heading.default\">\n\t\t\t\t<div class=\"elementor-widget-container\">\n\t\t\t\t\t<h5 class=\"elementor-heading-title elementor-size-default\">Wie funktioniert dieser Service?<\/h5>\t\t\t\t<\/div>\n\t\t\t\t<\/div>\n\t\t\t\t<div class=\"elementor-element elementor-element-2fdbed3 elementor-widget elementor-widget-text-editor\" data-id=\"2fdbed3\" data-element_type=\"widget\" data-e-type=\"widget\" data-widget_type=\"text-editor.default\">\n\t\t\t\t<div class=\"elementor-widget-container\">\n\t\t\t\t\t\t\t\t\t<ul><li style=\"text-align: justify;\">Die \u00c4rztin oder der Arzt verordnet die Miete einer Bewegungsschiene und legt anhand des Verordnungsmodells die spezifischen Bed\u00fcrfnisse fest (Pathologie, Bewegungsumfang usw.).<\/li><li style=\"text-align: justify;\">Die Patientin oder der Patient bestellt die Bewegungsschiene telefonisch bei unseren Fachpersonen.<\/li><li style=\"text-align: justify;\">Unsere Technikerin oder unser Techniker liefert die Schiene zeitnah, nimmt die Feineinstellungen vor und instruiert die Patientin oder den Patienten f\u00fcr eine bedarfsgerechte Anwendung. (Nach Abschluss der Behandlung \u00fcbernehmen wir die Abholung der Schiene.)<\/li><\/ul>\t\t\t\t\t\t\t\t<\/div>\n\t\t\t\t<\/div>\n\t\t\t\t<\/div>\n\t\t\t\t<\/div>\n\t\t\t\t\t<\/div>\n\t\t\t\t<\/div>\n\t\t<div class=\"elementor-element elementor-element-fb06cae e-flex e-con-boxed wpr-particle-no wpr-jarallax-no wpr-parallax-no wpr-sticky-section-no wpr-equal-height-no e-con e-parent\" data-id=\"fb06cae\" data-element_type=\"container\" data-e-type=\"container\">\n\t\t\t\t\t<div class=\"e-con-inner\">\n\t\t<div class=\"elementor-element elementor-element-50ab445 e-con-full e-flex wpr-particle-no wpr-jarallax-no wpr-parallax-no wpr-sticky-section-no wpr-equal-height-no e-con e-child\" data-id=\"50ab445\" data-element_type=\"container\" data-e-type=\"container\">\n\t\t<div class=\"elementor-element elementor-element-3aafa81 e-con-full e-flex wpr-particle-no wpr-jarallax-no wpr-parallax-no wpr-sticky-section-no wpr-equal-height-no e-con e-child\" data-id=\"3aafa81\" data-element_type=\"container\" data-e-type=\"container\">\n\t\t\t\t<div class=\"elementor-element elementor-element-625c1e1 elementor-widget elementor-widget-heading\" data-id=\"625c1e1\" data-element_type=\"widget\" data-e-type=\"widget\" data-widget_type=\"heading.default\">\n\t\t\t\t<div class=\"elementor-widget-container\">\n\t\t\t\t\t<h5 class=\"elementor-heading-title elementor-size-default\">Welche Kosten\u00fcbernahme?\n<\/h5>\t\t\t\t<\/div>\n\t\t\t\t<\/div>\n\t\t\t\t<div class=\"elementor-element elementor-element-3b5aa4c elementor-widget elementor-widget-heading\" data-id=\"3b5aa4c\" data-element_type=\"widget\" data-e-type=\"widget\" data-widget_type=\"heading.default\">\n\t\t\t\t<div class=\"elementor-widget-container\">\n\t\t\t\t\t<h5 class=\"elementor-heading-title elementor-size-default\">Verordnungsformular<\/h5>\t\t\t\t<\/div>\n\t\t\t\t<\/div>\n\t\t<div class=\"elementor-element elementor-element-54b72fc e-grid e-con-full elementor-hidden-tablet_extra elementor-hidden-tablet elementor-hidden-mobile_extra wpr-particle-no wpr-jarallax-no wpr-parallax-no wpr-sticky-section-no wpr-equal-height-no e-con e-child\" data-id=\"54b72fc\" data-element_type=\"container\" data-e-type=\"container\">\n\t\t\t\t<div class=\"elementor-element elementor-element-46dacb3 elementor-align-left elementor-widget elementor-widget-button\" data-id=\"46dacb3\" data-element_type=\"widget\" data-e-type=\"widget\" data-widget_type=\"button.default\">\n\t\t\t\t<div class=\"elementor-widget-container\">\n\t\t\t\t\t\t\t\t\t<div class=\"elementor-button-wrapper\">\n\t\t\t\t\t<a class=\"elementor-button elementor-button-link elementor-size-sm\" href=\"https:\/\/www.orthorehab.ch\/docs\/ATTELLE-DE-MOBILISATION-GENOU-PRESCRIPTION-2026-A-DE.pdf\" target=\"_blank\">\n\t\t\t\t\t\t<span class=\"elementor-button-content-wrapper\">\n\t\t\t\t\t\t\t\t\t<span class=\"elementor-button-text\">Herunterladen<\/span>\n\t\t\t\t\t<\/span>\n\t\t\t\t\t<\/a>\n\t\t\t\t<\/div>\n\t\t\t\t\t\t\t\t<\/div>\n\t\t\t\t<\/div>\n\t\t\t\t<div class=\"elementor-element elementor-element-cff69b0 elementor-align-left elementor-tablet_extra-align-left elementor-widget elementor-widget-button\" data-id=\"cff69b0\" data-element_type=\"widget\" data-e-type=\"widget\" data-widget_type=\"button.default\">\n\t\t\t\t<div class=\"elementor-widget-container\">\n\t\t\t\t\t\t\t\t\t<div class=\"elementor-button-wrapper\">\n\t\t\t\t\t<a class=\"elementor-button elementor-button-link elementor-size-sm\" href=\"https:\/\/www.orthorehab.ch\/de\/demande-de-location\/\" target=\"_blank\">\n\t\t\t\t\t\t<span class=\"elementor-button-content-wrapper\">\n\t\t\t\t\t\t\t\t\t<span class=\"elementor-button-text\">Mietanfrage<\/span>\n\t\t\t\t\t<\/span>\n\t\t\t\t\t<\/a>\n\t\t\t\t<\/div>\n\t\t\t\t\t\t\t\t<\/div>\n\t\t\t\t<\/div>\n\t\t\t\t<\/div>\n\t\t<div class=\"elementor-element elementor-element-8fa157b e-grid e-con-full elementor-hidden-desktop elementor-hidden-mobile wpr-particle-no wpr-jarallax-no wpr-parallax-no wpr-sticky-section-no wpr-equal-height-no e-con e-child\" data-id=\"8fa157b\" data-element_type=\"container\" data-e-type=\"container\">\n\t\t\t\t<div class=\"elementor-element elementor-element-4361137 elementor-align-left elementor-widget elementor-widget-button\" data-id=\"4361137\" data-element_type=\"widget\" data-e-type=\"widget\" data-widget_type=\"button.default\">\n\t\t\t\t<div class=\"elementor-widget-container\">\n\t\t\t\t\t\t\t\t\t<div class=\"elementor-button-wrapper\">\n\t\t\t\t\t<a class=\"elementor-button elementor-button-link elementor-size-sm\" href=\"https:\/\/www.orthorehab.ch\/docs\/ATTELLE-DE-MOBILISATION-GENOU-PRESCRIPTION-2026-A-DE.pdf\" target=\"_blank\">\n\t\t\t\t\t\t<span class=\"elementor-button-content-wrapper\">\n\t\t\t\t\t\t\t\t\t<span class=\"elementor-button-text\">Herunterladen<\/span>\n\t\t\t\t\t<\/span>\n\t\t\t\t\t<\/a>\n\t\t\t\t<\/div>\n\t\t\t\t\t\t\t\t<\/div>\n\t\t\t\t<\/div>\n\t\t\t\t<div class=\"elementor-element elementor-element-e67e82f elementor-align-left elementor-tablet_extra-align-left elementor-widget elementor-widget-button\" data-id=\"e67e82f\" data-element_type=\"widget\" data-e-type=\"widget\" data-widget_type=\"button.default\">\n\t\t\t\t<div class=\"elementor-widget-container\">\n\t\t\t\t\t\t\t\t\t<div class=\"elementor-button-wrapper\">\n\t\t\t\t\t<a class=\"elementor-button elementor-button-link elementor-size-sm\" href=\"https:\/\/www.orthorehab.ch\/de\/demande-de-location\/\" target=\"_blank\">\n\t\t\t\t\t\t<span class=\"elementor-button-content-wrapper\">\n\t\t\t\t\t\t\t\t\t<span class=\"elementor-button-text\">Mietanfrage<\/span>\n\t\t\t\t\t<\/span>\n\t\t\t\t\t<\/a>\n\t\t\t\t<\/div>\n\t\t\t\t\t\t\t\t<\/div>\n\t\t\t\t<\/div>\n\t\t\t\t<\/div>\n\t\t\t\t<\/div>\n\t\t<div class=\"elementor-element elementor-element-8bbf6da e-con-full e-flex wpr-particle-no wpr-jarallax-no wpr-parallax-no wpr-sticky-section-no wpr-equal-height-no e-con e-child\" data-id=\"8bbf6da\" data-element_type=\"container\" data-e-type=\"container\">\n\t\t\t\t<div class=\"elementor-element elementor-element-1efef55 elementor-widget elementor-widget-heading\" data-id=\"1efef55\" data-element_type=\"widget\" data-e-type=\"widget\" data-widget_type=\"heading.default\">\n\t\t\t\t<div class=\"elementor-widget-container\">\n\t\t\t\t\t<h5 class=\"elementor-heading-title elementor-size-default\">Unfallfall\u2003\u2003Krankheitsfall<span style=\"font-style: inherit\"><\/span><br><\/h5>\t\t\t\t<\/div>\n\t\t\t\t<\/div>\n\t\t\t\t<div class=\"elementor-element elementor-element-e56004e elementor-widget__width-initial elementor-widget elementor-widget-text-editor\" data-id=\"e56004e\" data-element_type=\"widget\" data-e-type=\"widget\" data-widget_type=\"text-editor.default\">\n\t\t\t\t<div class=\"elementor-widget-container\">\n\t\t\t\t\t\t\t\t\t<p class=\"p1\" style=\"padding-left: 40px; text-align: left;\">Kosten\u00fcbernahme durch die Versicherungen:<\/p><p class=\"p1\" style=\"padding-left: 40px;\">\u2022 KVG (Krankheit): Kosten zu Ihren Lasten (Abrechnung im TG-System [Tiers garant]: Die Rechnung wird der Patientin oder dem Patienten zugestellt).<\/p><p class=\"p1\" style=\"padding-left: 40px;\">\u2022 VVG (Zusatzversicherung): Gem\u00e4ss Ihrem Vertrag bitten wir Sie, Ihre Versicherung zu kontaktieren (Abrechnung im TG-System).<\/p><p class=\"p1\" style=\"padding-left: 40px;\"><span style=\"font-style: inherit; font-weight: inherit;\">\u2022 UVG (Unfall): Wir stellen den Antrag auf Kosten\u00fcbernahme bei der zust\u00e4ndigen Versicherung.<\/span><\/p><p class=\"p1\" style=\"padding-left: 40px;\">Bei teilweiser Kosten\u00fcbernahme durch Ihre Versicherung kann eine Beteiligung zwischen CHF 50.\u2013 und CHF 140.\u2013 erhoben werden\u00a0<span style=\"font-style: inherit; font-weight: inherit;\">(Abrechnung an die Versicherung und an die Patientin oder den Patienten im TG-System bei teilweiser Kosten\u00fcbernahme).\u00a0<\/span><span style=\"font-style: inherit; font-weight: inherit;\">Im Falle einer Ablehnung durch die Versicherung verbleiben die Kosten gem\u00e4ss Vertrag zu Ihren Lasten (Abrechnung im TG-System).<\/span><\/p>\t\t\t\t\t\t\t\t<\/div>\n\t\t\t\t<\/div>\n\t\t\t\t<\/div>\n\t\t\t\t<\/div>\n\t\t\t\t\t<\/div>\n\t\t\t\t<\/div>\n\t\t\t\t<\/div>","protected":false},"excerpt":{"rendered":"<p>Location Boutique X Location Artromot\u00ae (Kinetec) d\u2019une attelle de mobilisation passive de genou Comment fonctionne ce service? Le m\u00e9decin prescrit la location d\u2019une attelle de mobilisation en pr\u00e9cisant les besoins (pathologie, amplitudes articulaires\u2026), gr\u00e2ce au mod\u00e8le de prescription. Le patient commande l\u2019attelle de mobilisation aupr\u00e8s de nos sp\u00e9cialistes, par simple appel t\u00e9l\u00e9phonique. Notre technicien livre dans les plus brefs d\u00e9lais, r\u00e9alise les r\u00e9glages fins et instruit le patient pour une utilisation adapt\u00e9e \u00e0 ses besoins. (A la fin du traitement, nous nous chargeons de l\u2019enl\u00e8vement de cette attelle). Quelle prise en charge? Mod\u00e8le de prescription T\u00e9l\u00e9charger Demande de location T\u00e9l\u00e9charger Demande de location Cas accident Cas maladie Prise en charge par les assurances : \u2022 LAMal (maladie) : frais \u00e0 votre charge (facturation en TG (tiers garant) : la facture est adress\u00e9e au patient). \u2022 LCA (compl\u00e9mentaire) : selon votre contrat, nous vous invitons \u00e0 contacter votre assurance (facturation en TG). \u2022 LAA (accident) : nous faisons la demande de prise en charge aupr\u00e8s de l\u2019assurance concern\u00e9e. Une participation comprise entre CHF 50.- et CHF 140.- peut vous \u00eatre demand\u00e9e en cas de prise en charge partielle par votre assurance\u00a0(facturation \u00e0 l\u2019assurance et au patient en TG si prise en charge partielle).\u00a0En cas de refus de l\u2019assurance, les frais restent \u00e0 votre charge, conform\u00e9ment au contrat (facturation en TG).<\/p>","protected":false},"author":1,"featured_media":0,"parent":0,"menu_order":0,"comment_status":"closed","ping_status":"closed","template":"","meta":{"site-sidebar-layout":"no-sidebar","site-content-layout":"","ast-site-content-layout":"full-width-container","site-content-style":"default","site-sidebar-style":"default","ast-global-header-display":"","ast-banner-title-visibility":"","ast-main-header-display":"","ast-hfb-above-header-display":"","ast-hfb-below-header-display":"","ast-hfb-mobile-header-display":"","site-post-title":"disabled","ast-breadcrumbs-content":"","ast-featured-img":"disabled","footer-sml-layout":"","ast-disable-related-posts":"","theme-transparent-header-meta":"","adv-header-id-meta":"","stick-header-meta":"","header-above-stick-meta":"","header-main-stick-meta":"","header-below-stick-meta":"","astra-migrate-meta-layouts":"default","ast-page-background-enabled":"default","ast-page-background-meta":{"desktop":{"background-color":"var(--ast-global-color-5)","background-image":"","background-repeat":"repeat","background-position":"center center","background-size":"auto","background-attachment":"scroll","background-type":"","background-media":"","overlay-type":"","overlay-color":"","overlay-opacity":"","overlay-gradient":""},"tablet":{"background-color":"","background-image":"","background-repeat":"repeat","background-position":"center center","background-size":"auto","background-attachment":"scroll","background-type":"","background-media":"","overlay-type":"","overlay-color":"","overlay-opacity":"","overlay-gradient":""},"mobile":{"background-color":"","background-image":"","background-repeat":"repeat","background-position":"center center","background-size":"auto","background-attachment":"scroll","background-type":"","background-media":"","overlay-type":"","overlay-color":"","overlay-opacity":"","overlay-gradient":""}},"ast-content-background-meta":{"desktop":{"background-color":"var(--ast-global-color-4)","background-image":"","background-repeat":"repeat","background-position":"center center","background-size":"auto","background-attachment":"scroll","background-type":"","background-media":"","overlay-type":"","overlay-color":"","overlay-opacity":"","overlay-gradient":""},"tablet":{"background-color":"var(--ast-global-color-4)","background-image":"","background-repeat":"repeat","background-position":"center center","background-size":"auto","background-attachment":"scroll","background-type":"","background-media":"","overlay-type":"","overlay-color":"","overlay-opacity":"","overlay-gradient":""},"mobile":{"background-color":"var(--ast-global-color-4)","background-image":"","background-repeat":"repeat","background-position":"center center","background-size":"auto","background-attachment":"scroll","background-type":"","background-media":"","overlay-type":"","overlay-color":"","overlay-opacity":"","overlay-gradient":""}},"footnotes":""},"class_list":["post-7721","page","type-page","status-publish","hentry"],"_links":{"self":[{"href":"https:\/\/www.orthorehab.ch\/de\/wp-json\/wp\/v2\/pages\/7721","targetHints":{"allow":["GET"]}}],"collection":[{"href":"https:\/\/www.orthorehab.ch\/de\/wp-json\/wp\/v2\/pages"}],"about":[{"href":"https:\/\/www.orthorehab.ch\/de\/wp-json\/wp\/v2\/types\/page"}],"author":[{"embeddable":true,"href":"https:\/\/www.orthorehab.ch\/de\/wp-json\/wp\/v2\/users\/1"}],"replies":[{"embeddable":true,"href":"https:\/\/www.orthorehab.ch\/de\/wp-json\/wp\/v2\/comments?post=7721"}],"version-history":[{"count":18,"href":"https:\/\/www.orthorehab.ch\/de\/wp-json\/wp\/v2\/pages\/7721\/revisions"}],"predecessor-version":[{"id":9089,"href":"https:\/\/www.orthorehab.ch\/de\/wp-json\/wp\/v2\/pages\/7721\/revisions\/9089"}],"wp:attachment":[{"href":"https:\/\/www.orthorehab.ch\/de\/wp-json\/wp\/v2\/media?parent=7721"}],"curies":[{"name":"wp","href":"https:\/\/api.w.org\/{rel}","templated":true}]}}