{"id":6432,"date":"2025-03-04T02:14:20","date_gmt":"2025-03-04T01:14:20","guid":{"rendered":"https:\/\/www.orthorehab.ch\/?page_id=6432"},"modified":"2026-02-27T23:41:55","modified_gmt":"2026-02-27T22:41:55","slug":"pedala","status":"publish","type":"page","link":"https:\/\/www.orthorehab.ch\/de\/pedala\/","title":{"rendered":"Kinetec\u00ae (Pedala) Verleih"},"content":{"rendered":"<div data-elementor-type=\"wp-page\" data-elementor-id=\"6432\" class=\"elementor elementor-6432\" data-elementor-post-type=\"page\">\n\t\t\t\t<div class=\"elementor-element elementor-element-18cde00 e-con-full e-flex wpr-particle-no wpr-jarallax-no wpr-parallax-no wpr-sticky-section-no wpr-equal-height-no e-con e-parent\" data-id=\"18cde00\" data-element_type=\"container\" data-e-type=\"container\">\n\t\t<div class=\"elementor-element elementor-element-1f06c2e e-con-full e-flex wpr-particle-no wpr-jarallax-no wpr-parallax-no wpr-sticky-section-no wpr-equal-height-no e-con e-child\" data-id=\"1f06c2e\" data-element_type=\"container\" data-e-type=\"container\" data-settings=\"{&quot;background_background&quot;:&quot;classic&quot;}\">\n\t\t\t\t<div class=\"elementor-element elementor-element-eda3c05 elementor-widget elementor-widget-ekit-nav-menu\" data-id=\"eda3c05\" data-element_type=\"widget\" data-e-type=\"widget\" data-widget_type=\"ekit-nav-menu.default\">\n\t\t\t\t<div class=\"elementor-widget-container\">\n\t\t\t\t\t\t\t<nav class=\"ekit-wid-con ekit_menu_responsive_tablet\"\n\t\t\tdata-hamburger-icon=\"\"\n\t\t\tdata-hamburger-icon-type=\"icon\"\n\t\t\tdata-responsive-breakpoint=\"1024\">\n\t\t\t            <button class=\"elementskit-menu-hamburger elementskit-menu-toggler\"  type=\"button\" aria-label=\"Hamburger-Symbol\">\n                                    <span class=\"elementskit-menu-hamburger-icon\"><\/span><span class=\"elementskit-menu-hamburger-icon\"><\/span><span class=\"elementskit-menu-hamburger-icon\"><\/span>\n                            <\/button>\n            <div id=\"ekit-megamenu-location-and-boutique\" class=\"elementskit-menu-container elementskit-menu-offcanvas-elements elementskit-navbar-nav-default ekit-nav-menu-one-page-no ekit-nav-dropdown-hover\"><ul id=\"menu-location-and-boutique\" class=\"elementskit-navbar-nav elementskit-menu-po-center submenu-click-on-icon\"><li id=\"menu-item-6402\" class=\"menu-item menu-item-type-post_type menu-item-object-page menu-item-6402 nav-item elementskit-mobile-builder-content\" data-vertical-menu=\"750px\"><a href=\"https:\/\/www.orthorehab.ch\/de\/service-location\/\" class=\"ekit-menu-nav-link menu-link\">Miete<\/a><\/li>\n<li id=\"menu-item-7848\" class=\"menu-item menu-item-type-post_type menu-item-object-page menu-item-7848 nav-item elementskit-mobile-builder-content\" data-vertical-menu=\"750px\"><a href=\"https:\/\/www.orthorehab.ch\/de\/boutique\/\" class=\"ekit-menu-nav-link menu-link\">Shop<\/a><\/li>\n<\/ul><div class=\"elementskit-nav-identity-panel\"><button class=\"elementskit-menu-close elementskit-menu-toggler\" type=\"button\">X<\/button><\/div><\/div>\n\t\t\t<div class=\"elementskit-menu-overlay elementskit-menu-offcanvas-elements elementskit-menu-toggler ekit-nav-menu--overlay\"><\/div>        <\/nav>\n\t\t\t\t\t\t<\/div>\n\t\t\t\t<\/div>\n\t\t\t\t<\/div>\n\t\t\t\t<\/div>\n\t\t<div class=\"elementor-element elementor-element-6e47973 e-flex e-con-boxed wpr-particle-no wpr-jarallax-no wpr-parallax-no wpr-sticky-section-no wpr-equal-height-no e-con e-parent\" data-id=\"6e47973\" data-element_type=\"container\" data-e-type=\"container\">\n\t\t\t\t\t<div class=\"e-con-inner\">\n\t\t<div class=\"elementor-element elementor-element-f0476e7 e-con-full e-flex wpr-particle-no wpr-jarallax-no wpr-parallax-no wpr-sticky-section-no wpr-equal-height-no e-con e-child\" data-id=\"f0476e7\" data-element_type=\"container\" data-e-type=\"container\">\n\t\t<div class=\"elementor-element elementor-element-f295ca4 e-con-full e-flex wpr-particle-no wpr-jarallax-no wpr-parallax-no wpr-sticky-section-no wpr-equal-height-no e-con e-child\" data-id=\"f295ca4\" data-element_type=\"container\" data-e-type=\"container\" data-settings=\"{&quot;background_background&quot;:&quot;classic&quot;}\">\n\t\t\t\t<\/div>\n\t\t<div class=\"elementor-element elementor-element-37e4ac8 e-con-full e-flex wpr-particle-no wpr-jarallax-no wpr-parallax-no wpr-sticky-section-no wpr-equal-height-no e-con e-child\" data-id=\"37e4ac8\" data-element_type=\"container\" data-e-type=\"container\">\n\t\t\t\t<div class=\"elementor-element elementor-element-0a31023 elementor-widget elementor-widget-heading\" data-id=\"0a31023\" data-element_type=\"widget\" data-e-type=\"widget\" data-widget_type=\"heading.default\">\n\t\t\t\t<div class=\"elementor-widget-container\">\n\t\t\t\t\t<h5 class=\"elementor-heading-title elementor-size-default\">Miete einer Kinetec\u00ae Knie-Bewegungsschiene zur aktiven Mobilisation<\/h5>\t\t\t\t<\/div>\n\t\t\t\t<\/div>\n\t\t\t\t<div class=\"elementor-element elementor-element-ea4e35a elementor-widget elementor-widget-heading\" data-id=\"ea4e35a\" data-element_type=\"widget\" data-e-type=\"widget\" data-widget_type=\"heading.default\">\n\t\t\t\t<div class=\"elementor-widget-container\">\n\t\t\t\t\t<h5 class=\"elementor-heading-title elementor-size-default\">Wie funktioniert dieser Service?<\/h5>\t\t\t\t<\/div>\n\t\t\t\t<\/div>\n\t\t\t\t<div class=\"elementor-element elementor-element-0797d5c elementor-widget elementor-widget-text-editor\" data-id=\"0797d5c\" data-element_type=\"widget\" data-e-type=\"widget\" data-widget_type=\"text-editor.default\">\n\t\t\t\t<div class=\"elementor-widget-container\">\n\t\t\t\t\t\t\t\t\t<ul><li style=\"text-align: justify;\">Die \u00c4rztin oder der Arzt verordnet die Miete einer aktiven Bewegungsschiene (CAM) und legt anhand des Verordnungsformulars die spezifischen Bed\u00fcrfnisse fest (Pathologie, Bewegungsumfang usw.).<\/li><li style=\"text-align: justify;\">Die Patientin oder der Patient (oder ihre bzw. seine Physiotherapeutin oder ihr bzw. sein Physiotherapeut) bestellt die Bewegungsschiene telefonisch bei unseren Fachpersonen.<\/li><li style=\"text-align: justify;\">Unsere Technikerin oder unser Techniker liefert die Schiene zeitnah, nimmt die Einstellungen vor und instruiert die Patientin oder den Patienten f\u00fcr eine bedarfsgerechte Anwendung. (Nach Abschluss der Behandlung \u00fcbernehmen wir die Abholung der Schiene.)<\/li><\/ul>\t\t\t\t\t\t\t\t<\/div>\n\t\t\t\t<\/div>\n\t\t\t\t<\/div>\n\t\t\t\t<\/div>\n\t\t\t\t\t<\/div>\n\t\t\t\t<\/div>\n\t\t<div class=\"elementor-element elementor-element-16cf242 e-flex e-con-boxed wpr-particle-no wpr-jarallax-no wpr-parallax-no wpr-sticky-section-no wpr-equal-height-no e-con e-parent\" data-id=\"16cf242\" data-element_type=\"container\" data-e-type=\"container\">\n\t\t\t\t\t<div class=\"e-con-inner\">\n\t\t<div class=\"elementor-element elementor-element-b2cfba9 e-con-full e-flex wpr-particle-no wpr-jarallax-no wpr-parallax-no wpr-sticky-section-no wpr-equal-height-no e-con e-child\" data-id=\"b2cfba9\" data-element_type=\"container\" data-e-type=\"container\">\n\t\t<div class=\"elementor-element elementor-element-21c40cd e-con-full e-flex wpr-particle-no wpr-jarallax-no wpr-parallax-no wpr-sticky-section-no wpr-equal-height-no e-con e-child\" data-id=\"21c40cd\" data-element_type=\"container\" data-e-type=\"container\">\n\t\t\t\t<div class=\"elementor-element elementor-element-597c299 elementor-widget elementor-widget-heading\" data-id=\"597c299\" data-element_type=\"widget\" data-e-type=\"widget\" data-widget_type=\"heading.default\">\n\t\t\t\t<div class=\"elementor-widget-container\">\n\t\t\t\t\t<h5 class=\"elementor-heading-title elementor-size-default\">Welche Kosten\u00fcbernahme?\n<\/h5>\t\t\t\t<\/div>\n\t\t\t\t<\/div>\n\t\t\t\t<div class=\"elementor-element elementor-element-c68be37 elementor-widget elementor-widget-heading\" data-id=\"c68be37\" data-element_type=\"widget\" data-e-type=\"widget\" data-widget_type=\"heading.default\">\n\t\t\t\t<div class=\"elementor-widget-container\">\n\t\t\t\t\t<h5 class=\"elementor-heading-title elementor-size-default\">Verordnungsformular<\/h5>\t\t\t\t<\/div>\n\t\t\t\t<\/div>\n\t\t<div class=\"elementor-element elementor-element-729db80 e-grid e-con-full elementor-hidden-tablet_extra elementor-hidden-tablet elementor-hidden-mobile_extra wpr-particle-no wpr-jarallax-no wpr-parallax-no wpr-sticky-section-no wpr-equal-height-no e-con e-child\" data-id=\"729db80\" data-element_type=\"container\" data-e-type=\"container\">\n\t\t\t\t<div class=\"elementor-element elementor-element-7847064 elementor-align-left elementor-widget elementor-widget-button\" data-id=\"7847064\" data-element_type=\"widget\" data-e-type=\"widget\" data-widget_type=\"button.default\">\n\t\t\t\t<div class=\"elementor-widget-container\">\n\t\t\t\t\t\t\t\t\t<div class=\"elementor-button-wrapper\">\n\t\t\t\t\t<a class=\"elementor-button elementor-button-link elementor-size-sm\" href=\"https:\/\/www.orthorehab.ch\/docs\/ATTELLE-DE-MOBILISATION-GENOU-PRESCRIPTION-2026-B-DE.pdf\" target=\"_blank\">\n\t\t\t\t\t\t<span class=\"elementor-button-content-wrapper\">\n\t\t\t\t\t\t\t\t\t<span class=\"elementor-button-text\">Herunterladen<\/span>\n\t\t\t\t\t<\/span>\n\t\t\t\t\t<\/a>\n\t\t\t\t<\/div>\n\t\t\t\t\t\t\t\t<\/div>\n\t\t\t\t<\/div>\n\t\t\t\t<div class=\"elementor-element elementor-element-71e143f elementor-align-left elementor-tablet_extra-align-left elementor-widget elementor-widget-button\" data-id=\"71e143f\" data-element_type=\"widget\" data-e-type=\"widget\" data-widget_type=\"button.default\">\n\t\t\t\t<div class=\"elementor-widget-container\">\n\t\t\t\t\t\t\t\t\t<div class=\"elementor-button-wrapper\">\n\t\t\t\t\t<a class=\"elementor-button elementor-button-link elementor-size-sm\" href=\"https:\/\/www.orthorehab.ch\/de\/demande-de-location\/\" target=\"_blank\">\n\t\t\t\t\t\t<span class=\"elementor-button-content-wrapper\">\n\t\t\t\t\t\t\t\t\t<span class=\"elementor-button-text\">Mietanfrage<\/span>\n\t\t\t\t\t<\/span>\n\t\t\t\t\t<\/a>\n\t\t\t\t<\/div>\n\t\t\t\t\t\t\t\t<\/div>\n\t\t\t\t<\/div>\n\t\t\t\t<\/div>\n\t\t<div class=\"elementor-element elementor-element-c8cd12d e-grid e-con-full elementor-hidden-desktop elementor-hidden-mobile wpr-particle-no wpr-jarallax-no wpr-parallax-no wpr-sticky-section-no wpr-equal-height-no e-con e-child\" data-id=\"c8cd12d\" data-element_type=\"container\" data-e-type=\"container\">\n\t\t\t\t<div class=\"elementor-element elementor-element-e03ef0d elementor-align-left elementor-widget elementor-widget-button\" data-id=\"e03ef0d\" data-element_type=\"widget\" data-e-type=\"widget\" data-widget_type=\"button.default\">\n\t\t\t\t<div class=\"elementor-widget-container\">\n\t\t\t\t\t\t\t\t\t<div class=\"elementor-button-wrapper\">\n\t\t\t\t\t<a class=\"elementor-button elementor-button-link elementor-size-sm\" href=\"https:\/\/www.orthorehab.ch\/docs\/ATTELLE-DE-MOBILISATION-GENOU-PRESCRIPTION-2026-B-DE.pdf\" target=\"_blank\">\n\t\t\t\t\t\t<span class=\"elementor-button-content-wrapper\">\n\t\t\t\t\t\t\t\t\t<span class=\"elementor-button-text\">Herunterladen<\/span>\n\t\t\t\t\t<\/span>\n\t\t\t\t\t<\/a>\n\t\t\t\t<\/div>\n\t\t\t\t\t\t\t\t<\/div>\n\t\t\t\t<\/div>\n\t\t\t\t<div class=\"elementor-element elementor-element-a37a934 elementor-align-left elementor-tablet_extra-align-left elementor-widget elementor-widget-button\" data-id=\"a37a934\" data-element_type=\"widget\" data-e-type=\"widget\" data-widget_type=\"button.default\">\n\t\t\t\t<div class=\"elementor-widget-container\">\n\t\t\t\t\t\t\t\t\t<div class=\"elementor-button-wrapper\">\n\t\t\t\t\t<a class=\"elementor-button elementor-button-link elementor-size-sm\" href=\"https:\/\/www.orthorehab.ch\/de\/demande-de-location\/\" target=\"_blank\">\n\t\t\t\t\t\t<span class=\"elementor-button-content-wrapper\">\n\t\t\t\t\t\t\t\t\t<span class=\"elementor-button-text\">Mietanfrage<\/span>\n\t\t\t\t\t<\/span>\n\t\t\t\t\t<\/a>\n\t\t\t\t<\/div>\n\t\t\t\t\t\t\t\t<\/div>\n\t\t\t\t<\/div>\n\t\t\t\t<\/div>\n\t\t\t\t<\/div>\n\t\t<div class=\"elementor-element elementor-element-73ae1dd e-con-full e-flex wpr-particle-no wpr-jarallax-no wpr-parallax-no wpr-sticky-section-no wpr-equal-height-no e-con e-child\" data-id=\"73ae1dd\" data-element_type=\"container\" data-e-type=\"container\">\n\t\t\t\t<div class=\"elementor-element elementor-element-64cccfa elementor-widget__width-initial elementor-widget elementor-widget-heading\" data-id=\"64cccfa\" data-element_type=\"widget\" data-e-type=\"widget\" data-widget_type=\"heading.default\">\n\t\t\t\t<div class=\"elementor-widget-container\">\n\t\t\t\t\t<h5 class=\"elementor-heading-title elementor-size-default\">Unfallfall\u2003\u2003Krankheitsfall<\/h5>\t\t\t\t<\/div>\n\t\t\t\t<\/div>\n\t\t\t\t<div class=\"elementor-element elementor-element-dab5079 elementor-widget elementor-widget-text-editor\" data-id=\"dab5079\" data-element_type=\"widget\" data-e-type=\"widget\" data-widget_type=\"text-editor.default\">\n\t\t\t\t<div class=\"elementor-widget-container\">\n\t\t\t\t\t\t\t\t\t<p class=\"p1\">Kosten\u00fcbernahme durch die Versicherungen:<\/p><p class=\"p1\">\u2022 KVG (Krankheit): Kosten zu Ihren Lasten (Abrechnung im TG-System [Tiers garant]: Die Rechnung wird der Patientin oder dem Patienten zugestellt).<\/p><p class=\"p1\">\u2022 VVG (Zusatzversicherung): Gem\u00e4ss Ihrem Vertrag bitten wir Sie, Ihre Versicherung zu kontaktieren (Abrechnung im TG-System).<\/p><p class=\"p1\">\u2022 UVG (Unfall): Wir stellen den Antrag auf Kosten\u00fcbernahme bei der zust\u00e4ndigen Versicherung.<\/p><p class=\"p1\">Bei teilweiser Kosten\u00fcbernahme durch Ihre Versicherung kann eine Beteiligung zwischen CHF 50.\u2013 und CHF 140.\u2013 erhoben werden (Abrechnung an die Versicherung und an die Patientin oder den Patienten im TG-System). Im Falle einer Ablehnung durch die Versicherung verbleiben die Kosten gem\u00e4ss Vertrag zu Ihren Lasten (Abrechnung im TG-System).<\/p>\t\t\t\t\t\t\t\t<\/div>\n\t\t\t\t<\/div>\n\t\t\t\t<\/div>\n\t\t\t\t<\/div>\n\t\t\t\t\t<\/div>\n\t\t\t\t<\/div>\n\t\t\t\t<\/div>","protected":false},"excerpt":{"rendered":"<p>Location Boutique X Location Kinetec\u00ae d\u2019une attelle de mobilisation active de genou Comment fonctionne ce service? Le m\u00e9decin prescrit la location d\u2019une attelle de mobilisation active (CAM) en pr\u00e9cisant les besoins (pathologie, amplitudes articulaires\u2026), gr\u00e2ce au mod\u00e8le de prescription. Le patient (ou son physioth\u00e9rapeute) commande l\u2019attelle de mobilisation aupr\u00e8s de nos sp\u00e9cialistes, par simple appel t\u00e9l\u00e9phonique. Notre technicien livre dans les plus brefs d\u00e9lais, r\u00e9alise les r\u00e9glages et instruit le patient pour une utilisation adapt\u00e9e \u00e0 ses besoins. (A la fin du traitement, nous nous chargeons de l\u2019enl\u00e8vement de cette attelle). Quelle prise en charge? Mod\u00e8le de prescription T\u00e9l\u00e9charger Demande de location T\u00e9l\u00e9charger Demande de location Cas accident Cas maladie Prise en charge par les assurances : \u2022 LAMal (maladie) : frais \u00e0 votre charge (facturation en TG (tiers garant) : la facture est adress\u00e9e au patient). \u2022 LCA (compl\u00e9mentaire) : selon votre contrat, nous vous invitons \u00e0 contacter votre assurance (facturation en TG). \u2022 LAA (accident) : nous faisons la demande de prise en charge aupr\u00e8s de l\u2019assurance concern\u00e9e. Une participation comprise entre CHF 50.- et CHF 140.- peut vous \u00eatre demand\u00e9e en cas de prise en charge partielle par votre assurance\u00a0(facturation \u00e0 l\u2019assurance et au patient en TG si prise en charge partielle).\u00a0En cas de refus de l\u2019assurance, les frais restent \u00e0 votre charge, conform\u00e9ment au contrat (facturation en TG).<\/p>","protected":false},"author":2,"featured_media":0,"parent":0,"menu_order":0,"comment_status":"closed","ping_status":"closed","template":"","meta":{"site-sidebar-layout":"no-sidebar","site-content-layout":"","ast-site-content-layout":"full-width-container","site-content-style":"default","site-sidebar-style":"default","ast-global-header-display":"","ast-banner-title-visibility":"","ast-main-header-display":"","ast-hfb-above-header-display":"","ast-hfb-below-header-display":"","ast-hfb-mobile-header-display":"","site-post-title":"disabled","ast-breadcrumbs-content":"","ast-featured-img":"disabled","footer-sml-layout":"","ast-disable-related-posts":"","theme-transparent-header-meta":"","adv-header-id-meta":"","stick-header-meta":"","header-above-stick-meta":"","header-main-stick-meta":"","header-below-stick-meta":"","astra-migrate-meta-layouts":"default","ast-page-background-enabled":"default","ast-page-background-meta":{"desktop":{"background-color":"var(--ast-global-color-5)","background-image":"","background-repeat":"repeat","background-position":"center center","background-size":"auto","background-attachment":"scroll","background-type":"","background-media":"","overlay-type":"","overlay-color":"","overlay-opacity":"","overlay-gradient":""},"tablet":{"background-color":"","background-image":"","background-repeat":"repeat","background-position":"center center","background-size":"auto","background-attachment":"scroll","background-type":"","background-media":"","overlay-type":"","overlay-color":"","overlay-opacity":"","overlay-gradient":""},"mobile":{"background-color":"","background-image":"","background-repeat":"repeat","background-position":"center center","background-size":"auto","background-attachment":"scroll","background-type":"","background-media":"","overlay-type":"","overlay-color":"","overlay-opacity":"","overlay-gradient":""}},"ast-content-background-meta":{"desktop":{"background-color":"var(--ast-global-color-4)","background-image":"","background-repeat":"repeat","background-position":"center center","background-size":"auto","background-attachment":"scroll","background-type":"","background-media":"","overlay-type":"","overlay-color":"","overlay-opacity":"","overlay-gradient":""},"tablet":{"background-color":"var(--ast-global-color-4)","background-image":"","background-repeat":"repeat","background-position":"center center","background-size":"auto","background-attachment":"scroll","background-type":"","background-media":"","overlay-type":"","overlay-color":"","overlay-opacity":"","overlay-gradient":""},"mobile":{"background-color":"var(--ast-global-color-4)","background-image":"","background-repeat":"repeat","background-position":"center center","background-size":"auto","background-attachment":"scroll","background-type":"","background-media":"","overlay-type":"","overlay-color":"","overlay-opacity":"","overlay-gradient":""}},"footnotes":""},"class_list":["post-6432","page","type-page","status-publish","hentry"],"_links":{"self":[{"href":"https:\/\/www.orthorehab.ch\/de\/wp-json\/wp\/v2\/pages\/6432","targetHints":{"allow":["GET"]}}],"collection":[{"href":"https:\/\/www.orthorehab.ch\/de\/wp-json\/wp\/v2\/pages"}],"about":[{"href":"https:\/\/www.orthorehab.ch\/de\/wp-json\/wp\/v2\/types\/page"}],"author":[{"embeddable":true,"href":"https:\/\/www.orthorehab.ch\/de\/wp-json\/wp\/v2\/users\/2"}],"replies":[{"embeddable":true,"href":"https:\/\/www.orthorehab.ch\/de\/wp-json\/wp\/v2\/comments?post=6432"}],"version-history":[{"count":7,"href":"https:\/\/www.orthorehab.ch\/de\/wp-json\/wp\/v2\/pages\/6432\/revisions"}],"predecessor-version":[{"id":9098,"href":"https:\/\/www.orthorehab.ch\/de\/wp-json\/wp\/v2\/pages\/6432\/revisions\/9098"}],"wp:attachment":[{"href":"https:\/\/www.orthorehab.ch\/de\/wp-json\/wp\/v2\/media?parent=6432"}],"curies":[{"name":"wp","href":"https:\/\/api.w.org\/{rel}","templated":true}]}}