{"id":6299,"date":"2025-03-03T15:48:15","date_gmt":"2025-03-03T15:48:15","guid":{"rendered":"https:\/\/www.orthorehab.ch\/?page_id=6299"},"modified":"2026-02-28T01:25:06","modified_gmt":"2026-02-28T00:25:06","slug":"a-propos-de-nous","status":"publish","type":"page","link":"https:\/\/www.orthorehab.ch\/de\/a-propos-de-nous\/","title":{"rendered":"\u00dcber uns"},"content":{"rendered":"<div data-elementor-type=\"wp-page\" data-elementor-id=\"6299\" class=\"elementor elementor-6299\" data-elementor-post-type=\"page\">\n\t\t\t\t<div class=\"elementor-element elementor-element-8af275d e-con-full e-flex wpr-particle-no wpr-jarallax-no wpr-parallax-no wpr-sticky-section-no wpr-equal-height-no e-con e-parent\" data-id=\"8af275d\" data-element_type=\"container\" data-e-type=\"container\" data-settings=\"{&quot;background_background&quot;:&quot;classic&quot;}\">\n\t\t\t\t<\/div>\n\t\t<div class=\"elementor-element elementor-element-f32bf12 e-flex e-con-boxed wpr-particle-no wpr-jarallax-no wpr-parallax-no wpr-sticky-section-no wpr-equal-height-no e-con e-parent\" data-id=\"f32bf12\" data-element_type=\"container\" data-e-type=\"container\">\n\t\t\t\t\t<div class=\"e-con-inner\">\n\t\t<div class=\"elementor-element elementor-element-5ff8d7a e-con-full e-flex wpr-particle-no wpr-jarallax-no wpr-parallax-no wpr-sticky-section-no wpr-equal-height-no e-con e-child\" data-id=\"5ff8d7a\" data-element_type=\"container\" data-e-type=\"container\">\n\t\t\t\t<div class=\"elementor-element elementor-element-fcf935d elementor-widget elementor-widget-heading\" data-id=\"fcf935d\" data-element_type=\"widget\" data-e-type=\"widget\" data-widget_type=\"heading.default\">\n\t\t\t\t<div class=\"elementor-widget-container\">\n\t\t\t\t\t<h2 class=\"elementor-heading-title elementor-size-default\">Die Implantation einer Prothese oder eine vordere Kreuzbandplastik sind keine trivialen Eingriffe, und die Behandlung zu Hause stellt eine geeignete L\u00f6sung dar, um eine schnelle und qualitativ hochwertige Rehabilitation zu unterst\u00fctzen. <\/h2>\t\t\t\t<\/div>\n\t\t\t\t<\/div>\n\t\t\t\t<\/div>\n\t\t<div class=\"elementor-element elementor-element-d82f279 e-con-full e-flex wpr-particle-no wpr-jarallax-no wpr-parallax-no wpr-sticky-section-no wpr-equal-height-no e-con e-child\" data-id=\"d82f279\" data-element_type=\"container\" data-e-type=\"container\">\n\t\t\t\t<div class=\"elementor-element elementor-element-f53b15f elementor-widget elementor-widget-text-editor\" data-id=\"f53b15f\" data-element_type=\"widget\" data-e-type=\"widget\" data-widget_type=\"text-editor.default\">\n\t\t\t\t<div class=\"elementor-widget-container\">\n\t\t\t\t\t\t\t\t\t<p style=\"text-align: justify;\">Wir m\u00f6chten diese durch die Bereitstellung von Rehabilitationsger\u00e4ten zur Miete, wie den Mobilisationsschienen Artromot Active K und Kinetec Pedala, weiter optimieren: Eine fr\u00fchzeitige und regelm\u00e4ssige aktive oder aktiv unterst\u00fctzte Mobilisation erm\u00f6glicht es, die w\u00e4hrend des Spitalaufenthalts unmittelbar nach dem chirurgischen Eingriff begonnene Behandlung fortzuf\u00fchren, eine rasche Genesung zu f\u00f6rdern und die Selbstst\u00e4ndigkeit zu steigern, w\u00e4hrend gleichzeitig das Risiko von Komplikationen (\u00d6deme, Adh\u00e4sionen, Schmerzen usw.) reduziert wird.<\/p><p style=\"text-align: justify;\">Wir bieten Bandagen bzw. orthop\u00e4dische St\u00fctzsysteme an, da die Auswahl geeigneter Produkte nicht immer einfach ist. Die Suche nach sowie die Bereitstellung von einfachen und passenden L\u00f6sungen zu optimalen Konditionen entspricht einem Bedarf, der sowohl von zahlreichen \u00c4rztinnen und \u00c4rzten als auch von deren Patientinnen und Patienten ge\u00e4ussert wird.<\/p>\t\t\t\t\t\t\t\t<\/div>\n\t\t\t\t<\/div>\n\t\t\t\t<\/div>\n\t\t\t\t\t<\/div>\n\t\t\t\t<\/div>\n\t\t<div class=\"elementor-element elementor-element-7364948 e-con-full e-flex wpr-particle-no wpr-jarallax-no wpr-parallax-no wpr-sticky-section-no wpr-equal-height-no e-con e-parent\" data-id=\"7364948\" data-element_type=\"container\" data-e-type=\"container\">\n\t\t\t\t<div class=\"elementor-element elementor-element-e81aaef elementor-widget elementor-widget-google_maps\" data-id=\"e81aaef\" data-element_type=\"widget\" data-e-type=\"widget\" data-widget_type=\"google_maps.default\">\n\t\t\t\t<div class=\"elementor-widget-container\">\n\t\t\t\t\t\t\t<div class=\"elementor-custom-embed\">\n\t\t\t<iframe loading=\"lazy\"\n\t\t\t\t\tsrc=\"https:\/\/maps.google.com\/maps?q=Au%20Timonet%20d%E2%80%99en%20Bas%2042%20%E2%80%8B1033%20Cheseaux-sur-Lausanne&#038;t=m&#038;z=12&#038;output=embed&#038;iwloc=near\"\n\t\t\t\t\ttitle=\"Bei Timonet d\u2019en Bas 42 \u200b1033 Cheseaux-sur-Lausanne\"\n\t\t\t\t\taria-label=\"Bei Timonet d\u2019en Bas 42 \u200b1033 Cheseaux-sur-Lausanne\"\n\t\t\t><\/iframe>\n\t\t<\/div>\n\t\t\t\t\t\t<\/div>\n\t\t\t\t<\/div>\n\t\t\t\t<\/div>\n\t\t\t\t<\/div>","protected":false},"excerpt":{"rendered":"<p>La pose d\u2019une proth\u00e8se ou encore une ligamentoplastie du crois\u00e9 ant\u00e9rieur ne sont pas des actes anodins et le traitement \u00e0 domicile est une solution adapt\u00e9e pour la rapidit\u00e9 et la qualit\u00e9 de la r\u00e9cup\u00e9ration. Nous souhaitons am\u00e9liorer cette derni\u00e8re par la mise \u00e0 disposition en location d\u2019outils de r\u00e9\u00e9ducation, telles que les attelles de mobilisation Artromot Active K et Kinetec Pedala : la mobilisation active ou active aid\u00e9e pr\u00e9coce et r\u00e9guli\u00e8re permet de poursuivre le traitement initi\u00e9 au cours de l\u2019hospitalisation, directement apr\u00e8s la chirurgie, r\u00e9cup\u00e9rer au plus vite et gagner ainsi en autonomie, tout en limitant les risques de complications (\u0152d\u00e8me, adh\u00e9rences, douleur\u2026). Nous proposons des bandages, ou contentions orthop\u00e9diques, car le choix des bons produits n\u2019est pas toujours ais\u00e9. La recherche et la mise \u00e0 disposition de produits simples et ad\u00e9quats, au meilleur prix, r\u00e9pond \u00e0 un besoin \u00e9voqu\u00e9 par nombres de m\u00e9decins mais aussi par leurs patients.<\/p>","protected":false},"author":2,"featured_media":0,"parent":0,"menu_order":0,"comment_status":"closed","ping_status":"closed","template":"","meta":{"site-sidebar-layout":"no-sidebar","site-content-layout":"","ast-site-content-layout":"full-width-container","site-content-style":"default","site-sidebar-style":"default","ast-global-header-display":"","ast-banner-title-visibility":"","ast-main-header-display":"","ast-hfb-above-header-display":"","ast-hfb-below-header-display":"","ast-hfb-mobile-header-display":"","site-post-title":"disabled","ast-breadcrumbs-content":"","ast-featured-img":"disabled","footer-sml-layout":"","ast-disable-related-posts":"","theme-transparent-header-meta":"","adv-header-id-meta":"","stick-header-meta":"","header-above-stick-meta":"","header-main-stick-meta":"","header-below-stick-meta":"","astra-migrate-meta-layouts":"default","ast-page-background-enabled":"default","ast-page-background-meta":{"desktop":{"background-color":"var(--ast-global-color-5)","background-image":"","background-repeat":"repeat","background-position":"center center","background-size":"auto","background-attachment":"scroll","background-type":"","background-media":"","overlay-type":"","overlay-color":"","overlay-opacity":"","overlay-gradient":""},"tablet":{"background-color":"","background-image":"","background-repeat":"repeat","background-position":"center center","background-size":"auto","background-attachment":"scroll","background-type":"","background-media":"","overlay-type":"","overlay-color":"","overlay-opacity":"","overlay-gradient":""},"mobile":{"background-color":"","background-image":"","background-repeat":"repeat","background-position":"center center","background-size":"auto","background-attachment":"scroll","background-type":"","background-media":"","overlay-type":"","overlay-color":"","overlay-opacity":"","overlay-gradient":""}},"ast-content-background-meta":{"desktop":{"background-color":"var(--ast-global-color-4)","background-image":"","background-repeat":"repeat","background-position":"center center","background-size":"auto","background-attachment":"scroll","background-type":"","background-media":"","overlay-type":"","overlay-color":"","overlay-opacity":"","overlay-gradient":""},"tablet":{"background-color":"var(--ast-global-color-4)","background-image":"","background-repeat":"repeat","background-position":"center center","background-size":"auto","background-attachment":"scroll","background-type":"","background-media":"","overlay-type":"","overlay-color":"","overlay-opacity":"","overlay-gradient":""},"mobile":{"background-color":"var(--ast-global-color-4)","background-image":"","background-repeat":"repeat","background-position":"center center","background-size":"auto","background-attachment":"scroll","background-type":"","background-media":"","overlay-type":"","overlay-color":"","overlay-opacity":"","overlay-gradient":""}},"footnotes":""},"class_list":["post-6299","page","type-page","status-publish","hentry"],"_links":{"self":[{"href":"https:\/\/www.orthorehab.ch\/de\/wp-json\/wp\/v2\/pages\/6299","targetHints":{"allow":["GET"]}}],"collection":[{"href":"https:\/\/www.orthorehab.ch\/de\/wp-json\/wp\/v2\/pages"}],"about":[{"href":"https:\/\/www.orthorehab.ch\/de\/wp-json\/wp\/v2\/types\/page"}],"author":[{"embeddable":true,"href":"https:\/\/www.orthorehab.ch\/de\/wp-json\/wp\/v2\/users\/2"}],"replies":[{"embeddable":true,"href":"https:\/\/www.orthorehab.ch\/de\/wp-json\/wp\/v2\/comments?post=6299"}],"version-history":[{"count":6,"href":"https:\/\/www.orthorehab.ch\/de\/wp-json\/wp\/v2\/pages\/6299\/revisions"}],"predecessor-version":[{"id":9108,"href":"https:\/\/www.orthorehab.ch\/de\/wp-json\/wp\/v2\/pages\/6299\/revisions\/9108"}],"wp:attachment":[{"href":"https:\/\/www.orthorehab.ch\/de\/wp-json\/wp\/v2\/media?parent=6299"}],"curies":[{"name":"wp","href":"https:\/\/api.w.org\/{rel}","templated":true}]}}