{"id":4505,"date":"2025-01-26T21:37:45","date_gmt":"2025-01-26T21:37:45","guid":{"rendered":"https:\/\/www.orthorehab.ch\/?page_id=4505"},"modified":"2025-08-07T15:39:28","modified_gmt":"2025-08-07T13:39:28","slug":"conditions-dutilisation","status":"publish","type":"page","link":"https:\/\/www.orthorehab.ch\/de\/conditions-dutilisation\/","title":{"rendered":"Nutzungsbedingungen"},"content":{"rendered":"<div data-elementor-type=\"wp-page\" data-elementor-id=\"4505\" class=\"elementor elementor-4505\" data-elementor-post-type=\"page\">\n\t\t\t\t<div class=\"elementor-element elementor-element-a1d2ab5 e-flex e-con-boxed wpr-particle-no wpr-jarallax-no wpr-parallax-no wpr-sticky-section-no wpr-equal-height-no e-con e-parent\" data-id=\"a1d2ab5\" data-element_type=\"container\" data-e-type=\"container\">\n\t\t\t\t\t<div class=\"e-con-inner\">\n\t\t\t\t<div class=\"elementor-element elementor-element-d6312af elementor-widget elementor-widget-text-editor\" data-id=\"d6312af\" data-element_type=\"widget\" data-e-type=\"widget\" data-widget_type=\"text-editor.default\">\n\t\t\t\t<div class=\"elementor-widget-container\">\n\t\t\t\t\t\t\t\t\t<p><em>Letzte Aktualisierung: 01.05.2018<\/em><\/p>\t\t\t\t\t\t\t\t<\/div>\n\t\t\t\t<\/div>\n\t\t\t\t<div class=\"elementor-element elementor-element-a02ec2a elementor-widget elementor-widget-text-editor\" data-id=\"a02ec2a\" data-element_type=\"widget\" data-e-type=\"widget\" data-widget_type=\"text-editor.default\">\n\t\t\t\t<div class=\"elementor-widget-container\">\n\t\t\t\t\t\t\t\t\t<p style=\"text-align: justify;\">Vielen Dank f\u00fcr Ihren Besuch auf unserer Website. Bevor Sie diese Website nutzen oder uns personenbezogene Daten \u00fcbermitteln, lesen Sie bitte diese Nutzungsbedingungen. Mit dem Zugriff auf oder der Nutzung dieser Website best\u00e4tigen Sie, dass Sie diese Nutzungsbedingungen gelesen, verstanden und akzeptiert haben.<br \/>Ortho&#039;R\u00e9hab SA (nachfolgend Ortho&#039;R\u00e9hab) beh\u00e4lt sich das Recht vor, den Inhalt ihrer Website und diese Nutzungsbedingungen jederzeit und nach eigenem Ermessen ganz oder teilweise zu \u00e4ndern, zu erg\u00e4nzen oder zu l\u00f6schen. \u00c4nderungen treten sofort in Kraft. Bitte pr\u00fcfen Sie diese Nutzungsbedingungen regelm\u00e4\u00dfig auf Aktualisierungen. Durch die weitere Nutzung der Website nach Ver\u00f6ffentlichung von \u00c4nderungen dieser Nutzungsbedingungen erkl\u00e4ren Sie sich stillschweigend mit diesen \u00c4nderungen einverstanden.<\/p>\t\t\t\t\t\t\t\t<\/div>\n\t\t\t\t<\/div>\n\t\t\t\t<div class=\"elementor-element elementor-element-a457a80 elementor-widget elementor-widget-heading\" data-id=\"a457a80\" data-element_type=\"widget\" data-e-type=\"widget\" data-widget_type=\"heading.default\">\n\t\t\t\t<div class=\"elementor-widget-container\">\n\t\t\t\t\t<h3 class=\"elementor-heading-title elementor-size-default\">1. Kontakt\n<\/h3>\t\t\t\t<\/div>\n\t\t\t\t<\/div>\n\t\t\t\t<div class=\"elementor-element elementor-element-2d44260 elementor-widget elementor-widget-text-editor\" data-id=\"2d44260\" data-element_type=\"widget\" data-e-type=\"widget\" data-widget_type=\"text-editor.default\">\n\t\t\t\t<div class=\"elementor-widget-container\">\n\t\t\t\t\t\t\t\t\t<p>Ortho&#039;r\u00e9hab SA<br \/>In Timonet d&#039;en Bas 42<br \/>1033 Cheseaux-sur-Lausanne<br \/>Schweizer<br \/>T: <span style=\"color: #68b445;\"><a style=\"color: #68b445;\" href=\"tel:+41217317220\" target=\"_blank\" rel=\"noopener\">+41 (0) 21 731 72 20<\/a><\/span><\/p><p>F\u00fcr weitere Informationen zu dieser Website oder deren Inhalten kontaktieren Sie bitte: <span style=\"color: #68b445;\"><a style=\"color: #68b445;\" href=\"mailto:info@orthorehab.ch\" target=\"_blank\" rel=\"noopener\">info@orthorehab.ch<\/a><\/span><\/p>\t\t\t\t\t\t\t\t<\/div>\n\t\t\t\t<\/div>\n\t\t\t\t<div class=\"elementor-element elementor-element-2c3deec elementor-widget elementor-widget-heading\" data-id=\"2c3deec\" data-element_type=\"widget\" data-e-type=\"widget\" data-widget_type=\"heading.default\">\n\t\t\t\t<div class=\"elementor-widget-container\">\n\t\t\t\t\t<h3 class=\"elementor-heading-title elementor-size-default\">2. Urheberrecht<\/h3>\t\t\t\t<\/div>\n\t\t\t\t<\/div>\n\t\t\t\t<div class=\"elementor-element elementor-element-e7c23f8 elementor-widget elementor-widget-text-editor\" data-id=\"e7c23f8\" data-element_type=\"widget\" data-e-type=\"widget\" data-widget_type=\"text-editor.default\">\n\t\t\t\t<div class=\"elementor-widget-container\">\n\t\t\t\t\t\t\t\t\t<p style=\"text-align: justify;\">Alle Inhalte dieser Website sind urheberrechtlich gesch\u00fctzt. Texte, Bilder, Grafiken, T\u00f6ne, Diagramme, Animationen und Videos unterliegen dem Urheberrecht. Alle Rechte vorbehalten. Die Inhalte dieser Website d\u00fcrfen ohne vorherige schriftliche Genehmigung von Ortho&#039;r\u00e9hab weder ganz noch teilweise f\u00fcr kommerzielle Zwecke vervielf\u00e4ltigt, gedruckt, heruntergeladen, aufgezeichnet, verbreitet oder gespeichert werden.<br \/>Es ist gestattet, bestimmte Seiten der Website f\u00fcr rein pers\u00f6nliche Zwecke zu reproduzieren, auszudrucken, herunterzuladen, zu speichern oder aufzubewahren, vorausgesetzt, dass keine Urheberrechtshinweise oder andere rechtlich gesch\u00fctzte Kennzeichnungen entfernt werden.<\/p>\t\t\t\t\t\t\t\t<\/div>\n\t\t\t\t<\/div>\n\t\t\t\t<div class=\"elementor-element elementor-element-a1753a2 elementor-widget elementor-widget-heading\" data-id=\"a1753a2\" data-element_type=\"widget\" data-e-type=\"widget\" data-widget_type=\"heading.default\">\n\t\t\t\t<div class=\"elementor-widget-container\">\n\t\t\t\t\t<h3 class=\"elementor-heading-title elementor-size-default\">3. Marken<\/h3>\t\t\t\t<\/div>\n\t\t\t\t<\/div>\n\t\t\t\t<div class=\"elementor-element elementor-element-420077c elementor-widget elementor-widget-text-editor\" data-id=\"420077c\" data-element_type=\"widget\" data-e-type=\"widget\" data-widget_type=\"text-editor.default\">\n\t\t\t\t<div class=\"elementor-widget-container\">\n\t\t\t\t\t\t\t\t\t<p style=\"text-align: justify;\">Der Name \u00abOrtho\u2019r\u00e9hab SA\u00bb ist eine im Handelsregister des Kantons Waadt in der Schweiz eingetragene Marke und wettbewerbsrechtlich gesch\u00fctzt. Die Verwendung dieses Namens ohne vorherige schriftliche Genehmigung von Ortho\u2019r\u00e9hab oder eines ihrer verbundenen Unternehmen ist strengstens untersagt.<br \/>Der Name \u00abOrtho\u2019r\u00e9hab\u00bb, das Ortho\u2019r\u00e9hab-Logo und die Slogans sind eingetragene Marken und markenrechtlich gesch\u00fctzt. Die Verwendung dieser Marken ohne vorherige schriftliche Genehmigung von Ortho\u2019r\u00e9hab ist strengstens untersagt.<\/p>\t\t\t\t\t\t\t\t<\/div>\n\t\t\t\t<\/div>\n\t\t\t\t<div class=\"elementor-element elementor-element-8e469f4 elementor-widget elementor-widget-heading\" data-id=\"8e469f4\" data-element_type=\"widget\" data-e-type=\"widget\" data-widget_type=\"heading.default\">\n\t\t\t\t<div class=\"elementor-widget-container\">\n\t\t\t\t\t<h3 class=\"elementor-heading-title elementor-size-default\">4. Genauigkeit der Informationen<\/h3>\t\t\t\t<\/div>\n\t\t\t\t<\/div>\n\t\t\t\t<div class=\"elementor-element elementor-element-e054204 elementor-widget elementor-widget-text-editor\" data-id=\"e054204\" data-element_type=\"widget\" data-e-type=\"widget\" data-widget_type=\"text-editor.default\">\n\t\t\t\t<div class=\"elementor-widget-container\">\n\t\t\t\t\t\t\t\t\t<p style=\"text-align: justify;\">Die auf dieser Website bereitgestellten Informationen stellen weder ein Angebot noch den Abschluss eines Rechtsgesch\u00e4fts dar. Alle Daten zu Ortho&#039;r\u00e9hab-Produkten dienen ausschlie\u00dflich Informationszwecken. Website-Nutzer k\u00f6nnen daraus keinerlei Rechte ableiten.<br \/>Ortho&#039;r\u00e9hab ist stets bem\u00fcht, die Informationen auf dieser Website aktuell und schnellstm\u00f6glich zu aktualisieren. Dennoch \u00fcbernimmt Ortho&#039;r\u00e9hab keine Verantwortung oder Gew\u00e4hr f\u00fcr die Verf\u00fcgbarkeit, Richtigkeit, Aktualit\u00e4t oder Vollst\u00e4ndigkeit der Website, ihrer Informationen oder Inhalte.<br \/>Ortho&#039;r\u00e9hab \u00fcbernimmt keinerlei Haftung f\u00fcr Verluste oder Sch\u00e4den jeglicher Art, die durch den Zugriff auf oder die Nutzung dieser Website oder durch Links zu Websites Dritter entstehen. Der Besuch dieser Website und die Nutzung der darin enthaltenen Informationen erfolgen auf eigenes Risiko.<br \/>Jegliche Haftung ist ausgeschlossen f\u00fcr entgangenen Gewinn, jegliche Internetfehler (einschlie\u00dflich, aber nicht beschr\u00e4nkt auf Betriebsunterbrechungen, St\u00f6rungen, Viren, sch\u00e4dliche Komponenten und terroristische Handlungen), Missbrauch durch Dritte (einschlie\u00dflich, aber nicht beschr\u00e4nkt auf Datenzugriff, Kopieren usw.) oder Verlust von Programmen oder anderen Daten auf Ihren Computersystemen. Diese Haftungsausschl\u00fcsse gelten auch dann, wenn die Website auf das Risiko solcher Sch\u00e4den hinweist.<br \/>Ortho&#039;r\u00e9hab \u00fcbernimmt keine Gew\u00e4hr daf\u00fcr, dass die Nutzung von Elementen dieser Website keine Rechte Dritter verletzt.<\/p>\t\t\t\t\t\t\t\t<\/div>\n\t\t\t\t<\/div>\n\t\t\t\t<div class=\"elementor-element elementor-element-18c359c elementor-widget elementor-widget-heading\" data-id=\"18c359c\" data-element_type=\"widget\" data-e-type=\"widget\" data-widget_type=\"heading.default\">\n\t\t\t\t<div class=\"elementor-widget-container\">\n\t\t\t\t\t<h3 class=\"elementor-heading-title elementor-size-default\">5. Links zu anderen Websites\n<\/h3>\t\t\t\t<\/div>\n\t\t\t\t<\/div>\n\t\t\t\t<div class=\"elementor-element elementor-element-65635a4 elementor-widget elementor-widget-text-editor\" data-id=\"65635a4\" data-element_type=\"widget\" data-e-type=\"widget\" data-widget_type=\"text-editor.default\">\n\t\t\t\t<div class=\"elementor-widget-container\">\n\t\t\t\t\t\t\t\t\t<p style=\"text-align: justify;\">Einige Links auf der Ortho&#039;r\u00e9hab-Website f\u00fchren zu externen Websites, auf die Ortho&#039;r\u00e9hab keinen Einfluss hat. Daher \u00fcbernimmt Ortho&#039;r\u00e9hab keine Verantwortung f\u00fcr die Aktualit\u00e4t, Vollst\u00e4ndigkeit, Richtigkeit oder Rechtm\u00e4\u00dfigkeit der Inhalte dieser verlinkten Seiten oder f\u00fcr dort angebotene Produkte, Angebote oder Dienstleistungen. Ortho&#039;r\u00e9hab haftet auch nicht f\u00fcr Sch\u00e4den, die durch die Nutzung dieser Links entstehen. Die Nutzung verlinkter Websites erfolgt auf eigenes Risiko. Ortho&#039;r\u00e9hab ist stets bem\u00fcht, die Informationen auf dieser Website so schnell wie m\u00f6glich zu aktualisieren. Dennoch \u00fcbernimmt Ortho&#039;r\u00e9hab keine Verantwortung oder Garantie f\u00fcr die Verf\u00fcgbarkeit, Richtigkeit, Aktualit\u00e4t oder Vollst\u00e4ndigkeit der Website, ihrer Informationen oder ihrer Inhalte.<br \/>Ortho&#039;r\u00e9hab \u00fcbernimmt keinerlei Haftung f\u00fcr Verluste oder Sch\u00e4den jeglicher Art, die durch den Zugriff auf oder die Nutzung dieser Website oder durch Links zu Websites Dritter entstehen. Der Besuch dieser Website und die Nutzung der darin enthaltenen Informationen erfolgen auf eigenes Risiko.<br \/>Jegliche Haftung ist ausgeschlossen f\u00fcr entgangenen Gewinn, jegliche Internetfehler (einschlie\u00dflich, aber nicht beschr\u00e4nkt auf Betriebsunterbrechungen, St\u00f6rungen, Viren, sch\u00e4dliche Komponenten und terroristische Handlungen), Missbrauch durch Dritte (einschlie\u00dflich, aber nicht beschr\u00e4nkt auf Datenzugriff, Kopieren usw.) oder Verlust von Programmen oder anderen Daten auf Ihren Computersystemen. Diese Haftungsausschl\u00fcsse gelten auch dann, wenn die Website auf das Risiko solcher Sch\u00e4den hinweist.<br \/>Ortho&#039;r\u00e9hab \u00fcbernimmt keine Gew\u00e4hr daf\u00fcr, dass die Nutzung von Elementen dieser Website keine Rechte Dritter verletzt.<\/p>\t\t\t\t\t\t\t\t<\/div>\n\t\t\t\t<\/div>\n\t\t\t\t<div class=\"elementor-element elementor-element-1be36cb elementor-widget elementor-widget-heading\" data-id=\"1be36cb\" data-element_type=\"widget\" data-e-type=\"widget\" data-widget_type=\"heading.default\">\n\t\t\t\t<div class=\"elementor-widget-container\">\n\t\t\t\t\t<h3 class=\"elementor-heading-title elementor-size-default\">6. Datenschutz\n<\/h3>\t\t\t\t<\/div>\n\t\t\t\t<\/div>\n\t\t\t\t<div class=\"elementor-element elementor-element-9995211 elementor-widget elementor-widget-text-editor\" data-id=\"9995211\" data-element_type=\"widget\" data-e-type=\"widget\" data-widget_type=\"text-editor.default\">\n\t\t\t\t<div class=\"elementor-widget-container\">\n\t\t\t\t\t\t\t\t\t<p style=\"text-align: justify;\">Ortho&#039;r\u00e9hab verpflichtet sich, die Privatsph\u00e4re und den Datenschutz seiner Website-Nutzer zu respektieren. Daher stellt das Unternehmen sicher, dass die Erhebung und Verarbeitung Ihrer personenbezogenen Daten dem Bundesdatenschutzgesetz entspricht.<br \/>Ortho&#039;r\u00e9hab erhebt (insbesondere mithilfe von Cookies oder Web Beacons) Daten zum Website-Traffic (einschlie\u00dflich der IP-Adresse des Nutzers), die f\u00fcr statistische Zwecke, Sicherheitsma\u00dfnahmen, System\u00fcberwachung, Verwaltung, Marketing sowie zur Einhaltung gesetzlicher und regulatorischer Bestimmungen verwendet werden. Diese Daten sind anonym. Ortho&#039;r\u00e9hab erhebt personenbezogene Daten nur dann, wenn Sie diese freiwillig angeben, beispielsweise bei einer Bestellung. In diesem Fall verwendet Ortho&#039;r\u00e9hab diese Daten ausschlie\u00dflich f\u00fcr den zum Zeitpunkt der Erhebung angegebenen Zweck, beispielsweise zur Abwicklung Ihrer Bestellung.<br \/>Die personenbezogenen Daten des Kunden werden durch geeignete organisatorische und technische Ma\u00dfnahmen vor unbefugter Verarbeitung gesch\u00fctzt. Es bestehen angemessene Sicherheitsvorkehrungen, um zu verhindern, dass unbefugte Dritte auf diese Informationen zugreifen.<br \/>Ortho&#039;r\u00e9hab kann unter bestimmten Umst\u00e4nden, beispielsweise aufgrund gesetzlicher Bestimmungen, beh\u00f6rdlicher oder gerichtlicher Entscheidungen oder mit Ihrer Einwilligung, verpflichtet sein, Ihre personenbezogenen Daten an Dritte weiterzugeben.<\/p>\t\t\t\t\t\t\t\t<\/div>\n\t\t\t\t<\/div>\n\t\t\t\t<div class=\"elementor-element elementor-element-6925674 elementor-widget elementor-widget-heading\" data-id=\"6925674\" data-element_type=\"widget\" data-e-type=\"widget\" data-widget_type=\"heading.default\">\n\t\t\t\t<div class=\"elementor-widget-container\">\n\t\t\t\t\t<h3 class=\"elementor-heading-title elementor-size-default\">7. Anwendbares Recht und Gerichtsstand\n<\/h3>\t\t\t\t<\/div>\n\t\t\t\t<\/div>\n\t\t\t\t<div class=\"elementor-element elementor-element-46b263b elementor-widget elementor-widget-text-editor\" data-id=\"46b263b\" data-element_type=\"widget\" data-e-type=\"widget\" data-widget_type=\"text-editor.default\">\n\t\t\t\t<div class=\"elementor-widget-container\">\n\t\t\t\t\t\t\t\t\t<p style=\"text-align: justify;\">Diese Nutzungsbedingungen unterliegen schweizerischem Recht und sind nach diesem auszulegen. F\u00fcr alle Streitigkeiten, die sich aus der Nutzung dieser Website ergeben, sind ausschlie\u00dflich die Schweizer Gerichte am Sitz von Ortho&#039;r\u00e9hab zust\u00e4ndig. Sie verzichten ausdr\u00fccklich auf jeden anderen Gerichtsstand, insbesondere auf den Gerichtsstand Ihres Wohnsitzes oder Firmensitzes.<br \/>Ortho&#039;r\u00e9hab SA<\/p>\t\t\t\t\t\t\t\t<\/div>\n\t\t\t\t<\/div>\n\t\t\t\t\t<\/div>\n\t\t\t\t<\/div>\n\t\t\t\t<\/div>","protected":false},"excerpt":{"rendered":"<p>Derni\u00e8re mise \u00e0 jour le 01.05.2018 Nous vous remercions de consulter notre site Internet. Avant d\u2019utiliser ce site ou de nous communiquer des donn\u00e9es personnelles, nous vous invitons \u00e0 prendre connaissance des pr\u00e9sentes conditions d\u2019utilisation. En acc\u00e9dant \u00e0 ce site Internet ou en l\u2019utilisant, vous reconnaissez avoir lu, compris et accept\u00e9 les pr\u00e9sentes conditions d\u2019utilisation.La soci\u00e9t\u00e9 Ortho\u2019R\u00e9hab SA (ci-apr\u00e8s Ortho\u2019R\u00e9hab) se r\u00e9serve le droit de modifier, compl\u00e9ter ou supprimer tout ou partie du contenu de son site Internet et des pr\u00e9sentes conditions d\u2019utilisation, et ce, \u00e0 tout moment et selon sa libre appr\u00e9ciation. Les \u00e9ventuelles modifications entrent en vigueur avec effet imm\u00e9diat. Veuillez v\u00e9rifier r\u00e9guli\u00e8rement si les pr\u00e9sentes conditions ont \u00e9t\u00e9 chang\u00e9es. Si vous continuez \u00e0 utiliser le site Internet apr\u00e8s la publication de modifications des pr\u00e9sentes conditions, vous acceptez tacitement les modifications en question. 1. Contact Ortho\u2019r\u00e9hab SAAu Timonet d&#8217;en Bas 421033 Cheseaux-sur-LausanneSuisseT: +41 (0) 21 731 72 20 Pour toute information sur ce site ou son contenu, veuillez contacter : info@orthorehab.ch 2. Copyright Tout le contenu du site est prot\u00e9g\u00e9 par le copyright de Ortho\u2019r\u00e9hab. Les textes, images, graphiques, sons, sch\u00e9mas, animations et vid\u00e9os contenus sur le site sont prot\u00e9g\u00e9s par la l\u00e9gislation en mati\u00e8re de propri\u00e9t\u00e9 intellectuelle. Tous les droits sont r\u00e9serv\u00e9s. Le contenu du site ne peut \u00eatre reproduit, imprim\u00e9, t\u00e9l\u00e9charg\u00e9, enregistr\u00e9, distribu\u00e9 ou conserv\u00e9 enti\u00e8rement ou partiellement \u00e0 des fins commerciales sans l\u2019accord \u00e9crit pr\u00e9alable de Ortho\u2019r\u00e9hab.Il est permis de reproduire, d\u2019imprimer, de t\u00e9l\u00e9charger, d\u2019enregistrer ou de conserver certaines pages du site \u00e0 des fins strictement personnelles, \u00e0 condition de ne supprimer ni des mentions de copyright, ni d\u2019autres d\u00e9signations l\u00e9galement prot\u00e9g\u00e9es. 3. Marques Le nom \u00ab Ortho\u2019r\u00e9hab SA \u00bb est une raison sociale inscrite au registre du commerce du canton de Vaud en Suisse et prot\u00e9g\u00e9 par la l\u00e9gislation sur la concurrence d\u00e9loyale. L\u2019utilisation de ce nom, sans l\u2019autorisation pr\u00e9alable \u00e9crite de Ortho\u2019r\u00e9hab ou de l\u2019une de ses soci\u00e9t\u00e9s affili\u00e9es, est formellement interdite.La d\u00e9nomination \u00ab Ortho\u2019r\u00e9hab \u00bb, le logo et les slogans de Ortho\u2019r\u00e9hab sont des marques d\u00e9pos\u00e9es et prot\u00e9g\u00e9es par la l\u00e9gislation sur le droit des marques. L\u2019utilisation de ces marques, sans l\u2019autorisation pr\u00e9alable \u00e9crite de Ortho\u2019r\u00e9hab, est formellement interdite. 4. Exactitude des informations Les informations fournies sur le site Internet ne constituent ni une offre, ni la conclusion d\u2019un acte juridique quel qu\u2019il soit. Il en r\u00e9sulte que toutes les donn\u00e9es ayant trait aux produits de Ortho\u2019r\u00e9hab ne sont fournies qu\u2019\u00e0 titre indicatif et pour information. Les utilisateurs du site Internet ne peuvent en d\u00e9duire aucun droit.Ortho\u2019r\u00e9hab met tout en \u0153uvre pour que les informations qui figurent sur le pr\u00e9sent site soient actualis\u00e9es et mises \u00e0 jour dans les meilleurs d\u00e9lais. Ortho\u2019r\u00e9hab n\u2019assume aucune responsabilit\u00e9 et\/ou garantie concernant la disponibilit\u00e9, la pr\u00e9cision, l\u2019actualit\u00e9 ou l\u2019exhaustivit\u00e9 du site Internet, de ses informations ou de son contenu.Ortho\u2019r\u00e9hab d\u00e9cline toute responsabilit\u00e9 en cas de perte ou de dommage, quels qu\u2019ils soient, caus\u00e9 par l\u2019acc\u00e8s ou l\u2019utilisation du site Internet ou par des liens vers des sites Internet de tiers. La visite du site Internet ainsi que l\u2019utilisation des informations qui y sont contenues sont sous la propre responsabilit\u00e9 de l\u2019utilisateur du site.Toute responsabilit\u00e9 est \u00e9galement exclue en cas de manque \u00e0 gagner, d\u2019erreur d\u2019Internet quelle qu\u2019elle soit (notamment interruption de l\u2019exploitation, dysfonctionnements, virus, composants dommageables, actes terroristes), d\u2019abus par des tiers (notamment consultation de donn\u00e9es, copies, etc.) ou de perte de programmes ou d\u2019autres donn\u00e9es dans vos syst\u00e8mes informatiques. Ces exclusions s\u2019appliquent m\u00eame pour le cas o\u00f9 le site Internet attirerait l\u2019attention sur le risque de tels dommages.Ortho\u2019r\u00e9hab ne garantit pas que votre utilisation d\u2019un \u00e9l\u00e9ment pr\u00e9sent\u00e9 sur le site ne l\u00e8se aucun droit de tiers. 5. Liens vers d\u2019autres sites Internet Certains liens du site Internet de Ortho\u2019r\u00e9hab permettent d\u2019acc\u00e9der \u00e0 des sites Internet de tiers sur lesquels elle n\u2019a aucune influence. Elle n\u2019assume d\u00e8s lors aucune responsabilit\u00e9 quant \u00e0 l\u2019actualit\u00e9, l\u2019int\u00e9gralit\u00e9, l\u2019exhaustivit\u00e9 et la l\u00e9galit\u00e9 des contenus des liens avec d\u2019autres sites qui y figurent ou aux \u00e9ventuels produits, offres et prestations qui y sont pr\u00e9sent\u00e9s. Ortho\u2019r\u00e9hab n\u2019assume \u00e9galement aucune responsabilit\u00e9 pour tout dommage r\u00e9sultant de l\u2019utilisation de l\u2019un de ces liens. L\u2019utilisation de sites Internet accessibles par des liens s\u2019effectue sous la propre responsabilit\u00e9 de l\u2019utilisateur du site.Ortho\u2019r\u00e9hab met tout en \u0153uvre pour que les informations qui figurent sur le pr\u00e9sent site soient actualis\u00e9es et mises \u00e0 jour dans les meilleurs d\u00e9lais. Ortho\u2019r\u00e9hab n\u2019assume aucune responsabilit\u00e9 et\/ou garantie concernant la disponibilit\u00e9, la pr\u00e9cision, l\u2019actualit\u00e9 ou l\u2019exhaustivit\u00e9 du site Internet, de ses informations ou de son contenu.Ortho\u2019r\u00e9hab d\u00e9cline toute responsabilit\u00e9 en cas de perte ou de dommage, quels qu\u2019ils soient, caus\u00e9 par l\u2019acc\u00e8s ou l\u2019utilisation du site Internet ou par des liens vers des sites Internet de tiers. La visite du site Internet ainsi que l\u2019utilisation des informations qui y sont contenues sont sous la propre responsabilit\u00e9 de l\u2019utilisateur du site.Toute responsabilit\u00e9 est \u00e9galement exclue en cas de manque \u00e0 gagner, d\u2019erreur d\u2019Internet quelle qu\u2019elle soit (notamment interruption de l\u2019exploitation, dysfonctionnements, virus, composants dommageables, actes terroristes), d\u2019abus par des tiers (notamment consultation de donn\u00e9es, copies, etc.) ou de perte de programmes ou d\u2019autres donn\u00e9es dans vos syst\u00e8mes informatiques. Ces exclusions s\u2019appliquent m\u00eame pour le cas o\u00f9 le site Internet attirerait l\u2019attention sur le risque de tels dommages.Ortho\u2019r\u00e9hab ne garantit pas que votre utilisation d\u2019un \u00e9l\u00e9ment pr\u00e9sent\u00e9 sur le site ne l\u00e8se aucun droit de tiers. 6. Protection des donn\u00e9es Ortho\u2019r\u00e9hab a pour principe de respecter la protection de la vie priv\u00e9e et la protection des donn\u00e9es des utilisateurs du site. \u2028En cons\u00e9quence, elle s\u2019assure que la collecte et le traitement de vos donn\u00e9es personnelles le soient conform\u00e9ment \u00e0 la Loi f\u00e9d\u00e9rale sur la protection des donn\u00e9es.Ortho\u2019r\u00e9hab collecte (notamment par le biais de \u201ccookies\u201d ou de \u201cInternet bugs\u201d) des donn\u00e9es li\u00e9es \u00e0 la fr\u00e9quentation du site (y compris l\u2019adresse IP de l\u2019Utilisateur), qui sont utilis\u00e9es \u00e0 des fins statistiques, de s\u00e9curit\u00e9, de surveillance du syst\u00e8me, de gestion, de marketing et de respect des obligations l\u00e9gales et r\u00e9glementaires. Ces donn\u00e9es sont anonymes. Ortho\u2019r\u00e9hab ne collecte les donn\u00e9es susceptibles de vous identifier personnellement que lorsque<\/p>","protected":false},"author":2,"featured_media":0,"parent":0,"menu_order":0,"comment_status":"closed","ping_status":"closed","template":"","meta":{"site-sidebar-layout":"default","site-content-layout":"","ast-site-content-layout":"default","site-content-style":"default","site-sidebar-style":"default","ast-global-header-display":"","ast-banner-title-visibility":"","ast-main-header-display":"","ast-hfb-above-header-display":"","ast-hfb-below-header-display":"","ast-hfb-mobile-header-display":"","site-post-title":"","ast-breadcrumbs-content":"","ast-featured-img":"","footer-sml-layout":"","ast-disable-related-posts":"","theme-transparent-header-meta":"","adv-header-id-meta":"","stick-header-meta":"","header-above-stick-meta":"","header-main-stick-meta":"","header-below-stick-meta":"","astra-migrate-meta-layouts":"default","ast-page-background-enabled":"default","ast-page-background-meta":{"desktop":{"background-color":"var(--ast-global-color-5)","background-image":"","background-repeat":"repeat","background-position":"center center","background-size":"auto","background-attachment":"scroll","background-type":"","background-media":"","overlay-type":"","overlay-color":"","overlay-opacity":"","overlay-gradient":""},"tablet":{"background-color":"","background-image":"","background-repeat":"repeat","background-position":"center center","background-size":"auto","background-attachment":"scroll","background-type":"","background-media":"","overlay-type":"","overlay-color":"","overlay-opacity":"","overlay-gradient":""},"mobile":{"background-color":"","background-image":"","background-repeat":"repeat","background-position":"center center","background-size":"auto","background-attachment":"scroll","background-type":"","background-media":"","overlay-type":"","overlay-color":"","overlay-opacity":"","overlay-gradient":""}},"ast-content-background-meta":{"desktop":{"background-color":"var(--ast-global-color-4)","background-image":"","background-repeat":"repeat","background-position":"center center","background-size":"auto","background-attachment":"scroll","background-type":"","background-media":"","overlay-type":"","overlay-color":"","overlay-opacity":"","overlay-gradient":""},"tablet":{"background-color":"var(--ast-global-color-4)","background-image":"","background-repeat":"repeat","background-position":"center center","background-size":"auto","background-attachment":"scroll","background-type":"","background-media":"","overlay-type":"","overlay-color":"","overlay-opacity":"","overlay-gradient":""},"mobile":{"background-color":"var(--ast-global-color-4)","background-image":"","background-repeat":"repeat","background-position":"center center","background-size":"auto","background-attachment":"scroll","background-type":"","background-media":"","overlay-type":"","overlay-color":"","overlay-opacity":"","overlay-gradient":""}},"footnotes":""},"class_list":["post-4505","page","type-page","status-publish","hentry"],"_links":{"self":[{"href":"https:\/\/www.orthorehab.ch\/de\/wp-json\/wp\/v2\/pages\/4505","targetHints":{"allow":["GET"]}}],"collection":[{"href":"https:\/\/www.orthorehab.ch\/de\/wp-json\/wp\/v2\/pages"}],"about":[{"href":"https:\/\/www.orthorehab.ch\/de\/wp-json\/wp\/v2\/types\/page"}],"author":[{"embeddable":true,"href":"https:\/\/www.orthorehab.ch\/de\/wp-json\/wp\/v2\/users\/2"}],"replies":[{"embeddable":true,"href":"https:\/\/www.orthorehab.ch\/de\/wp-json\/wp\/v2\/comments?post=4505"}],"version-history":[{"count":0,"href":"https:\/\/www.orthorehab.ch\/de\/wp-json\/wp\/v2\/pages\/4505\/revisions"}],"wp:attachment":[{"href":"https:\/\/www.orthorehab.ch\/de\/wp-json\/wp\/v2\/media?parent=4505"}],"curies":[{"name":"wp","href":"https:\/\/api.w.org\/{rel}","templated":true}]}}